{"id":2259,"date":"2021-11-30T09:14:31","date_gmt":"2021-11-30T09:14:31","guid":{"rendered":"http:\/\/lenablau.com\/?page_id=2259"},"modified":"2023-12-04T13:37:49","modified_gmt":"2023-12-04T13:37:49","slug":"regalo-i-tuit-you","status":"publish","type":"page","link":"https:\/\/lenablau.com\/?page_id=2259","title":{"rendered":"Oferta \u00abI Tuit You\u00bb"},"content":{"rendered":"<h6 style=\"text-align: center;\"><strong>\u00bfQuieres recibir esta novela en papel, dedicada con todo el cari\u00f1o por su autora?<\/strong><\/h6>\n<p><img data-attachment-id=\"2262\" data-permalink=\"https:\/\/lenablau.com\/?attachment_id=2262\" data-orig-file=\"https:\/\/i1.wp.com\/lenablau.com\/wp-content\/uploads\/2021\/11\/IMG_7512-1.jpg?fit=1512%2C2016&amp;ssl=1\" data-orig-size=\"1512,2016\" data-comments-opened=\"1\" data-image-meta=\"{&quot;aperture&quot;:&quot;2.4&quot;,&quot;credit&quot;:&quot;&quot;,&quot;camera&quot;:&quot;iPhone X&quot;,&quot;caption&quot;:&quot;&quot;,&quot;created_timestamp&quot;:&quot;1637849301&quot;,&quot;copyright&quot;:&quot;&quot;,&quot;focal_length&quot;:&quot;6&quot;,&quot;iso&quot;:&quot;16&quot;,&quot;shutter_speed&quot;:&quot;0.0061349693251534&quot;,&quot;title&quot;:&quot;&quot;,&quot;orientation&quot;:&quot;1&quot;}\" data-image-title=\"IMG_7512\" data-image-description=\"\" data-image-caption=\"\" data-medium-file=\"https:\/\/i1.wp.com\/lenablau.com\/wp-content\/uploads\/2021\/11\/IMG_7512-1.jpg?fit=225%2C300&amp;ssl=1\" data-large-file=\"https:\/\/i1.wp.com\/lenablau.com\/wp-content\/uploads\/2021\/11\/IMG_7512-1.jpg?fit=768%2C1024&amp;ssl=1\" loading=\"lazy\" class=\"aligncenter wp-image-2262\" src=\"https:\/\/i1.wp.com\/lenablau.com\/wp-content\/uploads\/2021\/11\/IMG_7512-1.jpg?resize=466%2C597\" alt=\"\" width=\"466\" height=\"597\" srcset=\"https:\/\/i1.wp.com\/lenablau.com\/wp-content\/uploads\/2021\/11\/IMG_7512-1.jpg?zoom=2&amp;resize=466%2C597 932w, https:\/\/i1.wp.com\/lenablau.com\/wp-content\/uploads\/2021\/11\/IMG_7512-1.jpg?zoom=3&amp;resize=466%2C597 1398w\" sizes=\"(max-width: 466px) 100vw, 466px\" data-recalc-dims=\"1\" \/><\/p>\n<p style=\"text-align: left;\">Ahora puedes pedirme <strong><em>I Tuit You<\/em><\/strong> en tapa blanda y dedicado personalmente. Es un regalo que os quiero hacer a todos los que no hab\u00e9is le\u00eddo a\u00fan esta historia o sois fans de Olivia y Adri\u00e1n y quer\u00e9is que alguien m\u00e1s los descubra. \u00a1Es la excusa perfecta para darte un capricho o para hacer un regalo a alguien especial!<\/p>\n<p style=\"text-align: left;\">El precio para recibirlo es de <strong>16,80 \u20ac <\/strong>(incluye el coste del env\u00edo y los gastos de preparaci\u00f3n).<\/p>\n<p style=\"text-align: left;\">Si te interesa:<\/p>\n<div role=\"form\" class=\"wpcf7\" id=\"wpcf7-f2285-o1\" lang=\"es-ES\" dir=\"ltr\">\n<div class=\"screen-reader-response\"><p role=\"status\" aria-live=\"polite\" aria-atomic=\"true\"><\/p> <ul><\/ul><\/div>\n<form action=\"\/index.php?rest_route=%2Fwp%2Fv2%2Fpages%2F2259#wpcf7-f2285-o1\" method=\"post\" class=\"wpcf7-form init\" novalidate=\"novalidate\" data-status=\"init\">\n<div style=\"display: none;\">\n<input type=\"hidden\" name=\"_wpcf7\" value=\"2285\" \/>\n<input type=\"hidden\" name=\"_wpcf7_version\" value=\"5.5.3\" \/>\n<input type=\"hidden\" name=\"_wpcf7_locale\" value=\"es_ES\" \/>\n<input type=\"hidden\" name=\"_wpcf7_unit_tag\" value=\"wpcf7-f2285-o1\" \/>\n<input type=\"hidden\" name=\"_wpcf7_container_post\" value=\"0\" \/>\n<input type=\"hidden\" name=\"_wpcf7_posted_data_hash\" value=\"\" \/>\n<\/div>\n<p><label> Nombre y apellidos<br \/>\n    <span class=\"wpcf7-form-control-wrap your-name\"><input type=\"text\" name=\"your-name\" value=\"\" size=\"40\" class=\"wpcf7-form-control wpcf7-text wpcf7-validates-as-required\" aria-required=\"true\" aria-invalid=\"false\" \/><\/span> <\/label><\/p>\n<p><label> Direcci\u00f3n de env\u00edo completa (incluir C\u00f3digo Postal)<br \/>\n<span class=\"wpcf7-form-control-wrap direccion\"><input type=\"text\" name=\"direccion\" value=\"\" size=\"40\" class=\"wpcf7-form-control wpcf7-text wpcf7-validates-as-required\" aria-required=\"true\" aria-invalid=\"false\" \/><\/span> <\/label><\/p>\n<p><label> Email<br \/>\n    <span class=\"wpcf7-form-control-wrap your-email\"><input type=\"email\" name=\"your-email\" value=\"\" size=\"40\" class=\"wpcf7-form-control wpcf7-text wpcf7-email wpcf7-validates-as-required wpcf7-validates-as-email\" aria-required=\"true\" aria-invalid=\"false\" \/><\/span> <\/label><\/p>\n<p><label> Tel\u00e9fono<br \/>\n<span class=\"wpcf7-form-control-wrap telefono\"><input type=\"tel\" name=\"telefono\" value=\"\" size=\"40\" class=\"wpcf7-form-control wpcf7-text wpcf7-tel wpcf7-validates-as-required wpcf7-validates-as-tel\" aria-required=\"true\" aria-invalid=\"false\" \/><\/span> <\/label><\/p>\n<p><label> \u00bfCu\u00e1ntos ejemplares quieres?<br \/>\n<span class=\"wpcf7-form-control-wrap ejemplares\"><select name=\"ejemplares\" class=\"wpcf7-form-control wpcf7-select wpcf7-validates-as-required\" aria-required=\"true\" aria-invalid=\"false\"><option value=\"1\">1<\/option><option value=\"2\">2<\/option><option value=\"3\">3<\/option><option value=\"4\">4<\/option><\/select><\/span> <\/label><\/p>\n<p><label> \u00bfA nombre de qui\u00e9n va a ir dedicado el libro?<br \/>\n   <span class=\"wpcf7-form-control-wrap dedicatoria\"><input type=\"text\" name=\"dedicatoria\" value=\"\" size=\"40\" class=\"wpcf7-form-control wpcf7-text\" aria-invalid=\"false\" \/><\/span><\/label><\/p>\n<p><label> \u00bfQuieres comentarme algo m\u00e1s?<br \/>\n<span class=\"wpcf7-form-control-wrap comentario\"><textarea name=\"comentario\" cols=\"40\" rows=\"10\" class=\"wpcf7-form-control wpcf7-textarea\" aria-invalid=\"false\"><\/textarea><\/span> <\/label><\/p>\n<p><input type=\"submit\" value=\"Quiero el libro dedicado por la autora\" class=\"wpcf7-form-control has-spinner wpcf7-submit\" \/><\/p>\n<div class=\"wpcf7-response-output\" aria-hidden=\"true\"><\/div><\/form><\/div>\n<p>&nbsp;<\/p>\n<p>*El env\u00edo se realizar\u00e1 por Correos o agencia de paqueter\u00eda y es solo para la pen\u00ednsula.<\/p>\n<p>*El pago del env\u00edo se har\u00e1 por Bizum o transferencia bancaria.<\/p>\n<p><img data-attachment-id=\"2297\" data-permalink=\"https:\/\/lenablau.com\/?attachment_id=2297\" data-orig-file=\"https:\/\/i0.wp.com\/lenablau.com\/wp-content\/uploads\/2021\/12\/sinopsis-i-tuit-you-2.jpg?fit=1667%2C1667&amp;ssl=1\" data-orig-size=\"1667,1667\" data-comments-opened=\"1\" data-image-meta=\"{&quot;aperture&quot;:&quot;0&quot;,&quot;credit&quot;:&quot;&quot;,&quot;camera&quot;:&quot;&quot;,&quot;caption&quot;:&quot;&quot;,&quot;created_timestamp&quot;:&quot;0&quot;,&quot;copyright&quot;:&quot;&quot;,&quot;focal_length&quot;:&quot;0&quot;,&quot;iso&quot;:&quot;0&quot;,&quot;shutter_speed&quot;:&quot;0&quot;,&quot;title&quot;:&quot;&quot;,&quot;orientation&quot;:&quot;0&quot;}\" data-image-title=\"sinopsis i tuit you 2\" data-image-description=\"\" data-image-caption=\"\" data-medium-file=\"https:\/\/i0.wp.com\/lenablau.com\/wp-content\/uploads\/2021\/12\/sinopsis-i-tuit-you-2.jpg?fit=300%2C300&amp;ssl=1\" data-large-file=\"https:\/\/i0.wp.com\/lenablau.com\/wp-content\/uploads\/2021\/12\/sinopsis-i-tuit-you-2.jpg?fit=790%2C790&amp;ssl=1\" loading=\"lazy\" class=\"aligncenter size-large wp-image-2297\" src=\"https:\/\/i0.wp.com\/lenablau.com\/wp-content\/uploads\/2021\/12\/sinopsis-i-tuit-you-2.jpg?resize=790%2C790\" alt=\"\" width=\"790\" height=\"790\" srcset=\"https:\/\/i0.wp.com\/lenablau.com\/wp-content\/uploads\/2021\/12\/sinopsis-i-tuit-you-2.jpg?resize=1024%2C1024&amp;ssl=1 1024w, https:\/\/i0.wp.com\/lenablau.com\/wp-content\/uploads\/2021\/12\/sinopsis-i-tuit-you-2.jpg?resize=300%2C300&amp;ssl=1 300w, https:\/\/i0.wp.com\/lenablau.com\/wp-content\/uploads\/2021\/12\/sinopsis-i-tuit-you-2.jpg?resize=150%2C150&amp;ssl=1 150w, https:\/\/i0.wp.com\/lenablau.com\/wp-content\/uploads\/2021\/12\/sinopsis-i-tuit-you-2.jpg?resize=768%2C768&amp;ssl=1 768w, https:\/\/i0.wp.com\/lenablau.com\/wp-content\/uploads\/2021\/12\/sinopsis-i-tuit-you-2.jpg?resize=1536%2C1536&amp;ssl=1 1536w, https:\/\/i0.wp.com\/lenablau.com\/wp-content\/uploads\/2021\/12\/sinopsis-i-tuit-you-2.jpg?w=1667&amp;ssl=1 1667w\" sizes=\"(max-width: 790px) 100vw, 790px\" data-recalc-dims=\"1\" \/><\/p>\n<blockquote><p>&#8220;Lena nos ense\u00f1a a caminar descalzas y s\u00f3lo ponernos botas para evitar las piedras.\u00a0Las mejores historias nos tienen que tocar el coraz\u00f3n y ella lo ha conseguido. \u00a1Recomiendo sin duda este libro!&#8221;\u00a0<strong style=\"color: #333333; font-size: 17px;\">Blog Mis Sensaciones Literarias<\/strong><\/p><\/blockquote>\n<blockquote><p>I tuit you es una novela aut\u00e9ntica, real, emocional y con unos personajes llenos de fuerza. Una historia de amor ideal, llena de magia y de\u00a0m\u00fasica exquisita, todo esto acompa\u00f1ado de una trama tan bien estructurada que es excelente de principio a final.\u00a0<strong style=\"color: #333333; font-size: 17px;\">Blog Libros con Ra\u00edces<\/strong><\/p><\/blockquote>\n<p>&nbsp;<\/p>\n<h6 style=\"text-align: center;\"><strong>\u00a1Atr\u00e9vete a ser #siemprereal a trav\u00e9s de la electrizante historia de Olivia y Adri\u00e1n!<\/strong><\/h6>\n","protected":false},"excerpt":{"rendered":"<p>\u00bfQuieres recibir esta novela en papel, dedicada con todo el cari\u00f1o por su autora? Ahora puedes pedirme I Tuit You en tapa blanda y dedicado personalmente. Es un regalo que os quiero hacer a todos los que no hab\u00e9is le\u00eddo a\u00fan esta historia o sois fans de Olivia y Adri\u00e1n y quer\u00e9is que alguien m\u00e1s&hellip; <\/p>\n","protected":false},"author":1,"featured_media":0,"parent":0,"menu_order":0,"comment_status":"closed","ping_status":"closed","template":"","meta":{"spay_email":""},"jetpack_sharing_enabled":true,"jetpack_shortlink":"https:\/\/wp.me\/P9WDl5-Ar","jetpack-related-posts":[{"id":1922,"url":"https:\/\/lenablau.com\/?page_id=1922","url_meta":{"origin":2259,"position":0},"title":"I tuit you","date":"junio 3, 2018","format":false,"excerpt":"\u00a0 \u00bfQu\u00e9 pasar\u00eda si ese actor que te derrite se fijara en ti? Olivia es una chica an\u00f3nima, luchadora y realista, que no se deja impresionar f\u00e1cilmente. Sus valores son firmes como una roca y se mantiene siempre fiel a s\u00ed misma. Un d\u00eda el famoso y guap\u00edsimo actor que\u2026","rel":"","context":"Entrada similar","img":{"alt_text":"","src":"https:\/\/i2.wp.com\/lenablau.com\/wp-content\/uploads\/2018\/06\/IMG_7238.jpg?fit=786%2C1200&ssl=1&resize=350%2C200","width":350,"height":200},"classes":[]},{"id":1764,"url":"https:\/\/lenablau.com\/?page_id=1764","url_meta":{"origin":2259,"position":1},"title":"Pol\u00edtica de privacidad","date":"mayo 26, 2018","format":false,"excerpt":"Esta p\u00e1gina Web es propiedad de Lena Blau, seud\u00f3nimo de escritora de Nuria Ybarra Puig (en adelante EL TITULAR) con NIF\u00a0n\u00ba 51066825V y domicilio en AV. Qui\u00f1ones 12A, Bajo B. 28702-San Sebasti\u00e1n de los Reyes. Para cualquier consulta o propuesta, cont\u00e1ctenos en el e-mail:\u00a0viejaolivetti@gmail.com Esta p\u00e1gina Web se rige por\u2026","rel":"","context":"Entrada similar","img":{"alt_text":"","src":"","width":0,"height":0},"classes":[]},{"id":2148,"url":"https:\/\/lenablau.com\/?page_id=2148","url_meta":{"origin":2259,"position":2},"title":"Aevum","date":"diciembre 6, 2020","format":false,"excerpt":"\u00a0 Un secreto. Un amor prohibido. Una atracci\u00f3n inevitable. Daniela ha vuelto a Nueva Orleans para cumplir un sue\u00f1o que tiene pendiente. All\u00ed vivi\u00f3 un doloroso episodio cuando era una ni\u00f1a, pero ha llegado el momento de reencontrarse con sus ra\u00edces y olvidar el pasado. Lo \u00faltimo que entra en\u2026","rel":"","context":"Entrada similar","img":{"alt_text":"","src":"https:\/\/i0.wp.com\/lenablau.com\/wp-content\/uploads\/2020\/12\/PORTADA-AEVUM-KINDLE_RGB-72DPI.jpg?fit=750%2C1200&ssl=1&resize=350%2C200","width":350,"height":200},"classes":[]},{"id":1557,"url":"https:\/\/lenablau.com\/?page_id=1557","url_meta":{"origin":2259,"position":3},"title":"Rese\u00f1as","date":"mayo 23, 2018","format":false,"excerpt":"Aqu\u00ed os dejo una selecci\u00f3n de rese\u00f1as de mis novelas: LA CANCI\u00d3N N\u00daMERO 7 Rese\u00f1a en el portal de ocio y cultura \u201cMelod\u00edas por escrito\" Rese\u00f1a en \"Lectura adictiva\" Rese\u00f1a en \"Amor y palabras\" Rese\u00f1a en \"La f\u00e1brica de letras\" Rese\u00f1a en \"Mi vida en hojas de papel\" Rese\u00f1a en\u2026","rel":"","context":"Entrada similar","img":{"alt_text":"","src":"","width":0,"height":0},"classes":[]},{"id":1763,"url":"https:\/\/lenablau.com\/?page_id=1763","url_meta":{"origin":2259,"position":4},"title":"Cookies","date":"mayo 26, 2018","format":false,"excerpt":"\u00a0 Utilizamos cookies para facilitar el uso de nuestra p\u00e1gina web. Las cookies son peque\u00f1os ficheros de informaci\u00f3n que nos permiten comparar y entender c\u00f3mo nuestros usuarios navegan a trav\u00e9s de nuestra p\u00e1gina web, y de esta manera poder mejorar consecuentemente el proceso de navegaci\u00f3n. Las cookies que utilizamos no\u2026","rel":"","context":"Entrada similar","img":{"alt_text":"","src":"","width":0,"height":0},"classes":[]},{"id":2374,"url":"https:\/\/lenablau.com\/?page_id=2374","url_meta":{"origin":2259,"position":5},"title":"Te encontrar\u00e9 en el silencio","date":"mayo 23, 2023","format":false,"excerpt":"Ya ten\u00e9is disponible mi nueva novela\u00a0en librer\u00edas y en todas las plataformas digitales. \u00a1Espero que os anim\u00e9is a descubrir lo que se esconde entre sus p\u00e1ginas! \u00a0 LAS LECTORAS QUE YA LO HAN LE\u00cdDO HAN DICHO: \u00abNunca el silencio me hab\u00eda atrapado y erizado la piel como con este libro.\u2026","rel":"","context":"Entrada similar","img":{"alt_text":"","src":"https:\/\/i0.wp.com\/lenablau.com\/wp-content\/uploads\/2023\/05\/02.-Te-encontrare-en-el-silencio-sinopsis_Feed-copia-2-1024x1024.jpg?resize=350%2C200","width":350,"height":200},"classes":[]}],"_links":{"self":[{"href":"https:\/\/lenablau.com\/index.php?rest_route=\/wp\/v2\/pages\/2259"}],"collection":[{"href":"https:\/\/lenablau.com\/index.php?rest_route=\/wp\/v2\/pages"}],"about":[{"href":"https:\/\/lenablau.com\/index.php?rest_route=\/wp\/v2\/types\/page"}],"author":[{"embeddable":true,"href":"https:\/\/lenablau.com\/index.php?rest_route=\/wp\/v2\/users\/1"}],"replies":[{"embeddable":true,"href":"https:\/\/lenablau.com\/index.php?rest_route=%2Fwp%2Fv2%2Fcomments&post=2259"}],"version-history":[{"count":48,"href":"https:\/\/lenablau.com\/index.php?rest_route=\/wp\/v2\/pages\/2259\/revisions"}],"predecessor-version":[{"id":2429,"href":"https:\/\/lenablau.com\/index.php?rest_route=\/wp\/v2\/pages\/2259\/revisions\/2429"}],"wp:attachment":[{"href":"https:\/\/lenablau.com\/index.php?rest_route=%2Fwp%2Fv2%2Fmedia&parent=2259"}],"curies":[{"name":"wp","href":"https:\/\/api.w.org\/{rel}","templated":true}]}}