{"id":2165,"date":"2020-12-06T19:54:28","date_gmt":"2020-12-06T19:54:28","guid":{"rendered":"http:\/\/lenablau.com\/?page_id=2165"},"modified":"2020-12-06T19:59:30","modified_gmt":"2020-12-06T19:59:30","slug":"contacto-2","status":"publish","type":"page","link":"https:\/\/lenablau.com\/?page_id=2165","title":{"rendered":"Contacto"},"content":{"rendered":"<p style=\"text-align: center;\"><strong>Si deseas ponerte en contacto conmigo, no dudes en mandarme un correo electr\u00f3nico a la siguiente direcci\u00f3n:<\/strong> viejaolivetti@gmail.com<\/p>\n<p style=\"text-align: center;\"><strong>Tambi\u00e9n pod\u00e9is seguirme en Instagram: <\/strong>lenablau_escritora<\/p>\n<p style=\"text-align: center;\"><strong>En Facebook:<\/strong>\u00a0http:\/\/www.facebook.com\/LenaBlauEscritora<\/p>\n<p style=\"text-align: center;\"><strong>Y en\u00a0Twitter: <\/strong>@LenaBlau<\/p>\n<p><img data-attachment-id=\"2128\" data-permalink=\"https:\/\/lenablau.com\/?attachment_id=2128\" data-orig-file=\"https:\/\/i2.wp.com\/lenablau.com\/wp-content\/uploads\/2020\/12\/7166A6E2-019E-49F9-96FC-5349D1F219D0.png?fit=2048%2C2048&amp;ssl=1\" data-orig-size=\"2048,2048\" data-comments-opened=\"1\" data-image-meta=\"{&quot;aperture&quot;:&quot;0&quot;,&quot;credit&quot;:&quot;&quot;,&quot;camera&quot;:&quot;&quot;,&quot;caption&quot;:&quot;&quot;,&quot;created_timestamp&quot;:&quot;0&quot;,&quot;copyright&quot;:&quot;&quot;,&quot;focal_length&quot;:&quot;0&quot;,&quot;iso&quot;:&quot;0&quot;,&quot;shutter_speed&quot;:&quot;0&quot;,&quot;title&quot;:&quot;&quot;,&quot;orientation&quot;:&quot;0&quot;}\" data-image-title=\"7166A6E2-019E-49F9-96FC-5349D1F219D0\" data-image-description=\"\" data-image-caption=\"\" data-medium-file=\"https:\/\/i2.wp.com\/lenablau.com\/wp-content\/uploads\/2020\/12\/7166A6E2-019E-49F9-96FC-5349D1F219D0.png?fit=300%2C300&amp;ssl=1\" data-large-file=\"https:\/\/i2.wp.com\/lenablau.com\/wp-content\/uploads\/2020\/12\/7166A6E2-019E-49F9-96FC-5349D1F219D0.png?fit=790%2C790&amp;ssl=1\" loading=\"lazy\" class=\"aligncenter wp-image-2128 size-medium\" src=\"https:\/\/i2.wp.com\/lenablau.com\/wp-content\/uploads\/2020\/12\/7166A6E2-019E-49F9-96FC-5349D1F219D0.png?resize=300%2C300\" alt=\"\" width=\"300\" height=\"300\" srcset=\"https:\/\/i2.wp.com\/lenablau.com\/wp-content\/uploads\/2020\/12\/7166A6E2-019E-49F9-96FC-5349D1F219D0.png?resize=300%2C300&amp;ssl=1 300w, https:\/\/i2.wp.com\/lenablau.com\/wp-content\/uploads\/2020\/12\/7166A6E2-019E-49F9-96FC-5349D1F219D0.png?resize=150%2C150&amp;ssl=1 150w, https:\/\/i2.wp.com\/lenablau.com\/wp-content\/uploads\/2020\/12\/7166A6E2-019E-49F9-96FC-5349D1F219D0.png?resize=768%2C768&amp;ssl=1 768w, https:\/\/i2.wp.com\/lenablau.com\/wp-content\/uploads\/2020\/12\/7166A6E2-019E-49F9-96FC-5349D1F219D0.png?resize=1024%2C1024&amp;ssl=1 1024w, https:\/\/i2.wp.com\/lenablau.com\/wp-content\/uploads\/2020\/12\/7166A6E2-019E-49F9-96FC-5349D1F219D0.png?w=2048&amp;ssl=1 2048w, https:\/\/i2.wp.com\/lenablau.com\/wp-content\/uploads\/2020\/12\/7166A6E2-019E-49F9-96FC-5349D1F219D0.png?w=1580 1580w\" sizes=\"(max-width: 300px) 100vw, 300px\" data-recalc-dims=\"1\" \/><\/p>\n","protected":false},"excerpt":{"rendered":"<p>Si deseas ponerte en contacto conmigo, no dudes en mandarme un correo electr\u00f3nico a la siguiente direcci\u00f3n: viejaolivetti@gmail.com Tambi\u00e9n pod\u00e9is seguirme en Instagram: lenablau_escritora En Facebook:\u00a0http:\/\/www.facebook.com\/LenaBlauEscritora Y en\u00a0Twitter: @LenaBlau<\/p>\n","protected":false},"author":1,"featured_media":0,"parent":0,"menu_order":0,"comment_status":"closed","ping_status":"closed","template":"","meta":{"spay_email":""},"jetpack_sharing_enabled":true,"jetpack_shortlink":"https:\/\/wp.me\/P9WDl5-yV","jetpack-related-posts":[{"id":1557,"url":"https:\/\/lenablau.com\/?page_id=1557","url_meta":{"origin":2165,"position":0},"title":"Rese\u00f1as","date":"mayo 23, 2018","format":false,"excerpt":"Aqu\u00ed os dejo una selecci\u00f3n de rese\u00f1as de mis novelas: LA CANCI\u00d3N N\u00daMERO 7 Rese\u00f1a en el portal de ocio y cultura \u201cMelod\u00edas por escrito\" Rese\u00f1a en \"Lectura adictiva\" Rese\u00f1a en \"Amor y palabras\" Rese\u00f1a en \"La f\u00e1brica de letras\" Rese\u00f1a en \"Mi vida en hojas de papel\" Rese\u00f1a en\u2026","rel":"","context":"Entrada similar","img":{"alt_text":"","src":"","width":0,"height":0},"classes":[]},{"id":1365,"url":"https:\/\/lenablau.com\/?page_id=1365","url_meta":{"origin":2165,"position":1},"title":"Entrevistas","date":"mayo 19, 2018","format":false,"excerpt":"Aqu\u00ed os dejo una selecci\u00f3n de entrevistas y reportajes que me han hecho: En el peri\u00f3dico ABC En el peri\u00f3dico El Mundo En el portal de ocio y cultura Melod\u00edas por escrito En el blog Rom\u00e1ntica adolescente\u00a0 Reportaje en Mujer Hoy \"Las reinas del ebook\"\u00a0 Reportaje en S Moda\u00a0 Reportaje\u2026","rel":"","context":"Entrada similar","img":{"alt_text":"","src":"","width":0,"height":0},"classes":[]},{"id":1763,"url":"https:\/\/lenablau.com\/?page_id=1763","url_meta":{"origin":2165,"position":2},"title":"Cookies","date":"mayo 26, 2018","format":false,"excerpt":"\u00a0 Utilizamos cookies para facilitar el uso de nuestra p\u00e1gina web. Las cookies son peque\u00f1os ficheros de informaci\u00f3n que nos permiten comparar y entender c\u00f3mo nuestros usuarios navegan a trav\u00e9s de nuestra p\u00e1gina web, y de esta manera poder mejorar consecuentemente el proceso de navegaci\u00f3n. Las cookies que utilizamos no\u2026","rel":"","context":"Entrada similar","img":{"alt_text":"","src":"","width":0,"height":0},"classes":[]},{"id":2153,"url":"https:\/\/lenablau.com\/?page_id=2153","url_meta":{"origin":2165,"position":3},"title":"La canci\u00f3n n\u00famero 7","date":"diciembre 6, 2020","format":false,"excerpt":"DESCUBRE LA NOVELA FAVORITA DE LOS QUE SE ATREVEN A SENTIR. \u00abUn libro que me llen\u00f3 el alma.. Me hizo re\u00edr, llorar y sentir mariposas en el est\u00f3mago. \u00a1Absolutamente inolvidable!\u00bb \u00ab\u00a1La historia rom\u00e1ntica m\u00e1s adictiva y emocionante que he le\u00eddo en mucho tiempo! Llega directa al coraz\u00f3n y sus personajes\u2026","rel":"","context":"Entrada similar","img":{"alt_text":"","src":"https:\/\/i2.wp.com\/lenablau.com\/wp-content\/uploads\/2021\/07\/portada-ebook-lcn7-2021-2-683x1024.jpg?resize=350%2C200","width":350,"height":200},"classes":[]},{"id":2339,"url":"https:\/\/lenablau.com\/?page_id=2339","url_meta":{"origin":2165,"position":4},"title":"Te encontrar\u00e9 en el silencio","date":"mayo 5, 2022","format":false,"excerpt":"\u00a0 \u00bfQu\u00e9 pasa si eres como una original pieza redondeada, pero desde ni\u00f1a\u00a0has intentado adaptarte a ese molde cuadriculado en el que te dec\u00edan que deb\u00edas encajar? \u00bfY si est\u00e1s est\u00e1s lleno de afiladas aristas y ves la vida en blanco y negro? Amy deja Nueva York para buscar la\u2026","rel":"","context":"Entrada similar","img":{"alt_text":"","src":"https:\/\/i2.wp.com\/lenablau.com\/wp-content\/uploads\/2022\/05\/Portada-para-mock-up-papel-683x1024.jpg?resize=350%2C200","width":350,"height":200},"classes":[]},{"id":1894,"url":"https:\/\/lenablau.com\/?page_id=1894","url_meta":{"origin":2165,"position":5},"title":"Ediciones de La Canci\u00f3n n\u00famero 7","date":"mayo 27, 2018","format":false,"excerpt":"La canci\u00f3n n\u00famero 7 ha sido editada en varias ocasiones y su portada ha ido evolucionando. \u00a0 \u00c9sta fue la portada que yo misma dise\u00f1\u00e9 cuando la publiqu\u00e9 en Amazon por primera vez en enero de 2013. Se convirti\u00f3 en tan s\u00f3lo unos d\u00edas en el n\u00ba1 y se mantuvo\u2026","rel":"","context":"Entrada similar","img":{"alt_text":"","src":"https:\/\/i2.wp.com\/lenablau.com\/wp-content\/uploads\/2013\/01\/newcoverlcn7low-212x300.jpg?resize=350%2C200","width":350,"height":200},"classes":[]}],"_links":{"self":[{"href":"https:\/\/lenablau.com\/index.php?rest_route=\/wp\/v2\/pages\/2165"}],"collection":[{"href":"https:\/\/lenablau.com\/index.php?rest_route=\/wp\/v2\/pages"}],"about":[{"href":"https:\/\/lenablau.com\/index.php?rest_route=\/wp\/v2\/types\/page"}],"author":[{"embeddable":true,"href":"https:\/\/lenablau.com\/index.php?rest_route=\/wp\/v2\/users\/1"}],"replies":[{"embeddable":true,"href":"https:\/\/lenablau.com\/index.php?rest_route=%2Fwp%2Fv2%2Fcomments&post=2165"}],"version-history":[{"count":3,"href":"https:\/\/lenablau.com\/index.php?rest_route=\/wp\/v2\/pages\/2165\/revisions"}],"predecessor-version":[{"id":2171,"href":"https:\/\/lenablau.com\/index.php?rest_route=\/wp\/v2\/pages\/2165\/revisions\/2171"}],"wp:attachment":[{"href":"https:\/\/lenablau.com\/index.php?rest_route=%2Fwp%2Fv2%2Fmedia&parent=2165"}],"curies":[{"name":"wp","href":"https:\/\/api.w.org\/{rel}","templated":true}]}}