{"id":2158,"date":"2020-12-06T19:49:09","date_gmt":"2020-12-06T19:49:09","guid":{"rendered":"http:\/\/lenablau.com\/?page_id=2158"},"modified":"2022-09-03T09:05:28","modified_gmt":"2022-09-03T09:05:28","slug":"sobre-mi","status":"publish","type":"page","link":"https:\/\/lenablau.com\/?page_id=2158","title":{"rendered":"Sobre m\u00ed"},"content":{"rendered":"<p><a href=\"https:\/\/lenablau.files.wordpress.com\/2012\/01\/preboda-nuryfer-68-copia.jpg\"><img data-attachment-id=\"2366\" data-permalink=\"https:\/\/lenablau.com\/?attachment_id=2366\" data-orig-file=\"https:\/\/i2.wp.com\/lenablau.com\/wp-content\/uploads\/2022\/09\/15f21dd5-d762-46e0-9d14-26d1ab10fdbd.jpg?fit=1440%2C1440&amp;ssl=1\" data-orig-size=\"1440,1440\" data-comments-opened=\"1\" data-image-meta=\"{&quot;aperture&quot;:&quot;0&quot;,&quot;credit&quot;:&quot;&quot;,&quot;camera&quot;:&quot;&quot;,&quot;caption&quot;:&quot;&quot;,&quot;created_timestamp&quot;:&quot;0&quot;,&quot;copyright&quot;:&quot;&quot;,&quot;focal_length&quot;:&quot;0&quot;,&quot;iso&quot;:&quot;0&quot;,&quot;shutter_speed&quot;:&quot;0&quot;,&quot;title&quot;:&quot;&quot;,&quot;orientation&quot;:&quot;1&quot;}\" data-image-title=\"15f21dd5-d762-46e0-9d14-26d1ab10fdbd\" data-image-description=\"\" data-image-caption=\"\" data-medium-file=\"https:\/\/i2.wp.com\/lenablau.com\/wp-content\/uploads\/2022\/09\/15f21dd5-d762-46e0-9d14-26d1ab10fdbd.jpg?fit=300%2C300&amp;ssl=1\" data-large-file=\"https:\/\/i2.wp.com\/lenablau.com\/wp-content\/uploads\/2022\/09\/15f21dd5-d762-46e0-9d14-26d1ab10fdbd.jpg?fit=790%2C790&amp;ssl=1\" loading=\"lazy\" src=\"https:\/\/i2.wp.com\/lenablau.com\/wp-content\/uploads\/2022\/09\/15f21dd5-d762-46e0-9d14-26d1ab10fdbd.jpg?resize=790%2C790&#038;ssl=1\" class=\"aligncenter size-thumbnail wp-image-2366\" width=\"790\" height=\"790\" srcset=\"https:\/\/i2.wp.com\/lenablau.com\/wp-content\/uploads\/2022\/09\/15f21dd5-d762-46e0-9d14-26d1ab10fdbd.jpg?w=1440&amp;ssl=1 1440w, https:\/\/i2.wp.com\/lenablau.com\/wp-content\/uploads\/2022\/09\/15f21dd5-d762-46e0-9d14-26d1ab10fdbd.jpg?resize=300%2C300&amp;ssl=1 300w, https:\/\/i2.wp.com\/lenablau.com\/wp-content\/uploads\/2022\/09\/15f21dd5-d762-46e0-9d14-26d1ab10fdbd.jpg?resize=1024%2C1024&amp;ssl=1 1024w, https:\/\/i2.wp.com\/lenablau.com\/wp-content\/uploads\/2022\/09\/15f21dd5-d762-46e0-9d14-26d1ab10fdbd.jpg?resize=150%2C150&amp;ssl=1 150w, https:\/\/i2.wp.com\/lenablau.com\/wp-content\/uploads\/2022\/09\/15f21dd5-d762-46e0-9d14-26d1ab10fdbd.jpg?resize=768%2C768&amp;ssl=1 768w\" sizes=\"(max-width: 790px) 100vw, 790px\" data-recalc-dims=\"1\" \/><\/a><\/p>\n<p>Lena Blau es mi otro yo, \u00e9se que necesita imaginar historias casi m\u00e1s que respirar. Desde ni\u00f1a me ha gustado escribir. Con trece a\u00f1os ya aporreaba con ilusi\u00f3n las teclas de una vieja Olivetti dando forma a mi primer manuscrito. A\u00f1os m\u00e1s tarde, despu\u00e9s de vivir en lugares como San Francisco y Nueva Orleans, me reencontr\u00e9 con esa parte de m\u00ed que se hab\u00eda quedado guardada en un caj\u00f3n. Revis\u00e9 y reescrib\u00ed ese incipiente borrador, dando como resultado <em>La Canci\u00f3n n\u00famero 7<\/em>, mi primera novela.<\/p>\n<p>Varios libros despu\u00e9s, sigo tejiendo mis sue\u00f1os a trav\u00e9s de las palabras. Cuando no estoy inmersa en crear alguna historia, me gusta dar largos paseos con mi perro, perderme entre las p\u00e1ginas de un libro y hacer bizcochos de chocolate con mi hijo. Algo que tambi\u00e9n me encanta es extender mis alas invisibles mientras escucho canciones que me hagan sentir y me ayuden a volar.<\/p>\n","protected":false},"excerpt":{"rendered":"<p>Lena Blau es mi otro yo, \u00e9se que necesita imaginar historias casi m\u00e1s que respirar. Desde ni\u00f1a me ha gustado escribir. Con trece a\u00f1os ya aporreaba con ilusi\u00f3n las teclas de una vieja Olivetti dando forma a mi primer manuscrito. A\u00f1os m\u00e1s tarde, despu\u00e9s de vivir en lugares como San Francisco y Nueva Orleans, me&hellip; <\/p>\n","protected":false},"author":1,"featured_media":0,"parent":0,"menu_order":0,"comment_status":"closed","ping_status":"closed","template":"","meta":{"spay_email":""},"jetpack_sharing_enabled":true,"jetpack_shortlink":"https:\/\/wp.me\/P9WDl5-yO","jetpack-related-posts":[{"id":1922,"url":"https:\/\/lenablau.com\/?page_id=1922","url_meta":{"origin":2158,"position":0},"title":"I tuit you","date":"junio 3, 2018","format":false,"excerpt":"\u00a0 \u00bfQu\u00e9 pasar\u00eda si ese actor que te derrite se fijara en ti? Olivia es una chica an\u00f3nima, luchadora y realista, que no se deja impresionar f\u00e1cilmente. Sus valores son firmes como una roca y se mantiene siempre fiel a s\u00ed misma. Un d\u00eda el famoso y guap\u00edsimo actor que\u2026","rel":"","context":"Entrada similar","img":{"alt_text":"","src":"https:\/\/i2.wp.com\/lenablau.com\/wp-content\/uploads\/2018\/06\/IMG_7238.jpg?fit=786%2C1200&ssl=1&resize=350%2C200","width":350,"height":200},"classes":[]},{"id":2148,"url":"https:\/\/lenablau.com\/?page_id=2148","url_meta":{"origin":2158,"position":1},"title":"Aevum","date":"diciembre 6, 2020","format":false,"excerpt":"\u00a0 Un secreto. Un amor prohibido. Una atracci\u00f3n inevitable. Daniela ha vuelto a Nueva Orleans para cumplir un sue\u00f1o que tiene pendiente. All\u00ed vivi\u00f3 un doloroso episodio cuando era una ni\u00f1a, pero ha llegado el momento de reencontrarse con sus ra\u00edces y olvidar el pasado. Lo \u00faltimo que entra en\u2026","rel":"","context":"Entrada similar","img":{"alt_text":"","src":"https:\/\/i0.wp.com\/lenablau.com\/wp-content\/uploads\/2020\/12\/PORTADA-AEVUM-KINDLE_RGB-72DPI.jpg?fit=750%2C1200&ssl=1&resize=350%2C200","width":350,"height":200},"classes":[]},{"id":2374,"url":"https:\/\/lenablau.com\/?page_id=2374","url_meta":{"origin":2158,"position":2},"title":"Te encontrar\u00e9 en el silencio","date":"mayo 23, 2023","format":false,"excerpt":"Ya ten\u00e9is disponible mi nueva novela\u00a0en librer\u00edas y en todas las plataformas digitales. \u00a1Espero que os anim\u00e9is a descubrir lo que se esconde entre sus p\u00e1ginas! \u00a0 LAS LECTORAS QUE YA LO HAN LE\u00cdDO HAN DICHO: \u00abNunca el silencio me hab\u00eda atrapado y erizado la piel como con este libro.\u2026","rel":"","context":"Entrada similar","img":{"alt_text":"","src":"https:\/\/i0.wp.com\/lenablau.com\/wp-content\/uploads\/2023\/05\/02.-Te-encontrare-en-el-silencio-sinopsis_Feed-copia-2-1024x1024.jpg?resize=350%2C200","width":350,"height":200},"classes":[]},{"id":1432,"url":"https:\/\/lenablau.com\/?page_id=1432","url_meta":{"origin":2158,"position":3},"title":"Entrevistas y +","date":"mayo 21, 2018","format":false,"excerpt":"En esta secci\u00f3n os dejo una serie de links a entrevistas y rese\u00f1as sobre mis libros. La entrevista m\u00e1s reciente ha sido para Kreatanautas, un programa muy chulo de un canal de YouTube donde me lo pas\u00e9 bomba. Con ellos tuve la oportunidad de repasar mi trayectoria como escritora y\u2026","rel":"","context":"Entrada similar","img":{"alt_text":"","src":"https:\/\/i0.wp.com\/img.youtube.com\/vi\/ix2-fTJNsSs\/0.jpg?resize=350%2C200","width":350,"height":200},"classes":[]},{"id":1894,"url":"https:\/\/lenablau.com\/?page_id=1894","url_meta":{"origin":2158,"position":4},"title":"Ediciones de La Canci\u00f3n n\u00famero 7","date":"mayo 27, 2018","format":false,"excerpt":"La canci\u00f3n n\u00famero 7 ha sido editada en varias ocasiones y su portada ha ido evolucionando. \u00a0 \u00c9sta fue la portada que yo misma dise\u00f1\u00e9 cuando la publiqu\u00e9 en Amazon por primera vez en enero de 2013. Se convirti\u00f3 en tan s\u00f3lo unos d\u00edas en el n\u00ba1 y se mantuvo\u2026","rel":"","context":"Entrada similar","img":{"alt_text":"","src":"https:\/\/i2.wp.com\/lenablau.com\/wp-content\/uploads\/2013\/01\/newcoverlcn7low-212x300.jpg?resize=350%2C200","width":350,"height":200},"classes":[]},{"id":1557,"url":"https:\/\/lenablau.com\/?page_id=1557","url_meta":{"origin":2158,"position":5},"title":"Rese\u00f1as","date":"mayo 23, 2018","format":false,"excerpt":"Aqu\u00ed os dejo una selecci\u00f3n de rese\u00f1as de mis novelas: LA CANCI\u00d3N N\u00daMERO 7 Rese\u00f1a en el portal de ocio y cultura \u201cMelod\u00edas por escrito\" Rese\u00f1a en \"Lectura adictiva\" Rese\u00f1a en \"Amor y palabras\" Rese\u00f1a en \"La f\u00e1brica de letras\" Rese\u00f1a en \"Mi vida en hojas de papel\" Rese\u00f1a en\u2026","rel":"","context":"Entrada similar","img":{"alt_text":"","src":"","width":0,"height":0},"classes":[]}],"_links":{"self":[{"href":"https:\/\/lenablau.com\/index.php?rest_route=\/wp\/v2\/pages\/2158"}],"collection":[{"href":"https:\/\/lenablau.com\/index.php?rest_route=\/wp\/v2\/pages"}],"about":[{"href":"https:\/\/lenablau.com\/index.php?rest_route=\/wp\/v2\/types\/page"}],"author":[{"embeddable":true,"href":"https:\/\/lenablau.com\/index.php?rest_route=\/wp\/v2\/users\/1"}],"replies":[{"embeddable":true,"href":"https:\/\/lenablau.com\/index.php?rest_route=%2Fwp%2Fv2%2Fcomments&post=2158"}],"version-history":[{"count":6,"href":"https:\/\/lenablau.com\/index.php?rest_route=\/wp\/v2\/pages\/2158\/revisions"}],"predecessor-version":[{"id":2369,"href":"https:\/\/lenablau.com\/index.php?rest_route=\/wp\/v2\/pages\/2158\/revisions\/2369"}],"wp:attachment":[{"href":"https:\/\/lenablau.com\/index.php?rest_route=%2Fwp%2Fv2%2Fmedia&parent=2158"}],"curies":[{"name":"wp","href":"https:\/\/api.w.org\/{rel}","templated":true}]}}