{"id":2148,"date":"2020-12-06T19:37:59","date_gmt":"2020-12-06T19:37:59","guid":{"rendered":"http:\/\/lenablau.com\/?page_id=2148"},"modified":"2021-01-05T15:55:43","modified_gmt":"2021-01-05T15:55:43","slug":"aevum","status":"publish","type":"page","link":"https:\/\/lenablau.com\/?page_id=2148","title":{"rendered":"Aevum"},"content":{"rendered":"<div>\n<p><a href=\"https:\/\/www.amazon.es\/Aevum-Bilog%C3%ADa-n\u00ba-1-ebook\/dp\/B01M8FBBGC\/ref=sr_1_1?ie=UTF8&amp;qid=1526993068&amp;sr=8-1&amp;keywords=lena+blau\"><img data-attachment-id=\"2109\" data-permalink=\"https:\/\/lenablau.com\/?attachment_id=2109\" data-orig-file=\"https:\/\/i0.wp.com\/lenablau.com\/wp-content\/uploads\/2020\/12\/PORTADA-AEVUM-KINDLE_RGB-72DPI.jpg?fit=1600%2C2560&amp;ssl=1\" data-orig-size=\"1600,2560\" data-comments-opened=\"1\" data-image-meta=\"{&quot;aperture&quot;:&quot;0&quot;,&quot;credit&quot;:&quot;&quot;,&quot;camera&quot;:&quot;&quot;,&quot;caption&quot;:&quot;&quot;,&quot;created_timestamp&quot;:&quot;0&quot;,&quot;copyright&quot;:&quot;&quot;,&quot;focal_length&quot;:&quot;0&quot;,&quot;iso&quot;:&quot;0&quot;,&quot;shutter_speed&quot;:&quot;0&quot;,&quot;title&quot;:&quot;&quot;,&quot;orientation&quot;:&quot;0&quot;}\" data-image-title=\"&#8211; PORTADA AEVUM KINDLE_RGB 72DPI\" data-image-description=\"\" data-image-caption=\"\" data-medium-file=\"https:\/\/i0.wp.com\/lenablau.com\/wp-content\/uploads\/2020\/12\/PORTADA-AEVUM-KINDLE_RGB-72DPI.jpg?fit=188%2C300&amp;ssl=1\" data-large-file=\"https:\/\/i0.wp.com\/lenablau.com\/wp-content\/uploads\/2020\/12\/PORTADA-AEVUM-KINDLE_RGB-72DPI.jpg?fit=640%2C1024&amp;ssl=1\" loading=\"lazy\" class=\"aligncenter wp-image-2109 \" src=\"https:\/\/i0.wp.com\/lenablau.com\/wp-content\/uploads\/2020\/12\/PORTADA-AEVUM-KINDLE_RGB-72DPI.jpg?resize=365%2C584\" alt=\"\" width=\"365\" height=\"584\" srcset=\"https:\/\/i0.wp.com\/lenablau.com\/wp-content\/uploads\/2020\/12\/PORTADA-AEVUM-KINDLE_RGB-72DPI.jpg?resize=640%2C1024&amp;ssl=1 640w, https:\/\/i0.wp.com\/lenablau.com\/wp-content\/uploads\/2020\/12\/PORTADA-AEVUM-KINDLE_RGB-72DPI.jpg?resize=188%2C300&amp;ssl=1 188w, https:\/\/i0.wp.com\/lenablau.com\/wp-content\/uploads\/2020\/12\/PORTADA-AEVUM-KINDLE_RGB-72DPI.jpg?resize=768%2C1229&amp;ssl=1 768w, https:\/\/i0.wp.com\/lenablau.com\/wp-content\/uploads\/2020\/12\/PORTADA-AEVUM-KINDLE_RGB-72DPI.jpg?w=1600&amp;ssl=1 1600w\" sizes=\"(max-width: 365px) 100vw, 365px\" data-recalc-dims=\"1\" \/><\/a><\/p>\n<p>&nbsp;<\/p>\n<p style=\"text-align: center;\"><b>Un secreto.<\/b><br \/>\n<b>Un amor prohibido.<\/b><br \/>\n<b>Una atracci\u00f3n inevitable.<\/b><\/p>\n<p style=\"text-align: center;\">Daniela ha vuelto a Nueva Orleans para cumplir un sue\u00f1o que tiene pendiente. All\u00ed vivi\u00f3 un doloroso episodio cuando era una ni\u00f1a, pero ha llegado el momento de reencontrarse con sus ra\u00edces y olvidar el pasado.<\/p>\n<p style=\"text-align: center;\">Lo \u00faltimo que entra en sus planes es conocer a alguien tan oscuro y desafiante como Axel. Despu\u00e9s de toparse con \u00e9l en varias ocasiones, comienza a recibir unas inquietantes se\u00f1ales que le instan a investigar la extra\u00f1a desaparici\u00f3n de su padre.<br \/>\nCuanto m\u00e1s averigua, m\u00e1s inveros\u00edmiles se vuelven las preguntas. Y cuanto m\u00e1s conoce a Axel, m\u00e1s complicados son sus sentimientos.<\/p>\n<p style=\"text-align: center;\">Esos enigm\u00e1ticos ojos de \u00e1mbar consiguen despertar en ella las sensaciones m\u00e1s extremas que ha experimentado nunca, pero intuye que tambi\u00e9n le esconden las respuestas que necesita. Lo que no se imagina es la incre\u00edble verdad que se oculta realmente detr\u00e1s de sus sospechas.<\/p>\n<p style=\"text-align: center;\"><b>\u00bfTe atreves a descubrir lo que significa ser un aevum?<\/b><\/p>\n<\/div>\n<p>&nbsp;<\/p>\n<div><\/div>\n<div><\/div>\n<div class=\"\" style=\"text-align: center;\"><strong><span class=\"\">LO QUE COMENTAN LOS LECTORES:<\/span><\/strong><\/div>\n<div class=\"\" style=\"text-align: center;\"><\/div>\n<blockquote>\n<div class=\"\" style=\"text-align: center;\"><span class=\"\">\u00bfC\u00f3mo te puede atrapar tanto una novela para no poder pegar ojo en toda la noche hasta que la has terminado? Lena Blau no decepciona, y encima sorprende porque en esta ocasi\u00f3n nos presenta un registro diferente que no te da tregua.<\/span><\/div>\n<\/blockquote>\n<div>\n<blockquote>\n<div class=\"\" style=\"text-align: center;\"><span class=\"\">No es un thriller fant\u00e1stico; No es una novela rom\u00e1ntica; \u00a1Es todo eso y mucho m\u00e1s! Sentimientos, intriga, magia y pasi\u00f3n llevados al l\u00edmite. No me quedan u\u00f1as.<\/span><\/div>\n<\/blockquote>\n<blockquote>\n<div style=\"text-align: center;\"><span class=\"\">Mariposas y nervios en el est\u00f3mago. Todo un mar de emociones. \u00a1Acabo de terminar Aevum y necesito ya el siguiente!<\/span><\/div>\n<div><\/div>\n<\/blockquote>\n<\/div>\n<p>&nbsp;<\/p>\n<div><\/div>\n<div><strong><a href=\"https:\/\/leer.amazon.es\/kp\/embed?asin=B01M8FBBGC&amp;preview=newtab&amp;linkCode=kpe&amp;ref_=cm_sw_r_kb_dp_RoAcBbAR42KS7\" target=\"_blank\" rel=\"noopener\">Leer los primeros cap\u00edtulos<\/a><\/strong><a href=\"https:\/\/leer.amazon.es\/kp\/embed?asin=B01M8FBBGC&amp;preview=newtab&amp;linkCode=kpe&amp;ref_=cm_sw_r_kb_dp_RoAcBbAR42KS7\"><br \/>\n<\/a><\/div>\n<div><\/div>\n<div><\/div>\n<div><\/div>\n<div><strong><a href=\"https:\/\/open.spotify.com\/user\/a6fte1zjv2fmx1z8nmpmsy1eg\/playlist\/67qycG94P63LRTZLPRHEu0?si=5tGHPO0qQE-bD_N3VfhBFA\" target=\"_blank\" rel=\"noopener\">Escucha la playlist en Spotify<\/a><\/strong><\/div>\n<div><\/div>\n<div><\/div>\n<div><\/div>\n<div><strong><a href=\"https:\/\/www.amazon.es\/dp\/B08Q6SVMHN\/ref=tmm_pap_swatch_0?_encoding=UTF8&amp;qid=1607610282&amp;sr=8-2\" target=\"_blank\" rel=\"noopener\">Comprar en Amazon en tapa blanda<\/a><\/strong><\/div>\n<div><\/div>\n<div><\/div>\n<div><\/div>\n<div><strong><a href=\"https:\/\/www.amazon.es\/Aevum-Bilog%C3%ADa-n\u00ba-1-ebook\/dp\/B01M8FBBGC\/ref=tmm_kin_swatch_0?_encoding=UTF8&amp;qid=&amp;sr=\" target=\"_blank\" rel=\"noopener\">Comprar versi\u00f3n Kindle<\/a><\/strong><\/div>\n<div><\/div>\n<div><\/div>\n<div style=\"text-align: center;\"><\/div>\n<div><strong><a href=\"http:\/\/lenablau.com\/?page_id=1281\">VOLVER A NOVELAS<\/a><\/strong><\/div>\n<p>&nbsp;<\/p>\n<p>&nbsp;<\/p>\n","protected":false},"excerpt":{"rendered":"<p>&nbsp; Un secreto. Un amor prohibido. Una atracci\u00f3n inevitable. Daniela ha vuelto a Nueva Orleans para cumplir un sue\u00f1o que tiene pendiente. All\u00ed vivi\u00f3 un doloroso episodio cuando era una ni\u00f1a, pero ha llegado el momento de reencontrarse con sus ra\u00edces y olvidar el pasado. Lo \u00faltimo que entra en sus planes es conocer a&hellip; <\/p>\n","protected":false},"author":1,"featured_media":2109,"parent":1281,"menu_order":2,"comment_status":"closed","ping_status":"closed","template":"","meta":{"spay_email":""},"jetpack_sharing_enabled":true,"jetpack_shortlink":"https:\/\/wp.me\/P9WDl5-yE","jetpack-related-posts":[{"id":1195,"url":"https:\/\/lenablau.com\/?page_id=1195","url_meta":{"origin":2148,"position":0},"title":"Traici\u00f3n (Aevum 2)","date":"diciembre 23, 2016","format":false,"excerpt":"\u00a0 \u00a0 Despu\u00e9s de haber descubierto qui\u00e9n es realmente, Daniela se est\u00e1 acostumbrando a ser una aevum sin la ayuda de Axel y los dem\u00e1s. Obligada a mantenerse alejada del peligro, permanece en Nueva Orleans, donde ella y su familia por ahora est\u00e1n a salvo de los numerosos enemigos de\u2026","rel":"","context":"Entrada similar","img":{"alt_text":"","src":"https:\/\/i1.wp.com\/lenablau.com\/wp-content\/uploads\/2020\/12\/PORTADA-TRAICION-KINDLE-72DPI-RGB.jpg?fit=750%2C1200&ssl=1&resize=350%2C200","width":350,"height":200},"classes":[]},{"id":1922,"url":"https:\/\/lenablau.com\/?page_id=1922","url_meta":{"origin":2148,"position":1},"title":"I tuit you","date":"junio 3, 2018","format":false,"excerpt":"\u00a0 \u00bfQu\u00e9 pasar\u00eda si ese actor que te derrite se fijara en ti? Olivia es una chica an\u00f3nima, luchadora y realista, que no se deja impresionar f\u00e1cilmente. Sus valores son firmes como una roca y se mantiene siempre fiel a s\u00ed misma. Un d\u00eda el famoso y guap\u00edsimo actor que\u2026","rel":"","context":"Entrada similar","img":{"alt_text":"","src":"https:\/\/i2.wp.com\/lenablau.com\/wp-content\/uploads\/2018\/06\/IMG_7238.jpg?fit=786%2C1200&ssl=1&resize=350%2C200","width":350,"height":200},"classes":[]},{"id":2374,"url":"https:\/\/lenablau.com\/?page_id=2374","url_meta":{"origin":2148,"position":2},"title":"Te encontrar\u00e9 en el silencio","date":"mayo 23, 2023","format":false,"excerpt":"Ya ten\u00e9is disponible mi nueva novela\u00a0en librer\u00edas y en todas las plataformas digitales. \u00a1Espero que os anim\u00e9is a descubrir lo que se esconde entre sus p\u00e1ginas! \u00a0 LAS LECTORAS QUE YA LO HAN LE\u00cdDO HAN DICHO: \u00abNunca el silencio me hab\u00eda atrapado y erizado la piel como con este libro.\u2026","rel":"","context":"Entrada similar","img":{"alt_text":"","src":"https:\/\/i0.wp.com\/lenablau.com\/wp-content\/uploads\/2023\/05\/02.-Te-encontrare-en-el-silencio-sinopsis_Feed-copia-2-1024x1024.jpg?resize=350%2C200","width":350,"height":200},"classes":[]},{"id":2259,"url":"https:\/\/lenablau.com\/?page_id=2259","url_meta":{"origin":2148,"position":3},"title":"Oferta \u00abI Tuit You\u00bb","date":"noviembre 30, 2021","format":false,"excerpt":"\u00bfQuieres recibir esta novela en papel, dedicada con todo el cari\u00f1o por su autora? Ahora puedes pedirme I Tuit You en tapa blanda y dedicado personalmente. Es un regalo que os quiero hacer a todos los que no hab\u00e9is le\u00eddo a\u00fan esta historia o sois fans de Olivia y Adri\u00e1n\u2026","rel":"","context":"Entrada similar","img":{"alt_text":"","src":"https:\/\/i0.wp.com\/lenablau.com\/wp-content\/uploads\/2021\/11\/IMG_7512-1-768x1024.jpg?resize=350%2C200","width":350,"height":200},"classes":[]},{"id":1894,"url":"https:\/\/lenablau.com\/?page_id=1894","url_meta":{"origin":2148,"position":4},"title":"Ediciones de La Canci\u00f3n n\u00famero 7","date":"mayo 27, 2018","format":false,"excerpt":"La canci\u00f3n n\u00famero 7 ha sido editada en varias ocasiones y su portada ha ido evolucionando. \u00a0 \u00c9sta fue la portada que yo misma dise\u00f1\u00e9 cuando la publiqu\u00e9 en Amazon por primera vez en enero de 2013. Se convirti\u00f3 en tan s\u00f3lo unos d\u00edas en el n\u00ba1 y se mantuvo\u2026","rel":"","context":"Entrada similar","img":{"alt_text":"","src":"https:\/\/i2.wp.com\/lenablau.com\/wp-content\/uploads\/2013\/01\/newcoverlcn7low-212x300.jpg?resize=350%2C200","width":350,"height":200},"classes":[]},{"id":2153,"url":"https:\/\/lenablau.com\/?page_id=2153","url_meta":{"origin":2148,"position":5},"title":"La canci\u00f3n n\u00famero 7","date":"diciembre 6, 2020","format":false,"excerpt":"DESCUBRE LA NOVELA FAVORITA DE LOS QUE SE ATREVEN A SENTIR. \u00abUn libro que me llen\u00f3 el alma.. Me hizo re\u00edr, llorar y sentir mariposas en el est\u00f3mago. \u00a1Absolutamente inolvidable!\u00bb \u00ab\u00a1La historia rom\u00e1ntica m\u00e1s adictiva y emocionante que he le\u00eddo en mucho tiempo! Llega directa al coraz\u00f3n y sus personajes\u2026","rel":"","context":"Entrada similar","img":{"alt_text":"","src":"https:\/\/i2.wp.com\/lenablau.com\/wp-content\/uploads\/2021\/07\/portada-ebook-lcn7-2021-2-683x1024.jpg?resize=350%2C200","width":350,"height":200},"classes":[]}],"_links":{"self":[{"href":"https:\/\/lenablau.com\/index.php?rest_route=\/wp\/v2\/pages\/2148"}],"collection":[{"href":"https:\/\/lenablau.com\/index.php?rest_route=\/wp\/v2\/pages"}],"about":[{"href":"https:\/\/lenablau.com\/index.php?rest_route=\/wp\/v2\/types\/page"}],"author":[{"embeddable":true,"href":"https:\/\/lenablau.com\/index.php?rest_route=\/wp\/v2\/users\/1"}],"replies":[{"embeddable":true,"href":"https:\/\/lenablau.com\/index.php?rest_route=%2Fwp%2Fv2%2Fcomments&post=2148"}],"version-history":[{"count":10,"href":"https:\/\/lenablau.com\/index.php?rest_route=\/wp\/v2\/pages\/2148\/revisions"}],"predecessor-version":[{"id":2182,"href":"https:\/\/lenablau.com\/index.php?rest_route=\/wp\/v2\/pages\/2148\/revisions\/2182"}],"up":[{"embeddable":true,"href":"https:\/\/lenablau.com\/index.php?rest_route=\/wp\/v2\/pages\/1281"}],"wp:featuredmedia":[{"embeddable":true,"href":"https:\/\/lenablau.com\/index.php?rest_route=\/wp\/v2\/media\/2109"}],"wp:attachment":[{"href":"https:\/\/lenablau.com\/index.php?rest_route=%2Fwp%2Fv2%2Fmedia&parent=2148"}],"curies":[{"name":"wp","href":"https:\/\/api.w.org\/{rel}","templated":true}]}}