{"id":2,"date":"2016-05-10T03:48:21","date_gmt":"2016-05-10T03:48:21","guid":{"rendered":"http:\/\/lenablau.com\/?page_id=2"},"modified":"2023-07-11T09:29:36","modified_gmt":"2023-07-11T09:29:36","slug":"sample-page","status":"publish","type":"page","link":"https:\/\/lenablau.com\/","title":{"rendered":""},"content":{"rendered":"\r\n<p>&nbsp;<\/p>\r\n\r\n<h1 style=\"text-align: center;\">Hay preguntas que no conoces. Y respuestas que lo cambian todo para siempre.<\/h1>\r\n<h1 style=\"text-align: center;\"><a href=\"https:\/\/lenablau.com\/?page_id=2374\"><img data-attachment-id=\"2415\" data-permalink=\"https:\/\/lenablau.com\/?attachment_id=2415\" data-orig-file=\"https:\/\/i2.wp.com\/lenablau.com\/wp-content\/uploads\/2023\/07\/01.-Te-encontrare-en-el-silencio_Feed-copia.jpg?fit=2251%2C2251&amp;ssl=1\" data-orig-size=\"2251,2251\" data-comments-opened=\"1\" data-image-meta=\"{&quot;aperture&quot;:&quot;0&quot;,&quot;credit&quot;:&quot;&quot;,&quot;camera&quot;:&quot;&quot;,&quot;caption&quot;:&quot;&quot;,&quot;created_timestamp&quot;:&quot;0&quot;,&quot;copyright&quot;:&quot;&quot;,&quot;focal_length&quot;:&quot;0&quot;,&quot;iso&quot;:&quot;0&quot;,&quot;shutter_speed&quot;:&quot;0&quot;,&quot;title&quot;:&quot;&quot;,&quot;orientation&quot;:&quot;0&quot;}\" data-image-title=\"01. Te encontrare en el silencio_Feed copia\" data-image-description=\"\" data-image-caption=\"\" data-medium-file=\"https:\/\/i2.wp.com\/lenablau.com\/wp-content\/uploads\/2023\/07\/01.-Te-encontrare-en-el-silencio_Feed-copia.jpg?fit=300%2C300&amp;ssl=1\" data-large-file=\"https:\/\/i2.wp.com\/lenablau.com\/wp-content\/uploads\/2023\/07\/01.-Te-encontrare-en-el-silencio_Feed-copia.jpg?fit=790%2C790&amp;ssl=1\" loading=\"lazy\" class=\"aligncenter wp-image-2415 size-large\" src=\"https:\/\/i2.wp.com\/lenablau.com\/wp-content\/uploads\/2023\/07\/01.-Te-encontrare-en-el-silencio_Feed-copia.jpg?resize=790%2C790\" alt=\"\" width=\"790\" height=\"790\" srcset=\"https:\/\/i2.wp.com\/lenablau.com\/wp-content\/uploads\/2023\/07\/01.-Te-encontrare-en-el-silencio_Feed-copia.jpg?resize=1024%2C1024&amp;ssl=1 1024w, https:\/\/i2.wp.com\/lenablau.com\/wp-content\/uploads\/2023\/07\/01.-Te-encontrare-en-el-silencio_Feed-copia.jpg?resize=300%2C300&amp;ssl=1 300w, https:\/\/i2.wp.com\/lenablau.com\/wp-content\/uploads\/2023\/07\/01.-Te-encontrare-en-el-silencio_Feed-copia.jpg?resize=150%2C150&amp;ssl=1 150w, https:\/\/i2.wp.com\/lenablau.com\/wp-content\/uploads\/2023\/07\/01.-Te-encontrare-en-el-silencio_Feed-copia.jpg?resize=768%2C768&amp;ssl=1 768w, https:\/\/i2.wp.com\/lenablau.com\/wp-content\/uploads\/2023\/07\/01.-Te-encontrare-en-el-silencio_Feed-copia.jpg?resize=1536%2C1536&amp;ssl=1 1536w, https:\/\/i2.wp.com\/lenablau.com\/wp-content\/uploads\/2023\/07\/01.-Te-encontrare-en-el-silencio_Feed-copia.jpg?resize=2048%2C2048&amp;ssl=1 2048w\" sizes=\"(max-width: 790px) 100vw, 790px\" data-recalc-dims=\"1\" \/><\/a><\/h1>\r\n<h2 style=\"text-align: center;\"><a href=\"https:\/\/lenablau.com\/?page_id=2374\">Desc\u00fabrela aqu\u00ed<\/a><\/h2>","protected":false},"excerpt":{"rendered":"<p>&nbsp; Hay preguntas que no conoces. Y respuestas que lo cambian todo para siempre. Desc\u00fabrela aqu\u00ed<\/p>\n","protected":false},"author":1,"featured_media":1337,"parent":0,"menu_order":6,"comment_status":"closed","ping_status":"open","template":"","meta":{"spay_email":""},"jetpack_sharing_enabled":true,"jetpack_shortlink":"https:\/\/wp.me\/P9WDl5-2","jetpack-related-posts":[{"id":2339,"url":"https:\/\/lenablau.com\/?page_id=2339","url_meta":{"origin":2,"position":0},"title":"Te encontrar\u00e9 en el silencio","date":"mayo 5, 2022","format":false,"excerpt":"\u00a0 \u00bfQu\u00e9 pasa si eres como una original pieza redondeada, pero desde ni\u00f1a\u00a0has intentado adaptarte a ese molde cuadriculado en el que te dec\u00edan que deb\u00edas encajar? \u00bfY si est\u00e1s est\u00e1s lleno de afiladas aristas y ves la vida en blanco y negro? Amy deja Nueva York para buscar la\u2026","rel":"","context":"Entrada similar","img":{"alt_text":"","src":"https:\/\/i2.wp.com\/lenablau.com\/wp-content\/uploads\/2022\/05\/Portada-para-mock-up-papel-683x1024.jpg?resize=350%2C200","width":350,"height":200},"classes":[]},{"id":2148,"url":"https:\/\/lenablau.com\/?page_id=2148","url_meta":{"origin":2,"position":1},"title":"Aevum","date":"diciembre 6, 2020","format":false,"excerpt":"\u00a0 Un secreto. Un amor prohibido. Una atracci\u00f3n inevitable. Daniela ha vuelto a Nueva Orleans para cumplir un sue\u00f1o que tiene pendiente. All\u00ed vivi\u00f3 un doloroso episodio cuando era una ni\u00f1a, pero ha llegado el momento de reencontrarse con sus ra\u00edces y olvidar el pasado. Lo \u00faltimo que entra en\u2026","rel":"","context":"Entrada similar","img":{"alt_text":"","src":"https:\/\/i0.wp.com\/lenablau.com\/wp-content\/uploads\/2020\/12\/PORTADA-AEVUM-KINDLE_RGB-72DPI.jpg?fit=750%2C1200&ssl=1&resize=350%2C200","width":350,"height":200},"classes":[]},{"id":2374,"url":"https:\/\/lenablau.com\/?page_id=2374","url_meta":{"origin":2,"position":2},"title":"Te encontrar\u00e9 en el silencio","date":"mayo 23, 2023","format":false,"excerpt":"Ya ten\u00e9is disponible mi nueva novela\u00a0en librer\u00edas y en todas las plataformas digitales. \u00a1Espero que os anim\u00e9is a descubrir lo que se esconde entre sus p\u00e1ginas! \u00a0 LAS LECTORAS QUE YA LO HAN LE\u00cdDO HAN DICHO: \u00abNunca el silencio me hab\u00eda atrapado y erizado la piel como con este libro.\u2026","rel":"","context":"Entrada similar","img":{"alt_text":"","src":"https:\/\/i0.wp.com\/lenablau.com\/wp-content\/uploads\/2023\/05\/02.-Te-encontrare-en-el-silencio-sinopsis_Feed-copia-2-1024x1024.jpg?resize=350%2C200","width":350,"height":200},"classes":[]},{"id":1922,"url":"https:\/\/lenablau.com\/?page_id=1922","url_meta":{"origin":2,"position":3},"title":"I tuit you","date":"junio 3, 2018","format":false,"excerpt":"\u00a0 \u00bfQu\u00e9 pasar\u00eda si ese actor que te derrite se fijara en ti? Olivia es una chica an\u00f3nima, luchadora y realista, que no se deja impresionar f\u00e1cilmente. Sus valores son firmes como una roca y se mantiene siempre fiel a s\u00ed misma. Un d\u00eda el famoso y guap\u00edsimo actor que\u2026","rel":"","context":"Entrada similar","img":{"alt_text":"","src":"https:\/\/i2.wp.com\/lenablau.com\/wp-content\/uploads\/2018\/06\/IMG_7238.jpg?fit=786%2C1200&ssl=1&resize=350%2C200","width":350,"height":200},"classes":[]},{"id":1281,"url":"https:\/\/lenablau.com\/?page_id=1281","url_meta":{"origin":2,"position":4},"title":"Novelas","date":"mayo 18, 2018","format":false,"excerpt":"Aqu\u00ed encontrar\u00e9is historias\u00a0para corazones valientes. Algunas son rom\u00e1nticas,\u00a0muy reales y cercanas, y otras est\u00e1n llenas de\u00a0aventuras con un toque fantasy que os seducir\u00e1n, retar\u00e1n a vuestra imaginaci\u00f3n y jugar\u00e1n con lo imposible. Todas ellas tienen algo en com\u00fan: \u00a1os har\u00e1n sentir a tope y os dar\u00e1n alas para volar! Os\u2026","rel":"","context":"Entrada similar","img":{"alt_text":"","src":"https:\/\/i0.wp.com\/lenablau.com\/wp-content\/uploads\/2023\/05\/IMG_3543-658x1024.jpg?resize=350%2C200","width":350,"height":200},"classes":[]},{"id":2259,"url":"https:\/\/lenablau.com\/?page_id=2259","url_meta":{"origin":2,"position":5},"title":"Oferta \u00abI Tuit You\u00bb","date":"noviembre 30, 2021","format":false,"excerpt":"\u00bfQuieres recibir esta novela en papel, dedicada con todo el cari\u00f1o por su autora? Ahora puedes pedirme I Tuit You en tapa blanda y dedicado personalmente. Es un regalo que os quiero hacer a todos los que no hab\u00e9is le\u00eddo a\u00fan esta historia o sois fans de Olivia y Adri\u00e1n\u2026","rel":"","context":"Entrada similar","img":{"alt_text":"","src":"https:\/\/i0.wp.com\/lenablau.com\/wp-content\/uploads\/2021\/11\/IMG_7512-1-768x1024.jpg?resize=350%2C200","width":350,"height":200},"classes":[]}],"_links":{"self":[{"href":"https:\/\/lenablau.com\/index.php?rest_route=\/wp\/v2\/pages\/2"}],"collection":[{"href":"https:\/\/lenablau.com\/index.php?rest_route=\/wp\/v2\/pages"}],"about":[{"href":"https:\/\/lenablau.com\/index.php?rest_route=\/wp\/v2\/types\/page"}],"author":[{"embeddable":true,"href":"https:\/\/lenablau.com\/index.php?rest_route=\/wp\/v2\/users\/1"}],"replies":[{"embeddable":true,"href":"https:\/\/lenablau.com\/index.php?rest_route=%2Fwp%2Fv2%2Fcomments&post=2"}],"version-history":[{"count":139,"href":"https:\/\/lenablau.com\/index.php?rest_route=\/wp\/v2\/pages\/2\/revisions"}],"predecessor-version":[{"id":2416,"href":"https:\/\/lenablau.com\/index.php?rest_route=\/wp\/v2\/pages\/2\/revisions\/2416"}],"wp:featuredmedia":[{"embeddable":true,"href":"https:\/\/lenablau.com\/index.php?rest_route=\/wp\/v2\/media\/1337"}],"wp:attachment":[{"href":"https:\/\/lenablau.com\/index.php?rest_route=%2Fwp%2Fv2%2Fmedia&parent=2"}],"curies":[{"name":"wp","href":"https:\/\/api.w.org\/{rel}","templated":true}]}}