{"id":1922,"date":"2018-06-03T12:12:12","date_gmt":"2018-06-03T12:12:12","guid":{"rendered":"http:\/\/lenablau.com\/?page_id=1922"},"modified":"2022-06-25T14:52:16","modified_gmt":"2022-06-25T14:52:16","slug":"i-tuit-you","status":"publish","type":"page","link":"https:\/\/lenablau.com\/?page_id=1922","title":{"rendered":"I tuit you"},"content":{"rendered":"<p><img data-attachment-id=\"1923\" data-permalink=\"https:\/\/lenablau.com\/?attachment_id=1923\" data-orig-file=\"https:\/\/i2.wp.com\/lenablau.com\/wp-content\/uploads\/2018\/06\/IMG_7238.jpg?fit=1094%2C1671&amp;ssl=1\" data-orig-size=\"1094,1671\" data-comments-opened=\"1\" data-image-meta=\"{&quot;aperture&quot;:&quot;0&quot;,&quot;credit&quot;:&quot;&quot;,&quot;camera&quot;:&quot;&quot;,&quot;caption&quot;:&quot;&quot;,&quot;created_timestamp&quot;:&quot;0&quot;,&quot;copyright&quot;:&quot;&quot;,&quot;focal_length&quot;:&quot;0&quot;,&quot;iso&quot;:&quot;0&quot;,&quot;shutter_speed&quot;:&quot;0&quot;,&quot;title&quot;:&quot;&quot;,&quot;orientation&quot;:&quot;1&quot;}\" data-image-title=\"IMG_7238\" data-image-description=\"\" data-image-caption=\"\" data-medium-file=\"https:\/\/i2.wp.com\/lenablau.com\/wp-content\/uploads\/2018\/06\/IMG_7238.jpg?fit=196%2C300&amp;ssl=1\" data-large-file=\"https:\/\/i2.wp.com\/lenablau.com\/wp-content\/uploads\/2018\/06\/IMG_7238.jpg?fit=670%2C1024&amp;ssl=1\" loading=\"lazy\" class=\"aligncenter wp-image-1923\" src=\"https:\/\/i2.wp.com\/lenablau.com\/wp-content\/uploads\/2018\/06\/IMG_7238.jpg?resize=300%2C458\" alt=\"\" width=\"300\" height=\"458\" srcset=\"https:\/\/i2.wp.com\/lenablau.com\/wp-content\/uploads\/2018\/06\/IMG_7238.jpg?resize=670%2C1024&amp;ssl=1 670w, https:\/\/i2.wp.com\/lenablau.com\/wp-content\/uploads\/2018\/06\/IMG_7238.jpg?resize=196%2C300&amp;ssl=1 196w, https:\/\/i2.wp.com\/lenablau.com\/wp-content\/uploads\/2018\/06\/IMG_7238.jpg?resize=768%2C1173&amp;ssl=1 768w, https:\/\/i2.wp.com\/lenablau.com\/wp-content\/uploads\/2018\/06\/IMG_7238.jpg?w=1094&amp;ssl=1 1094w\" sizes=\"(max-width: 300px) 100vw, 300px\" data-recalc-dims=\"1\" \/><\/p>\n<p>&nbsp;<\/p>\n<p style=\"text-align: center;\"><em><b>\u00bfQu\u00e9 pasar\u00eda si ese actor que te derrite se fijara en ti?<\/b><\/em><\/p>\n<p style=\"text-align: center;\"><em>Olivia es una chica an\u00f3nima, luchadora y realista, que no se deja impresionar f\u00e1cilmente. Sus valores son firmes como una roca y se mantiene siempre fiel a s\u00ed misma.<\/em><\/p>\n<p style=\"text-align: center;\"><em>Un d\u00eda el famoso y guap\u00edsimo actor que ella admira publica un tuit que le decepciona y decide ponerle los puntos sobre las \u00edes. Lo \u00faltimo que se imagina es que Adri\u00e1n Prado se vaya a tomar la molestia de responderle.<\/em><\/p>\n<p style=\"text-align: center;\"><em>En un principio, ese intercambio de incisivos mensajes no pasa de ser una curiosa an\u00e9cdota. Pero todo se complica cuando Olivia empieza a trabajar en una agencia de publicidad y el destino hace que Adri\u00e1n se vuelva a cruzar en su camino.<\/em><\/p>\n<p style=\"text-align: center;\"><em>Detr\u00e1s de esa fachada de \u00e9xito y altaner\u00eda se esconde una dif\u00edcil verdad. Mientras Olivia la descubre, tendr\u00e1 que enfrentarse al reto de arrinconar sus propios miedos a un lado y decidir si se permite el lujo de comenzar a caminar descalza sobre un terreno tan desconocido como peligroso.<\/em><\/p>\n<p>&nbsp;<\/p>\n<p><img data-attachment-id=\"1962\" data-permalink=\"https:\/\/lenablau.com\/?attachment_id=1962\" data-orig-file=\"https:\/\/i2.wp.com\/lenablau.com\/wp-content\/uploads\/2018\/06\/Captura-de-pantalla-2018-06-03-a-las-16.10.48.png?fit=480%2C586&amp;ssl=1\" data-orig-size=\"480,586\" data-comments-opened=\"1\" data-image-meta=\"{&quot;aperture&quot;:&quot;0&quot;,&quot;credit&quot;:&quot;&quot;,&quot;camera&quot;:&quot;&quot;,&quot;caption&quot;:&quot;&quot;,&quot;created_timestamp&quot;:&quot;0&quot;,&quot;copyright&quot;:&quot;&quot;,&quot;focal_length&quot;:&quot;0&quot;,&quot;iso&quot;:&quot;0&quot;,&quot;shutter_speed&quot;:&quot;0&quot;,&quot;title&quot;:&quot;&quot;,&quot;orientation&quot;:&quot;0&quot;}\" data-image-title=\"Captura de pantalla 2018-06-03 a la(s) 16.10.48\" data-image-description=\"\" data-image-caption=\"\" data-medium-file=\"https:\/\/i2.wp.com\/lenablau.com\/wp-content\/uploads\/2018\/06\/Captura-de-pantalla-2018-06-03-a-las-16.10.48.png?fit=246%2C300&amp;ssl=1\" data-large-file=\"https:\/\/i2.wp.com\/lenablau.com\/wp-content\/uploads\/2018\/06\/Captura-de-pantalla-2018-06-03-a-las-16.10.48.png?fit=480%2C586&amp;ssl=1\" loading=\"lazy\" class=\"wp-image-1962 aligncenter\" src=\"https:\/\/i2.wp.com\/lenablau.com\/wp-content\/uploads\/2018\/06\/Captura-de-pantalla-2018-06-03-a-las-16.10.48.png?resize=300%2C366\" alt=\"\" width=\"300\" height=\"366\" srcset=\"https:\/\/i2.wp.com\/lenablau.com\/wp-content\/uploads\/2018\/06\/Captura-de-pantalla-2018-06-03-a-las-16.10.48.png?w=480&amp;ssl=1 480w, https:\/\/i2.wp.com\/lenablau.com\/wp-content\/uploads\/2018\/06\/Captura-de-pantalla-2018-06-03-a-las-16.10.48.png?resize=246%2C300&amp;ssl=1 246w\" sizes=\"(max-width: 300px) 100vw, 300px\" data-recalc-dims=\"1\" \/><\/p>\n<p>&nbsp;<\/p>\n<blockquote><p>&#8220;Lena nos ense\u00f1a a caminar descalzas y s\u00f3lo ponernos botas para evitar las piedras.\u00a0Las mejores historias nos tienen que tocar el coraz\u00f3n y ella lo ha conseguido. \u00a1Recomiendo sin duda este libro!&#8221;\u00a0<strong style=\"color: #333333; font-size: 17px;\">Blog Mis Sensaciones Literarias<\/strong><\/p><\/blockquote>\n<blockquote><p>I tuit you es una novela aut\u00e9ntica, real, emocional y con unos personajes llenos de fuerza. Una historia de amor ideal, llena de magia y de\u00a0m\u00fasica exquisita, todo esto acompa\u00f1ado de una trama tan bien estructurada que es excelente de principio a final.\u00a0<strong style=\"color: #333333; font-size: 17px;\">Blog Libros con Ra\u00edces<\/strong><\/p><\/blockquote>\n<p>&nbsp;<\/p>\n<p>En esta novela la m\u00fasica juega una papel fundamental, en especial <em>&#8220;The light at the end&#8221;<\/em>, una canci\u00f3n instrumental a piano compuesta e interpretada por un amigo m\u00edo. La escuch\u00e9 mil veces mientras escrib\u00eda las partes m\u00e1s emotivas de esta historia. \u00a1Os invito a que os empap\u00e9is de su magia! Si os pasa como a m\u00ed, la escuchar\u00e9is una y otra vez.<\/p>\n<p>Pod\u00e9is disfrutarla a continuaci\u00f3n:<\/p>\n<p>&nbsp;<\/p>\n<!--[if lt IE 9]><script>document.createElement('audio');<\/script><![endif]-->\n\t<div class=\"wp-playlist wp-audio-playlist wp-playlist-light\">\n\t\t\t<div class=\"wp-playlist-current-item\"><\/div>\n\t\t<audio controls=\"controls\" preload=\"none\" width=\"768\"\n\t\t\t><\/audio>\n\t<div class=\"wp-playlist-next\"><\/div>\n\t<div class=\"wp-playlist-prev\"><\/div>\n\t<noscript>\n\t<ol>\n\t\t<li><a href='https:\/\/lenablau.com\/wp-content\/uploads\/2018\/05\/TheLight_AtTheEnd.mp3'>The light at the end<\/a><\/li>\t<\/ol>\n\t<\/noscript>\n\t<script type=\"application\/json\" class=\"wp-playlist-script\">{\"type\":\"audio\",\"tracklist\":true,\"tracknumbers\":true,\"images\":true,\"artists\":true,\"tracks\":[{\"src\":\"https:\\\/\\\/lenablau.com\\\/wp-content\\\/uploads\\\/2018\\\/05\\\/TheLight_AtTheEnd.mp3\",\"type\":\"audio\\\/mpeg\",\"title\":\"The light at the end\",\"caption\":\"\",\"description\":\"\\\"TheLight_AtTheEnd\\\".\",\"meta\":{\"artist\":\"Alberto Mart\\u00edn\",\"length_formatted\":\"7:54\"},\"image\":{\"src\":\"https:\\\/\\\/lenablau.com\\\/wp-includes\\\/images\\\/media\\\/audio.png\",\"width\":48,\"height\":64},\"thumb\":{\"src\":\"https:\\\/\\\/lenablau.com\\\/wp-includes\\\/images\\\/media\\\/audio.png\",\"width\":48,\"height\":64}}]}<\/script>\n<\/div>\n\t\n<p>&nbsp;<\/p>\n<p>Tambi\u00e9n os dejo el link a Spotify donde pod\u00e9is escuchar el resto de canciones que me han ayudado a tejer la trama de esta novela, en la que no s\u00f3lo se habla de una historia de amor entre sus protagonistas, sino tambi\u00e9n de lo importante que es ser siempre fiel a uno mismo.<\/p>\n<p><strong>#siemprereal<\/strong>, \u00a1tanto en el cara a cara como en el loco escaparate que suponen hoy en d\u00eda las redes sociales!<\/p>\n<p><a href=\"https:\/\/leer.amazon.es\/kp\/embed?asin=B0B4PDFQDL&amp;preview=newtab&amp;linkCode=kpe&amp;ref_=cm_sw_r_kb_dp_SSHM6MYP39QH95WZ0RCJ\" target=\"_blank\" rel=\"noopener\"><strong>Leer los primeros cap\u00edtulos<\/strong><\/a><\/p>\n<p><a href=\"https:\/\/open.spotify.com\/user\/a6fte1zjv2fmx1z8nmpmsy1eg\/playlist\/5sJ7LBSiCvlL6a2Coulmd0?si=bTZQVeGCRX2a-BJoRp_1tg\" target=\"_blank\" rel=\"noopener\"><strong>Escucha la playlist en Spotify<\/strong><\/a><\/p>\n<p><a href=\"https:\/\/youtu.be\/hY-c_EKmXT8\" target=\"_blank\" rel=\"noopener\"><strong>Ver booktrailer<\/strong><\/a><\/p>\n<p><a href=\"https:\/\/www.amazon.es\/I-tuit-you-Lena-Blau-ebook\/dp\/B0B4PDFQDL\/ref=sr_1_1?__mk_es_ES=\u00c5M\u00c5\u017d\u00d5\u00d1&amp;crid=1BJ15WV0IHSM&amp;keywords=i+tuit+you&amp;qid=1656168350&amp;s=digital-text&amp;sprefix=i+tuit+you%2Cdigital-text%2C216&amp;sr=1-1\" target=\"_blank\" rel=\"noopener\"><strong>Comprar en Amazon<\/strong><\/a><\/p>\n<p><strong><a href=\"http:\/\/lenablau.com\/?page_id=1281\">VOLVER A NOVELAS<\/a><\/strong><\/p>\n","protected":false},"excerpt":{"rendered":"<p>&nbsp; \u00bfQu\u00e9 pasar\u00eda si ese actor que te derrite se fijara en ti? Olivia es una chica an\u00f3nima, luchadora y realista, que no se deja impresionar f\u00e1cilmente. Sus valores son firmes como una roca y se mantiene siempre fiel a s\u00ed misma. Un d\u00eda el famoso y guap\u00edsimo actor que ella admira publica un tuit&hellip; <\/p>\n","protected":false},"author":1,"featured_media":1923,"parent":1281,"menu_order":0,"comment_status":"closed","ping_status":"closed","template":"","meta":{"spay_email":""},"jetpack_sharing_enabled":true,"jetpack_shortlink":"https:\/\/wp.me\/P9WDl5-v0","jetpack-related-posts":[{"id":2259,"url":"https:\/\/lenablau.com\/?page_id=2259","url_meta":{"origin":1922,"position":0},"title":"Oferta \u00abI Tuit You\u00bb","date":"noviembre 30, 2021","format":false,"excerpt":"\u00bfQuieres recibir esta novela en papel, dedicada con todo el cari\u00f1o por su autora? Ahora puedes pedirme I Tuit You en tapa blanda y dedicado personalmente. Es un regalo que os quiero hacer a todos los que no hab\u00e9is le\u00eddo a\u00fan esta historia o sois fans de Olivia y Adri\u00e1n\u2026","rel":"","context":"Entrada similar","img":{"alt_text":"","src":"https:\/\/i0.wp.com\/lenablau.com\/wp-content\/uploads\/2021\/11\/IMG_7512-1-768x1024.jpg?resize=350%2C200","width":350,"height":200},"classes":[]},{"id":2339,"url":"https:\/\/lenablau.com\/?page_id=2339","url_meta":{"origin":1922,"position":1},"title":"Te encontrar\u00e9 en el silencio","date":"mayo 5, 2022","format":false,"excerpt":"\u00a0 \u00bfQu\u00e9 pasa si eres como una original pieza redondeada, pero desde ni\u00f1a\u00a0has intentado adaptarte a ese molde cuadriculado en el que te dec\u00edan que deb\u00edas encajar? \u00bfY si est\u00e1s est\u00e1s lleno de afiladas aristas y ves la vida en blanco y negro? Amy deja Nueva York para buscar la\u2026","rel":"","context":"Entrada similar","img":{"alt_text":"","src":"https:\/\/i2.wp.com\/lenablau.com\/wp-content\/uploads\/2022\/05\/Portada-para-mock-up-papel-683x1024.jpg?resize=350%2C200","width":350,"height":200},"classes":[]},{"id":1557,"url":"https:\/\/lenablau.com\/?page_id=1557","url_meta":{"origin":1922,"position":2},"title":"Rese\u00f1as","date":"mayo 23, 2018","format":false,"excerpt":"Aqu\u00ed os dejo una selecci\u00f3n de rese\u00f1as de mis novelas: LA CANCI\u00d3N N\u00daMERO 7 Rese\u00f1a en el portal de ocio y cultura \u201cMelod\u00edas por escrito\" Rese\u00f1a en \"Lectura adictiva\" Rese\u00f1a en \"Amor y palabras\" Rese\u00f1a en \"La f\u00e1brica de letras\" Rese\u00f1a en \"Mi vida en hojas de papel\" Rese\u00f1a en\u2026","rel":"","context":"Entrada similar","img":{"alt_text":"","src":"","width":0,"height":0},"classes":[]},{"id":1751,"url":"https:\/\/lenablau.com\/?page_id=1751","url_meta":{"origin":1922,"position":3},"title":"Playlists","date":"mayo 25, 2018","format":false,"excerpt":"La m\u00fasica es, en mayor o menor medida, una parte muy importante de mis novelas, por lo que aqu\u00ed os dejo los links a las Playlists\u00a0que tengo en Spotify\u00a0con la banda sonora de cada uno de mis libros. \u00a1La experiencia de lectura ser\u00e1 mucho m\u00e1s completa si las escuch\u00e1is! La\u2026","rel":"","context":"Entrada similar","img":{"alt_text":"","src":"","width":0,"height":0},"classes":[]},{"id":2148,"url":"https:\/\/lenablau.com\/?page_id=2148","url_meta":{"origin":1922,"position":4},"title":"Aevum","date":"diciembre 6, 2020","format":false,"excerpt":"\u00a0 Un secreto. Un amor prohibido. Una atracci\u00f3n inevitable. Daniela ha vuelto a Nueva Orleans para cumplir un sue\u00f1o que tiene pendiente. All\u00ed vivi\u00f3 un doloroso episodio cuando era una ni\u00f1a, pero ha llegado el momento de reencontrarse con sus ra\u00edces y olvidar el pasado. Lo \u00faltimo que entra en\u2026","rel":"","context":"Entrada similar","img":{"alt_text":"","src":"https:\/\/i0.wp.com\/lenablau.com\/wp-content\/uploads\/2020\/12\/PORTADA-AEVUM-KINDLE_RGB-72DPI.jpg?fit=750%2C1200&ssl=1&resize=350%2C200","width":350,"height":200},"classes":[]},{"id":2374,"url":"https:\/\/lenablau.com\/?page_id=2374","url_meta":{"origin":1922,"position":5},"title":"Te encontrar\u00e9 en el silencio","date":"mayo 23, 2023","format":false,"excerpt":"Ya ten\u00e9is disponible mi nueva novela\u00a0en librer\u00edas y en todas las plataformas digitales. \u00a1Espero que os anim\u00e9is a descubrir lo que se esconde entre sus p\u00e1ginas! \u00a0 LAS LECTORAS QUE YA LO HAN LE\u00cdDO HAN DICHO: \u00abNunca el silencio me hab\u00eda atrapado y erizado la piel como con este libro.\u2026","rel":"","context":"Entrada similar","img":{"alt_text":"","src":"https:\/\/i0.wp.com\/lenablau.com\/wp-content\/uploads\/2023\/05\/02.-Te-encontrare-en-el-silencio-sinopsis_Feed-copia-2-1024x1024.jpg?resize=350%2C200","width":350,"height":200},"classes":[]}],"_links":{"self":[{"href":"https:\/\/lenablau.com\/index.php?rest_route=\/wp\/v2\/pages\/1922"}],"collection":[{"href":"https:\/\/lenablau.com\/index.php?rest_route=\/wp\/v2\/pages"}],"about":[{"href":"https:\/\/lenablau.com\/index.php?rest_route=\/wp\/v2\/types\/page"}],"author":[{"embeddable":true,"href":"https:\/\/lenablau.com\/index.php?rest_route=\/wp\/v2\/users\/1"}],"replies":[{"embeddable":true,"href":"https:\/\/lenablau.com\/index.php?rest_route=%2Fwp%2Fv2%2Fcomments&post=1922"}],"version-history":[{"count":25,"href":"https:\/\/lenablau.com\/index.php?rest_route=\/wp\/v2\/pages\/1922\/revisions"}],"predecessor-version":[{"id":2360,"href":"https:\/\/lenablau.com\/index.php?rest_route=\/wp\/v2\/pages\/1922\/revisions\/2360"}],"up":[{"embeddable":true,"href":"https:\/\/lenablau.com\/index.php?rest_route=\/wp\/v2\/pages\/1281"}],"wp:featuredmedia":[{"embeddable":true,"href":"https:\/\/lenablau.com\/index.php?rest_route=\/wp\/v2\/media\/1923"}],"wp:attachment":[{"href":"https:\/\/lenablau.com\/index.php?rest_route=%2Fwp%2Fv2%2Fmedia&parent=1922"}],"curies":[{"name":"wp","href":"https:\/\/api.w.org\/{rel}","templated":true}]}}