{"id":1764,"date":"2018-05-26T14:49:38","date_gmt":"2018-05-26T14:49:38","guid":{"rendered":"http:\/\/lenablau.com\/?page_id=1764"},"modified":"2018-05-27T16:25:15","modified_gmt":"2018-05-27T16:25:15","slug":"politica-de-privacidad","status":"publish","type":"page","link":"https:\/\/lenablau.com\/?page_id=1764","title":{"rendered":"Pol\u00edtica de privacidad"},"content":{"rendered":"<div class=\"bloqueTexto\">\n<p data-raofz=\"15\">Esta p\u00e1gina Web es propiedad de Lena Blau, seud\u00f3nimo de escritora de Nuria Ybarra Puig (en adelante EL TITULAR) con NIF\u00a0n\u00ba 51066825V y domicilio en AV. Qui\u00f1ones 12A, Bajo B. 28702-San Sebasti\u00e1n de los Reyes.<\/p>\n<p data-raofz=\"15\">Para cualquier consulta o propuesta, cont\u00e1ctenos en el e-mail:\u00a0viejaolivetti@gmail.com<\/p>\n<p data-raofz=\"15\">Esta p\u00e1gina Web se rige por la normativa exclusivamente aplicable en\u00a0Espa\u00f1a, quedando sometida a ella, tanto nacionales como extranjeros que\u00a0utilicen esta Web.<\/p>\n<p data-raofz=\"15\">El acceso a esta p\u00e1gina Web por parte del USUARIO es gratuito y est\u00e1\u00a0condicionado a la previa lectura y aceptaci\u00f3n integra, expresa y sin\u00a0reservas de las presentes CONDICIONES GENERALES DE USO\u00a0vigentes en el momento del acceso, que rogamos lea detenidamente. El\u00a0USUARIO en el momento que utiliza nuestro portal, sus contenidos o\u00a0servicios, acepta y se somete expresamente a las condiciones generales de\u00a0uso del mismo. Si el usuario no estuviere de acuerdo con las presentes\u00a0condiciones de uso, deber\u00e1 abstenerse de utilizar este portal y operar por\u00a0medio del mismo.<\/p>\n<p data-raofz=\"15\">En cualquier momento podremos modificar la presentaci\u00f3n y\u00a0configuraci\u00f3n de nuestra Web, ampliar o reducir servicios, e incluso\u00a0suprimirla de la Red, as\u00ed como los servicios y contenidos prestados, todo\u00a0ello de forma unilateral y sin previo aviso.<\/p>\n<ol>\n<li data-raofz=\"15\">PROPIEDAD INTELECTUAL<\/li>\n<\/ol>\n<p data-raofz=\"15\">Todos los contenidos, textos, im\u00e1genes, marcas y c\u00f3digos fuente son de\u00a0nuestra propiedad o de terceros a los que se han adquirido sus derechos de\u00a0explotaci\u00f3n, y est\u00e1n protegidos por los derechos de Propiedad Intelectual e\u00a0Industrial.<\/p>\n<p data-raofz=\"15\">El usuario \u00fanicamente tiene derecho a un uso privado de los mismos, sin\u00a0\u00e1nimo de lucro, y necesita autorizaci\u00f3n expresa para modificarlos,\u00a0reproducirlos, explotarlos, distribuirlos o ejercer cualquier derecho\u00a0perteneciente a su titular.<\/p>\n<p data-raofz=\"15\">2. CONDICIONES DE ACCESO<\/p>\n<p data-raofz=\"15\">El acceso a nuestra p\u00e1gina Web es gratuito y no exige previa suscripci\u00f3n o\u00a0registro.\u00a0El env\u00edo de datos personales implica la aceptaci\u00f3n expresa por parte del\u00a0USUARIO de nuestra pol\u00edtica de privacidad.<\/p>\n<p data-raofz=\"15\">El usuario debe acceder a nuestra p\u00e1gina Web conforme a la buena fe, las\u00a0normas de orden p\u00fablico y a las presentes Condiciones Generales de uso.<\/p>\n<p data-raofz=\"15\">El acceso a nuestro sitio Web se realiza bajo la propia y exclusiva\u00a0responsabilidad del usuario, que responder\u00e1 en todo caso de los da\u00f1os y\u00a0perjuicios que pueda causar a terceros o a nosotros mismos.<\/p>\n<p data-raofz=\"15\">Teniendo en cuenta la imposibilidad de control respecto a la informaci\u00f3n,\u00a0contenidos y servicios que contengan otras p\u00e1ginas web a los que se pueda\u00a0acceder a trav\u00e9s de los enlaces que nuestra p\u00e1gina web pueda poner a su\u00a0disposici\u00f3n, le comunicamos que quedamos eximidos de cualquier\u00a0responsabilidad por los da\u00f1os y perjuicios de toda clase que pudiesen\u00a0derivar por la utilizaci\u00f3n de esas p\u00e1ginas web, ajenas a nuestra empresa,\u00a0por parte del usuario.<\/p>\n<p><strong>\u00bfCon qu\u00e9 finalidad se tratan sus datos personales?<\/strong><\/p>\n<p>El TITULAR trata\u00a0la informaci\u00f3n que le facilitan las personas interesadas con el fin de poder informar sobre sus nuevas entradas en el blog, novedades, sorteos y eventos relacionados con su actividad como escritora. S\u00f3lo podr\u00e1n prestar su consentimiento personas mayores de 16 a\u00f1os.<\/p>\n<p><strong>\u00bfPor cu\u00e1nto tiempo conservaremos sus datos?<\/strong><\/p>\n<p>Los datos personales proporcionados se conservar\u00e1n hasta que se solicite su supresi\u00f3n o revoque su consentimiento por el interesado. Para revocar su consentimiento puede presentar su solicitud a la cuenta de correo: viejaolivetti@gmail.com<\/p>\n<p><strong>\u00bfCu\u00e1l es la legitimaci\u00f3n para el tratamiento de sus datos?<\/strong><\/p>\n<p>La base legal para el tratamiento de sus datos para la finalidad de poder informarle por v\u00eda electr\u00f3nica sobre los posts, servicios, novedades, sorteos y eventos relacionados con mi actividad como escritora es la aportaci\u00f3n del consentimiento. El consentimiento ser\u00e1 v\u00e1lido hasta que decida revocarlo.<\/p>\n<p><strong>\u00bfC\u00f3mo hemos obtenido sus datos?<\/strong><\/p>\n<p>Los datos personales que trata EL TITULAR proceden del propio interesado.<\/p>\n<p><strong>Las categor\u00edas de datos que se tratan son:<\/strong><\/p>\n<ul>\n<li>datos de identificaci\u00f3n<\/li>\n<li>direcciones el\u00e9ctronicas<\/li>\n<\/ul>\n<p>No se tratan datos especialmente protegidos<\/p>\n<p><strong>\u00bfC\u00f3mo se garantizan la seguridad de sus datos?<\/strong><\/p>\n<p>Se adoptan las medidas necesarias para evitar su alteraci\u00f3n, tratamiento o acceso no autorizado, habida cuenta en todo momento del estado de la tecnolog\u00eda.<\/p>\n<p>&nbsp;<\/p>\n<\/div>\n","protected":false},"excerpt":{"rendered":"<p>Esta p\u00e1gina Web es propiedad de Lena Blau, seud\u00f3nimo de escritora de Nuria Ybarra Puig (en adelante EL TITULAR) con NIF\u00a0n\u00ba 51066825V y domicilio en AV. Qui\u00f1ones 12A, Bajo B. 28702-San Sebasti\u00e1n de los Reyes. Para cualquier consulta o propuesta, cont\u00e1ctenos en el e-mail:\u00a0viejaolivetti@gmail.com Esta p\u00e1gina Web se rige por la normativa exclusivamente aplicable en\u00a0Espa\u00f1a,&hellip; <\/p>\n","protected":false},"author":1,"featured_media":0,"parent":0,"menu_order":0,"comment_status":"closed","ping_status":"closed","template":"","meta":{"spay_email":""},"jetpack_sharing_enabled":true,"jetpack_shortlink":"https:\/\/wp.me\/P9WDl5-ss","jetpack-related-posts":[{"id":1763,"url":"https:\/\/lenablau.com\/?page_id=1763","url_meta":{"origin":1764,"position":0},"title":"Cookies","date":"mayo 26, 2018","format":false,"excerpt":"\u00a0 Utilizamos cookies para facilitar el uso de nuestra p\u00e1gina web. Las cookies son peque\u00f1os ficheros de informaci\u00f3n que nos permiten comparar y entender c\u00f3mo nuestros usuarios navegan a trav\u00e9s de nuestra p\u00e1gina web, y de esta manera poder mejorar consecuentemente el proceso de navegaci\u00f3n. Las cookies que utilizamos no\u2026","rel":"","context":"Entrada similar","img":{"alt_text":"","src":"","width":0,"height":0},"classes":[]},{"id":2259,"url":"https:\/\/lenablau.com\/?page_id=2259","url_meta":{"origin":1764,"position":1},"title":"Oferta \u00abI Tuit You\u00bb","date":"noviembre 30, 2021","format":false,"excerpt":"\u00bfQuieres recibir esta novela en papel, dedicada con todo el cari\u00f1o por su autora? Ahora puedes pedirme I Tuit You en tapa blanda y dedicado personalmente. Es un regalo que os quiero hacer a todos los que no hab\u00e9is le\u00eddo a\u00fan esta historia o sois fans de Olivia y Adri\u00e1n\u2026","rel":"","context":"Entrada similar","img":{"alt_text":"","src":"https:\/\/i0.wp.com\/lenablau.com\/wp-content\/uploads\/2021\/11\/IMG_7512-1-768x1024.jpg?resize=350%2C200","width":350,"height":200},"classes":[]},{"id":1195,"url":"https:\/\/lenablau.com\/?page_id=1195","url_meta":{"origin":1764,"position":2},"title":"Traici\u00f3n (Aevum 2)","date":"diciembre 23, 2016","format":false,"excerpt":"\u00a0 \u00a0 Despu\u00e9s de haber descubierto qui\u00e9n es realmente, Daniela se est\u00e1 acostumbrando a ser una aevum sin la ayuda de Axel y los dem\u00e1s. Obligada a mantenerse alejada del peligro, permanece en Nueva Orleans, donde ella y su familia por ahora est\u00e1n a salvo de los numerosos enemigos de\u2026","rel":"","context":"Entrada similar","img":{"alt_text":"","src":"https:\/\/i1.wp.com\/lenablau.com\/wp-content\/uploads\/2020\/12\/PORTADA-TRAICION-KINDLE-72DPI-RGB.jpg?fit=750%2C1200&ssl=1&resize=350%2C200","width":350,"height":200},"classes":[]},{"id":1894,"url":"https:\/\/lenablau.com\/?page_id=1894","url_meta":{"origin":1764,"position":3},"title":"Ediciones de La Canci\u00f3n n\u00famero 7","date":"mayo 27, 2018","format":false,"excerpt":"La canci\u00f3n n\u00famero 7 ha sido editada en varias ocasiones y su portada ha ido evolucionando. \u00a0 \u00c9sta fue la portada que yo misma dise\u00f1\u00e9 cuando la publiqu\u00e9 en Amazon por primera vez en enero de 2013. Se convirti\u00f3 en tan s\u00f3lo unos d\u00edas en el n\u00ba1 y se mantuvo\u2026","rel":"","context":"Entrada similar","img":{"alt_text":"","src":"https:\/\/i2.wp.com\/lenablau.com\/wp-content\/uploads\/2013\/01\/newcoverlcn7low-212x300.jpg?resize=350%2C200","width":350,"height":200},"classes":[]},{"id":2374,"url":"https:\/\/lenablau.com\/?page_id=2374","url_meta":{"origin":1764,"position":4},"title":"Te encontrar\u00e9 en el silencio","date":"mayo 23, 2023","format":false,"excerpt":"Ya ten\u00e9is disponible mi nueva novela\u00a0en librer\u00edas y en todas las plataformas digitales. \u00a1Espero que os anim\u00e9is a descubrir lo que se esconde entre sus p\u00e1ginas! \u00a0 LAS LECTORAS QUE YA LO HAN LE\u00cdDO HAN DICHO: \u00abNunca el silencio me hab\u00eda atrapado y erizado la piel como con este libro.\u2026","rel":"","context":"Entrada similar","img":{"alt_text":"","src":"https:\/\/i0.wp.com\/lenablau.com\/wp-content\/uploads\/2023\/05\/02.-Te-encontrare-en-el-silencio-sinopsis_Feed-copia-2-1024x1024.jpg?resize=350%2C200","width":350,"height":200},"classes":[]},{"id":1922,"url":"https:\/\/lenablau.com\/?page_id=1922","url_meta":{"origin":1764,"position":5},"title":"I tuit you","date":"junio 3, 2018","format":false,"excerpt":"\u00a0 \u00bfQu\u00e9 pasar\u00eda si ese actor que te derrite se fijara en ti? Olivia es una chica an\u00f3nima, luchadora y realista, que no se deja impresionar f\u00e1cilmente. Sus valores son firmes como una roca y se mantiene siempre fiel a s\u00ed misma. Un d\u00eda el famoso y guap\u00edsimo actor que\u2026","rel":"","context":"Entrada similar","img":{"alt_text":"","src":"https:\/\/i2.wp.com\/lenablau.com\/wp-content\/uploads\/2018\/06\/IMG_7238.jpg?fit=786%2C1200&ssl=1&resize=350%2C200","width":350,"height":200},"classes":[]}],"_links":{"self":[{"href":"https:\/\/lenablau.com\/index.php?rest_route=\/wp\/v2\/pages\/1764"}],"collection":[{"href":"https:\/\/lenablau.com\/index.php?rest_route=\/wp\/v2\/pages"}],"about":[{"href":"https:\/\/lenablau.com\/index.php?rest_route=\/wp\/v2\/types\/page"}],"author":[{"embeddable":true,"href":"https:\/\/lenablau.com\/index.php?rest_route=\/wp\/v2\/users\/1"}],"replies":[{"embeddable":true,"href":"https:\/\/lenablau.com\/index.php?rest_route=%2Fwp%2Fv2%2Fcomments&post=1764"}],"version-history":[{"count":8,"href":"https:\/\/lenablau.com\/index.php?rest_route=\/wp\/v2\/pages\/1764\/revisions"}],"predecessor-version":[{"id":1773,"href":"https:\/\/lenablau.com\/index.php?rest_route=\/wp\/v2\/pages\/1764\/revisions\/1773"}],"wp:attachment":[{"href":"https:\/\/lenablau.com\/index.php?rest_route=%2Fwp%2Fv2%2Fmedia&parent=1764"}],"curies":[{"name":"wp","href":"https:\/\/api.w.org\/{rel}","templated":true}]}}