{"id":1763,"date":"2018-05-26T14:49:38","date_gmt":"2018-05-26T14:49:38","guid":{"rendered":"http:\/\/lenablau.com\/?page_id=1763"},"modified":"2018-05-27T15:17:50","modified_gmt":"2018-05-27T15:17:50","slug":"aviso-legal","status":"publish","type":"page","link":"https:\/\/lenablau.com\/?page_id=1763","title":{"rendered":"Cookies"},"content":{"rendered":"<div id=\"outer-wrap\" class=\"clr\">\n<div id=\"wrap\" class=\"clr\">\n<div id=\"content-wrap\" class=\"container clr\">\n<div id=\"primary\" class=\"content-area clr\">\n<div id=\"content\" class=\"site-content clr\">\n<article id=\"single-blocks\" class=\"single-page-article wpex-clr\">\n<div class=\"single-page-content entry clr\">\n<div class=\"vc_row wpb_row vc_row-fluid\">\n<div class=\"wpb_column vc_column_container vc_col-sm-12\">\n<div class=\"vc_column-inner \">\n<div class=\"wpb_wrapper\">\n<div class=\"wpb_text_column wpb_content_element \">\n<p>&nbsp;<\/p>\n<div class=\"wpb_wrapper\">\n<div data-canvas-width=\"689.6000000000001\">\n<div data-canvas-width=\"783.9999999999997\">Utilizamos cookies para facilitar el uso de nuestra p\u00e1gina web. Las cookies son peque\u00f1os ficheros de informaci\u00f3n que nos permiten comparar y entender c\u00f3mo nuestros usuarios navegan a trav\u00e9s de nuestra p\u00e1gina web, y de esta manera poder mejorar consecuentemente el proceso de navegaci\u00f3n.<\/div>\n<div data-canvas-width=\"325.86\">Las cookies que utilizamos no almacenan dato personal alguno, ni ning\u00fan tipo de informaci\u00f3n que pueda identificarle. En caso de no querer recibir cookies, por favor configure su navegador de Internet para que las borre del disco duro de su ordenador, las bloquee o le avise en caso de instalaci\u00f3n de las mismas. Para continuar sin cambios en la configuraci\u00f3n de las cookies, simplemente contin\u00fae en la p\u00e1gina web.<\/div>\n<div data-canvas-width=\"696.3\">Puedes obtener m\u00e1s informaci\u00f3n sobre las cookies y su uso en www.aboutcookies.org.<\/div>\n<div data-canvas-width=\"287.53999999999996\">Los tipos de cookies que utilizamos Cookies estrictamente necesarias:<\/div>\n<div data-canvas-width=\"276.56000000000006\">Estas cookies son necesarias para el correcto uso de la p\u00e1gina web, permitiendo el acceso a secciones que cuentan con filtros de seguridad. Sin estas cookies, muchos de los servicios disponibles no estar\u00edan operativos.<\/div>\n<div data-canvas-width=\"203.22\">Cookies de Navegaci\u00f3n:<\/div>\n<div data-canvas-width=\"689.6000000000001\">Estas cookies recogen informaci\u00f3n sobre el uso que las visitas hacen de la web, por ejemplo p\u00e1ginas vistas, errores de carga\u2026 Es informaci\u00f3n gen\u00e9rica y an\u00f3nima, donde no se incluyen datos personales, ni se recoge informaci\u00f3n que identifique a los visitantes; siendo el objetivo \u00faltimo mejorar el funcionamiento de la web. Al visitar nuestra p\u00e1gina web, acepta la instalaci\u00f3n de estas cookies en su dispositivo.<\/div>\n<\/div>\n<div data-canvas-width=\"181.51999999999998\">Cookies Funcionales:<\/div>\n<div data-canvas-width=\"801.0599999999998\">Estas cookies permiten recordar informaci\u00f3n (como su nombre de usuario, idioma o la regi\u00f3n en la que se encuentra) y caracter\u00edsticas m\u00e1s personales. Por ejemplo, la posibilidad de ofrecer contenido personalizado basado en la informaci\u00f3n y criterios que hayas proporcionado voluntariamente. Estas<\/div>\n<div data-canvas-width=\"695.0800000000002\">cookies tambi\u00e9n pueden utilizarse para recordar los cambios realizados en el tama\u00f1o del texto, fuentes y otras partes personalizables de la p\u00e1gina web. Tambi\u00e9n se utilizan para ofrecer algunos servicios solicitados, como ver un video o comentar en un blog. La informaci\u00f3n que recopilan estas cookies puede ser an\u00f3nima y no podr\u00e1 ser seguida su actividad en otras p\u00e1ginas web. Al visitar nuestra p\u00e1gina web, aceptas la instalaci\u00f3n de estas cookies en tu dispositivo.<\/div>\n<div data-canvas-width=\"417.90000000000003\">C\u00f3mo administrar las cookies en los ordenadores<\/div>\n<div data-canvas-width=\"775.0600000000001\">Si quieres permitir el uso de cookies de nuestro site, por favor sigue las siguientes instrucciones.<\/div>\n<div data-canvas-width=\"127.46000000000001\">Google Chrome<\/div>\n<div data-canvas-width=\"753.1399999999995\">1. Al abrir el navegador, pincha \u201cherramientas\u201d en la parte superior y selecciona la pesta\u00f1a de<\/div>\n<div data-canvas-width=\"98.82\">\u201copciones\u201d.<\/div>\n<div data-canvas-width=\"355.9\">2. Dentro de opciones, pincha \u201cprivacidad\u201d.<\/div>\n<div data-canvas-width=\"401.3600000000001\">3. Marca \u201cpermitir la administraci\u00f3n de cookies\u201d.<\/div>\n<div class=\"canvasWrapper\"><\/div>\n<div data-canvas-width=\"355.58\">Microsoft Internet Explorer 6.0, 7.0, 8.0, 9.0<\/div>\n<div data-canvas-width=\"753.1399999999995\">1. Al abrir el navegador, pincha \u201cherramientas\u201d en la parte superior y selecciona la pesta\u00f1a de<\/div>\n<div data-canvas-width=\"98.82\">\u201copciones\u201d.<\/div>\n<div data-canvas-width=\"753.4599999999998\">2. Revisa la pesta\u00f1a de \u201cPrivacidad\u201d asegur\u00e1ndote est\u00e1 configurada con un nivel de seguridad<\/div>\n<div data-canvas-width=\"138.93999999999997\">medio o inferior.<\/div>\n<div data-canvas-width=\"648.48\">3. Si la configuraci\u00f3n de Internet no es media se estar\u00e1n bloqueando las cookies.<\/div>\n<div data-canvas-width=\"124.13999999999999\">Mozilla Firefox<\/div>\n<div data-canvas-width=\"753.1399999999995\">1. Al abrir el navegador, pincha \u201cherramientas\u201d en la parte superior y selecciona la pesta\u00f1a de<\/div>\n<div data-canvas-width=\"98.82\">\u201copciones\u201d.<\/div>\n<div data-canvas-width=\"294.88\">2. Selecciona el icono de Privacidad<\/div>\n<div data-canvas-width=\"536.8200000000002\">3. Pincha en cookies, y marca: \u201cpermitir la instalaci\u00f3n de cookies\u201d.<\/div>\n<div data-canvas-width=\"48.86\">Safari<\/div>\n<div data-canvas-width=\"753.1399999999995\">1. Al abrir el navegador, pincha \u201cherramientas\u201d en la parte superior y selecciona la pesta\u00f1a de<\/div>\n<div data-canvas-width=\"98.82\">\u201copciones\u201d.<\/div>\n<div data-canvas-width=\"758.9999999999995\">2. Pincha en la pesta\u00f1a de \u201cSeguridad\u201d y revisa si la opci\u00f3n \u201cBloquear el acceso de cookies de<\/div>\n<div data-canvas-width=\"230.94000000000003\">terceros\u201d est\u00e1 marcada o no.<\/div>\n<div data-canvas-width=\"187.12\">3. Pincha en \u201cguardar\u201d.<\/div>\n<div data-canvas-width=\"280.4\">La instalaci\u00f3n de cookies en Mac<\/div>\n<div data-canvas-width=\"784.8199999999999\">Si tienes un Mac y quieres permitir el acceso de nuestras cookies en tu ordenador, por favor sigue<\/div>\n<div data-canvas-width=\"228.24\">las siguientes instrucciones:<\/div>\n<div data-canvas-width=\"316.09999999999997\">Microsoft Internet Explorer 5.0 en OSX<\/div>\n<div data-canvas-width=\"624.0199999999999\">1. Entra en \u201cExplorer\u201d y selecciona \u201cPreferencias\u201d en la barra de navegaci\u00f3n.<\/div>\n<div data-canvas-width=\"692.8399999999999\">2. Haz scroll hacia abajo hasta que veas \u201cCookies\u201d justo debajo de archivos recibidos.<\/div>\n<div data-canvas-width=\"279.92\">3. Marca \u201cNo volver a preguntar\u201d.<\/div>\n<div data-canvas-width=\"114.47999999999999\">Safari en OSX<\/div>\n<div data-canvas-width=\"584.0199999999999\">1. Entra en Safari y selecciona \u201cPreferencias\u201d en la barra de navegaci\u00f3n.<\/div>\n<div data-canvas-width=\"613.4999999999997\">2.Pincha en la pesta\u00f1a de \u201cSeguridad\u201d y marcae la opci\u00f3n \u201caceptar cookies\u201d<\/div>\n<div data-canvas-width=\"607.3199999999999\">3. Selecciona la opci\u00f3n: \u201cS\u00f3lo desde el site actual en que estoy navegando\u201d<\/div>\n<div data-canvas-width=\"218.78000000000003\">Mozilla y Netscape en OSX<\/div>\n<div data-canvas-width=\"755.2999999999997\">1. Entra en \u201cMozilla\u201d o \u201cNetscape\u201d y en la parte superior de tu navegador, marca la opci\u00f3n de<\/div>\n<div data-canvas-width=\"121.62\">\u201cPreferencias\u201d<\/div>\n<div data-canvas-width=\"751.1199999999997\">2. Haz scroll hacia abajo hasta que veas \u201cCookies\u201d justo debajo de \u201cPrivacidad y Seguridad\u201d.<\/div>\n<div data-canvas-width=\"604.4799999999999\">3. Marca la opci\u00f3n \u201cPermitir el acceso de cookies s\u00f3lo desde el site actual\u201d<\/div>\n<div data-canvas-width=\"51.13999999999999\">Opera<\/div>\n<div data-canvas-width=\"648.3799999999997\">1. Entra en \u201cOpera\u201d y selecciona \u201cMenu\u201d y \u201cAjustes\u201d en la barra de navegaci\u00f3n.<\/div>\n<div data-canvas-width=\"545.8599999999999\">2. Selecciona \u201cPreferencias\u201d y pincha en la pesta\u00f1a de \u201cAvanzado\u201d.<\/div>\n<div data-canvas-width=\"301.9800000000001\">3. Marca la opci\u00f3n \u201cAceptar cookies\u201d<\/div>\n<\/div>\n<\/div>\n<\/div>\n<\/div>\n<\/div>\n<\/div>\n<\/div>\n<\/article>\n<\/div>\n<\/div>\n<\/div>\n<footer id=\"footer\" class=\"site-footer\">\n<div id=\"footer-inner\" class=\"site-footer-inner container clr\"><\/div>\n<\/footer>\n<div id=\"footer-bottom\" class=\"clr\"><\/div>\n<\/div>\n<\/div>\n<div id=\"cookie-law-info-bar\"><\/div>\n","protected":false},"excerpt":{"rendered":"<p>&nbsp; Utilizamos cookies para facilitar el uso de nuestra p\u00e1gina web. Las cookies son peque\u00f1os ficheros de informaci\u00f3n que nos permiten comparar y entender c\u00f3mo nuestros usuarios navegan a trav\u00e9s de nuestra p\u00e1gina web, y de esta manera poder mejorar consecuentemente el proceso de navegaci\u00f3n. Las cookies que utilizamos no almacenan dato personal alguno, ni&hellip; <\/p>\n","protected":false},"author":1,"featured_media":0,"parent":0,"menu_order":0,"comment_status":"closed","ping_status":"closed","template":"","meta":{"spay_email":""},"jetpack_sharing_enabled":false,"jetpack_shortlink":"https:\/\/wp.me\/P9WDl5-sr","jetpack-related-posts":[{"id":1764,"url":"https:\/\/lenablau.com\/?page_id=1764","url_meta":{"origin":1763,"position":0},"title":"Pol\u00edtica de privacidad","date":"mayo 26, 2018","format":false,"excerpt":"Esta p\u00e1gina Web es propiedad de Lena Blau, seud\u00f3nimo de escritora de Nuria Ybarra Puig (en adelante EL TITULAR) con NIF\u00a0n\u00ba 51066825V y domicilio en AV. Qui\u00f1ones 12A, Bajo B. 28702-San Sebasti\u00e1n de los Reyes. Para cualquier consulta o propuesta, cont\u00e1ctenos en el e-mail:\u00a0viejaolivetti@gmail.com Esta p\u00e1gina Web se rige por\u2026","rel":"","context":"Entrada similar","img":{"alt_text":"","src":"","width":0,"height":0},"classes":[]},{"id":2374,"url":"https:\/\/lenablau.com\/?page_id=2374","url_meta":{"origin":1763,"position":1},"title":"Te encontrar\u00e9 en el silencio","date":"mayo 23, 2023","format":false,"excerpt":"Ya ten\u00e9is disponible mi nueva novela\u00a0en librer\u00edas y en todas las plataformas digitales. \u00a1Espero que os anim\u00e9is a descubrir lo que se esconde entre sus p\u00e1ginas! \u00a0 LAS LECTORAS QUE YA LO HAN LE\u00cdDO HAN DICHO: \u00abNunca el silencio me hab\u00eda atrapado y erizado la piel como con este libro.\u2026","rel":"","context":"Entrada similar","img":{"alt_text":"","src":"https:\/\/i0.wp.com\/lenablau.com\/wp-content\/uploads\/2023\/05\/02.-Te-encontrare-en-el-silencio-sinopsis_Feed-copia-2-1024x1024.jpg?resize=350%2C200","width":350,"height":200},"classes":[]},{"id":1922,"url":"https:\/\/lenablau.com\/?page_id=1922","url_meta":{"origin":1763,"position":2},"title":"I tuit you","date":"junio 3, 2018","format":false,"excerpt":"\u00a0 \u00bfQu\u00e9 pasar\u00eda si ese actor que te derrite se fijara en ti? Olivia es una chica an\u00f3nima, luchadora y realista, que no se deja impresionar f\u00e1cilmente. Sus valores son firmes como una roca y se mantiene siempre fiel a s\u00ed misma. Un d\u00eda el famoso y guap\u00edsimo actor que\u2026","rel":"","context":"Entrada similar","img":{"alt_text":"","src":"https:\/\/i2.wp.com\/lenablau.com\/wp-content\/uploads\/2018\/06\/IMG_7238.jpg?fit=786%2C1200&ssl=1&resize=350%2C200","width":350,"height":200},"classes":[]},{"id":2148,"url":"https:\/\/lenablau.com\/?page_id=2148","url_meta":{"origin":1763,"position":3},"title":"Aevum","date":"diciembre 6, 2020","format":false,"excerpt":"\u00a0 Un secreto. Un amor prohibido. Una atracci\u00f3n inevitable. Daniela ha vuelto a Nueva Orleans para cumplir un sue\u00f1o que tiene pendiente. All\u00ed vivi\u00f3 un doloroso episodio cuando era una ni\u00f1a, pero ha llegado el momento de reencontrarse con sus ra\u00edces y olvidar el pasado. Lo \u00faltimo que entra en\u2026","rel":"","context":"Entrada similar","img":{"alt_text":"","src":"https:\/\/i0.wp.com\/lenablau.com\/wp-content\/uploads\/2020\/12\/PORTADA-AEVUM-KINDLE_RGB-72DPI.jpg?fit=750%2C1200&ssl=1&resize=350%2C200","width":350,"height":200},"classes":[]},{"id":2259,"url":"https:\/\/lenablau.com\/?page_id=2259","url_meta":{"origin":1763,"position":4},"title":"Oferta \u00abI Tuit You\u00bb","date":"noviembre 30, 2021","format":false,"excerpt":"\u00bfQuieres recibir esta novela en papel, dedicada con todo el cari\u00f1o por su autora? Ahora puedes pedirme I Tuit You en tapa blanda y dedicado personalmente. Es un regalo que os quiero hacer a todos los que no hab\u00e9is le\u00eddo a\u00fan esta historia o sois fans de Olivia y Adri\u00e1n\u2026","rel":"","context":"Entrada similar","img":{"alt_text":"","src":"https:\/\/i0.wp.com\/lenablau.com\/wp-content\/uploads\/2021\/11\/IMG_7512-1-768x1024.jpg?resize=350%2C200","width":350,"height":200},"classes":[]},{"id":1894,"url":"https:\/\/lenablau.com\/?page_id=1894","url_meta":{"origin":1763,"position":5},"title":"Ediciones de La Canci\u00f3n n\u00famero 7","date":"mayo 27, 2018","format":false,"excerpt":"La canci\u00f3n n\u00famero 7 ha sido editada en varias ocasiones y su portada ha ido evolucionando. \u00a0 \u00c9sta fue la portada que yo misma dise\u00f1\u00e9 cuando la publiqu\u00e9 en Amazon por primera vez en enero de 2013. Se convirti\u00f3 en tan s\u00f3lo unos d\u00edas en el n\u00ba1 y se mantuvo\u2026","rel":"","context":"Entrada similar","img":{"alt_text":"","src":"https:\/\/i2.wp.com\/lenablau.com\/wp-content\/uploads\/2013\/01\/newcoverlcn7low-212x300.jpg?resize=350%2C200","width":350,"height":200},"classes":[]}],"_links":{"self":[{"href":"https:\/\/lenablau.com\/index.php?rest_route=\/wp\/v2\/pages\/1763"}],"collection":[{"href":"https:\/\/lenablau.com\/index.php?rest_route=\/wp\/v2\/pages"}],"about":[{"href":"https:\/\/lenablau.com\/index.php?rest_route=\/wp\/v2\/types\/page"}],"author":[{"embeddable":true,"href":"https:\/\/lenablau.com\/index.php?rest_route=\/wp\/v2\/users\/1"}],"replies":[{"embeddable":true,"href":"https:\/\/lenablau.com\/index.php?rest_route=%2Fwp%2Fv2%2Fcomments&post=1763"}],"version-history":[{"count":11,"href":"https:\/\/lenablau.com\/index.php?rest_route=\/wp\/v2\/pages\/1763\/revisions"}],"predecessor-version":[{"id":1827,"href":"https:\/\/lenablau.com\/index.php?rest_route=\/wp\/v2\/pages\/1763\/revisions\/1827"}],"wp:attachment":[{"href":"https:\/\/lenablau.com\/index.php?rest_route=%2Fwp%2Fv2%2Fmedia&parent=1763"}],"curies":[{"name":"wp","href":"https:\/\/api.w.org\/{rel}","templated":true}]}}