{"id":1583,"date":"2018-05-23T12:33:32","date_gmt":"2018-05-23T12:33:32","guid":{"rendered":"http:\/\/lenablau.com\/?page_id=1583"},"modified":"2018-05-26T17:43:58","modified_gmt":"2018-05-26T17:43:58","slug":"relatos","status":"publish","type":"page","link":"https:\/\/lenablau.com\/?page_id=1583","title":{"rendered":"Relatos"},"content":{"rendered":"<p>Aunque lo que m\u00e1s me gusta es enrollarme de lo lindo y escribir novelas, a veces me da el punto y escribo relatos cortos, reflexiones o incluso pensamientos breves pero no por ello menos intensos.<\/p>\n<p><img data-attachment-id=\"1622\" data-permalink=\"https:\/\/lenablau.com\/?attachment_id=1622\" data-orig-file=\"https:\/\/i0.wp.com\/lenablau.com\/wp-content\/uploads\/2018\/05\/Captura-de-pantalla-2018-05-24-a-las-13.18.57.png?fit=1200%2C1198&amp;ssl=1\" data-orig-size=\"1200,1198\" data-comments-opened=\"1\" data-image-meta=\"{&quot;aperture&quot;:&quot;0&quot;,&quot;credit&quot;:&quot;&quot;,&quot;camera&quot;:&quot;&quot;,&quot;caption&quot;:&quot;&quot;,&quot;created_timestamp&quot;:&quot;0&quot;,&quot;copyright&quot;:&quot;&quot;,&quot;focal_length&quot;:&quot;0&quot;,&quot;iso&quot;:&quot;0&quot;,&quot;shutter_speed&quot;:&quot;0&quot;,&quot;title&quot;:&quot;&quot;,&quot;orientation&quot;:&quot;0&quot;}\" data-image-title=\"Intensidad\" data-image-description=\"\" data-image-caption=\"\" data-medium-file=\"https:\/\/i0.wp.com\/lenablau.com\/wp-content\/uploads\/2018\/05\/Captura-de-pantalla-2018-05-24-a-las-13.18.57.png?fit=300%2C300&amp;ssl=1\" data-large-file=\"https:\/\/i0.wp.com\/lenablau.com\/wp-content\/uploads\/2018\/05\/Captura-de-pantalla-2018-05-24-a-las-13.18.57.png?fit=790%2C788&amp;ssl=1\" loading=\"lazy\" class=\"size-medium wp-image-1622 aligncenter\" src=\"https:\/\/i0.wp.com\/lenablau.com\/wp-content\/uploads\/2018\/05\/Captura-de-pantalla-2018-05-24-a-las-13.18.57.png?resize=300%2C300\" alt=\"\" width=\"300\" height=\"300\" srcset=\"https:\/\/i0.wp.com\/lenablau.com\/wp-content\/uploads\/2018\/05\/Captura-de-pantalla-2018-05-24-a-las-13.18.57.png?resize=300%2C300&amp;ssl=1 300w, https:\/\/i0.wp.com\/lenablau.com\/wp-content\/uploads\/2018\/05\/Captura-de-pantalla-2018-05-24-a-las-13.18.57.png?resize=150%2C150&amp;ssl=1 150w, https:\/\/i0.wp.com\/lenablau.com\/wp-content\/uploads\/2018\/05\/Captura-de-pantalla-2018-05-24-a-las-13.18.57.png?resize=768%2C767&amp;ssl=1 768w, https:\/\/i0.wp.com\/lenablau.com\/wp-content\/uploads\/2018\/05\/Captura-de-pantalla-2018-05-24-a-las-13.18.57.png?resize=1024%2C1022&amp;ssl=1 1024w, https:\/\/i0.wp.com\/lenablau.com\/wp-content\/uploads\/2018\/05\/Captura-de-pantalla-2018-05-24-a-las-13.18.57.png?w=1200&amp;ssl=1 1200w\" sizes=\"(max-width: 300px) 100vw, 300px\" data-recalc-dims=\"1\" \/><\/p>\n<p>\u00a1Est\u00e1is m\u00e1s que invitados a darles un vistazo!<\/p>\n<p><strong><a href=\"http:\/\/lenablau.com\/?p=294\">La burbuja<\/a><\/strong><\/p>\n<p><strong><a href=\"http:\/\/lenablau.com\/?p=258\">Silencioso tranv\u00eda<\/a><\/strong><\/p>\n<p><strong><a href=\"http:\/\/lenablau.com\/?p=75\">Ser un hada<\/a><\/strong><\/p>\n<p><strong><a href=\"http:\/\/lenablau.com\/?p=243\">Adicta a mi otro yo<\/a><\/strong><\/p>\n<p><strong><a href=\"http:\/\/lenablau.com\/?p=251\">Espera, puedes respirar<\/a><\/strong><\/p>\n<p><strong><a href=\"http:\/\/lenablau.com\/?p=261\">S\u00f3lo di s\u00ed<\/a><\/strong><\/p>\n<p><strong><a href=\"http:\/\/lenablau.com\/?p=278\">Un viaje a Roma&#8230;<\/a><\/strong><\/p>\n<p><strong><a href=\"http:\/\/lenablau.com\/?p=303\">La noche m\u00e1s corta<\/a><\/strong><\/p>\n<p><strong><a href=\"http:\/\/lenablau.com\/?p=325\">Cuando no era tan f\u00e1cil<\/a><\/strong><\/p>\n<p><strong><a href=\"http:\/\/lenablau.com\/?p=381\">Par\u00e9ntesis en movimiento<\/a><\/strong><\/p>\n<p><strong><a href=\"http:\/\/lenablau.com\/?p=386\">El valor del tiempo<\/a><\/strong><\/p>\n<p><b><a href=\"http:\/\/lenablau.com\/?p=531\">Hermanas<\/a><\/b><\/p>\n<p><strong><a href=\"http:\/\/lenablau.com\/?p=792\">El bar de Antonio<\/a><\/strong><\/p>\n<p><strong><a href=\"http:\/\/lenablau.com\/?p=1034\">El tren de oto\u00f1o<\/a><\/strong><\/p>\n<p>&nbsp;<\/p>\n<p>MICRORELATOS<\/p>\n<p><img data-attachment-id=\"1620\" data-permalink=\"https:\/\/lenablau.com\/?attachment_id=1620\" data-orig-file=\"https:\/\/i1.wp.com\/lenablau.com\/wp-content\/uploads\/2018\/05\/Captura-de-pantalla-2018-05-24-a-las-13.08.46.png?fit=970%2C1196&amp;ssl=1\" data-orig-size=\"970,1196\" data-comments-opened=\"1\" data-image-meta=\"{&quot;aperture&quot;:&quot;0&quot;,&quot;credit&quot;:&quot;&quot;,&quot;camera&quot;:&quot;&quot;,&quot;caption&quot;:&quot;&quot;,&quot;created_timestamp&quot;:&quot;0&quot;,&quot;copyright&quot;:&quot;&quot;,&quot;focal_length&quot;:&quot;0&quot;,&quot;iso&quot;:&quot;0&quot;,&quot;shutter_speed&quot;:&quot;0&quot;,&quot;title&quot;:&quot;&quot;,&quot;orientation&quot;:&quot;0&quot;}\" data-image-title=\"Realidad o ficci\u00f3n\" data-image-description=\"\" data-image-caption=\"\" data-medium-file=\"https:\/\/i1.wp.com\/lenablau.com\/wp-content\/uploads\/2018\/05\/Captura-de-pantalla-2018-05-24-a-las-13.08.46.png?fit=243%2C300&amp;ssl=1\" data-large-file=\"https:\/\/i1.wp.com\/lenablau.com\/wp-content\/uploads\/2018\/05\/Captura-de-pantalla-2018-05-24-a-las-13.08.46.png?fit=790%2C973&amp;ssl=1\" loading=\"lazy\" class=\"size-medium wp-image-1620 alignnone\" src=\"https:\/\/i1.wp.com\/lenablau.com\/wp-content\/uploads\/2018\/05\/Captura-de-pantalla-2018-05-24-a-las-13.08.46.png?resize=243%2C300\" alt=\"\" width=\"243\" height=\"300\" srcset=\"https:\/\/i1.wp.com\/lenablau.com\/wp-content\/uploads\/2018\/05\/Captura-de-pantalla-2018-05-24-a-las-13.08.46.png?resize=243%2C300&amp;ssl=1 243w, https:\/\/i1.wp.com\/lenablau.com\/wp-content\/uploads\/2018\/05\/Captura-de-pantalla-2018-05-24-a-las-13.08.46.png?resize=768%2C947&amp;ssl=1 768w, https:\/\/i1.wp.com\/lenablau.com\/wp-content\/uploads\/2018\/05\/Captura-de-pantalla-2018-05-24-a-las-13.08.46.png?resize=831%2C1024&amp;ssl=1 831w, https:\/\/i1.wp.com\/lenablau.com\/wp-content\/uploads\/2018\/05\/Captura-de-pantalla-2018-05-24-a-las-13.08.46.png?w=970&amp;ssl=1 970w\" sizes=\"(max-width: 243px) 100vw, 243px\" data-recalc-dims=\"1\" \/><\/p>\n<p>&nbsp;<\/p>\n<p><img data-attachment-id=\"1619\" data-permalink=\"https:\/\/lenablau.com\/?attachment_id=1619\" data-orig-file=\"https:\/\/i2.wp.com\/lenablau.com\/wp-content\/uploads\/2018\/05\/Captura-de-pantalla-2018-05-24-a-las-13.08.26.png?fit=1202%2C1200&amp;ssl=1\" data-orig-size=\"1202,1200\" data-comments-opened=\"1\" data-image-meta=\"{&quot;aperture&quot;:&quot;0&quot;,&quot;credit&quot;:&quot;&quot;,&quot;camera&quot;:&quot;&quot;,&quot;caption&quot;:&quot;&quot;,&quot;created_timestamp&quot;:&quot;0&quot;,&quot;copyright&quot;:&quot;&quot;,&quot;focal_length&quot;:&quot;0&quot;,&quot;iso&quot;:&quot;0&quot;,&quot;shutter_speed&quot;:&quot;0&quot;,&quot;title&quot;:&quot;&quot;,&quot;orientation&quot;:&quot;0&quot;}\" data-image-title=\"Silencio\" data-image-description=\"\" data-image-caption=\"\" data-medium-file=\"https:\/\/i2.wp.com\/lenablau.com\/wp-content\/uploads\/2018\/05\/Captura-de-pantalla-2018-05-24-a-las-13.08.26.png?fit=300%2C300&amp;ssl=1\" data-large-file=\"https:\/\/i2.wp.com\/lenablau.com\/wp-content\/uploads\/2018\/05\/Captura-de-pantalla-2018-05-24-a-las-13.08.26.png?fit=790%2C788&amp;ssl=1\" loading=\"lazy\" class=\"aligncenter size-medium wp-image-1619\" src=\"https:\/\/i2.wp.com\/lenablau.com\/wp-content\/uploads\/2018\/05\/Captura-de-pantalla-2018-05-24-a-las-13.08.26.png?resize=300%2C300\" alt=\"\" width=\"300\" height=\"300\" srcset=\"https:\/\/i2.wp.com\/lenablau.com\/wp-content\/uploads\/2018\/05\/Captura-de-pantalla-2018-05-24-a-las-13.08.26.png?resize=300%2C300&amp;ssl=1 300w, https:\/\/i2.wp.com\/lenablau.com\/wp-content\/uploads\/2018\/05\/Captura-de-pantalla-2018-05-24-a-las-13.08.26.png?resize=150%2C150&amp;ssl=1 150w, https:\/\/i2.wp.com\/lenablau.com\/wp-content\/uploads\/2018\/05\/Captura-de-pantalla-2018-05-24-a-las-13.08.26.png?resize=768%2C767&amp;ssl=1 768w, https:\/\/i2.wp.com\/lenablau.com\/wp-content\/uploads\/2018\/05\/Captura-de-pantalla-2018-05-24-a-las-13.08.26.png?resize=1024%2C1022&amp;ssl=1 1024w, https:\/\/i2.wp.com\/lenablau.com\/wp-content\/uploads\/2018\/05\/Captura-de-pantalla-2018-05-24-a-las-13.08.26.png?w=1202&amp;ssl=1 1202w\" sizes=\"(max-width: 300px) 100vw, 300px\" data-recalc-dims=\"1\" \/><\/p>\n<p>&nbsp;<\/p>\n<p><img data-attachment-id=\"1618\" data-permalink=\"https:\/\/lenablau.com\/?attachment_id=1618\" data-orig-file=\"https:\/\/i0.wp.com\/lenablau.com\/wp-content\/uploads\/2018\/05\/Captura-de-pantalla-2018-05-24-a-las-13.08.12.png?fit=1192%2C1188&amp;ssl=1\" data-orig-size=\"1192,1188\" data-comments-opened=\"1\" data-image-meta=\"{&quot;aperture&quot;:&quot;0&quot;,&quot;credit&quot;:&quot;&quot;,&quot;camera&quot;:&quot;&quot;,&quot;caption&quot;:&quot;&quot;,&quot;created_timestamp&quot;:&quot;0&quot;,&quot;copyright&quot;:&quot;&quot;,&quot;focal_length&quot;:&quot;0&quot;,&quot;iso&quot;:&quot;0&quot;,&quot;shutter_speed&quot;:&quot;0&quot;,&quot;title&quot;:&quot;&quot;,&quot;orientation&quot;:&quot;0&quot;}\" data-image-title=\"El horizonte\" data-image-description=\"\" data-image-caption=\"\" data-medium-file=\"https:\/\/i0.wp.com\/lenablau.com\/wp-content\/uploads\/2018\/05\/Captura-de-pantalla-2018-05-24-a-las-13.08.12.png?fit=300%2C300&amp;ssl=1\" data-large-file=\"https:\/\/i0.wp.com\/lenablau.com\/wp-content\/uploads\/2018\/05\/Captura-de-pantalla-2018-05-24-a-las-13.08.12.png?fit=790%2C788&amp;ssl=1\" loading=\"lazy\" class=\"size-medium wp-image-1618 alignnone\" src=\"https:\/\/i0.wp.com\/lenablau.com\/wp-content\/uploads\/2018\/05\/Captura-de-pantalla-2018-05-24-a-las-13.08.12.png?resize=300%2C300\" alt=\"\" width=\"300\" height=\"300\" srcset=\"https:\/\/i0.wp.com\/lenablau.com\/wp-content\/uploads\/2018\/05\/Captura-de-pantalla-2018-05-24-a-las-13.08.12.png?resize=300%2C300&amp;ssl=1 300w, https:\/\/i0.wp.com\/lenablau.com\/wp-content\/uploads\/2018\/05\/Captura-de-pantalla-2018-05-24-a-las-13.08.12.png?resize=150%2C150&amp;ssl=1 150w, https:\/\/i0.wp.com\/lenablau.com\/wp-content\/uploads\/2018\/05\/Captura-de-pantalla-2018-05-24-a-las-13.08.12.png?resize=768%2C765&amp;ssl=1 768w, https:\/\/i0.wp.com\/lenablau.com\/wp-content\/uploads\/2018\/05\/Captura-de-pantalla-2018-05-24-a-las-13.08.12.png?resize=1024%2C1021&amp;ssl=1 1024w, https:\/\/i0.wp.com\/lenablau.com\/wp-content\/uploads\/2018\/05\/Captura-de-pantalla-2018-05-24-a-las-13.08.12.png?w=1192&amp;ssl=1 1192w\" sizes=\"(max-width: 300px) 100vw, 300px\" data-recalc-dims=\"1\" \/><\/p>\n<p>&nbsp;<\/p>\n<p><img data-attachment-id=\"1623\" data-permalink=\"https:\/\/lenablau.com\/?attachment_id=1623\" data-orig-file=\"https:\/\/i0.wp.com\/lenablau.com\/wp-content\/uploads\/2018\/05\/Captura-de-pantalla-2018-05-24-a-las-13.19.40.png?fit=1186%2C1182&amp;ssl=1\" data-orig-size=\"1186,1182\" data-comments-opened=\"1\" data-image-meta=\"{&quot;aperture&quot;:&quot;0&quot;,&quot;credit&quot;:&quot;&quot;,&quot;camera&quot;:&quot;&quot;,&quot;caption&quot;:&quot;&quot;,&quot;created_timestamp&quot;:&quot;0&quot;,&quot;copyright&quot;:&quot;&quot;,&quot;focal_length&quot;:&quot;0&quot;,&quot;iso&quot;:&quot;0&quot;,&quot;shutter_speed&quot;:&quot;0&quot;,&quot;title&quot;:&quot;&quot;,&quot;orientation&quot;:&quot;0&quot;}\" data-image-title=\"Noches\" data-image-description=\"\" data-image-caption=\"\" data-medium-file=\"https:\/\/i0.wp.com\/lenablau.com\/wp-content\/uploads\/2018\/05\/Captura-de-pantalla-2018-05-24-a-las-13.19.40.png?fit=300%2C300&amp;ssl=1\" data-large-file=\"https:\/\/i0.wp.com\/lenablau.com\/wp-content\/uploads\/2018\/05\/Captura-de-pantalla-2018-05-24-a-las-13.19.40.png?fit=790%2C788&amp;ssl=1\" loading=\"lazy\" class=\"aligncenter size-medium wp-image-1623\" src=\"https:\/\/i0.wp.com\/lenablau.com\/wp-content\/uploads\/2018\/05\/Captura-de-pantalla-2018-05-24-a-las-13.19.40.png?resize=300%2C300\" alt=\"\" width=\"300\" height=\"300\" srcset=\"https:\/\/i0.wp.com\/lenablau.com\/wp-content\/uploads\/2018\/05\/Captura-de-pantalla-2018-05-24-a-las-13.19.40.png?resize=300%2C300&amp;ssl=1 300w, https:\/\/i0.wp.com\/lenablau.com\/wp-content\/uploads\/2018\/05\/Captura-de-pantalla-2018-05-24-a-las-13.19.40.png?resize=150%2C150&amp;ssl=1 150w, https:\/\/i0.wp.com\/lenablau.com\/wp-content\/uploads\/2018\/05\/Captura-de-pantalla-2018-05-24-a-las-13.19.40.png?resize=768%2C765&amp;ssl=1 768w, https:\/\/i0.wp.com\/lenablau.com\/wp-content\/uploads\/2018\/05\/Captura-de-pantalla-2018-05-24-a-las-13.19.40.png?resize=1024%2C1021&amp;ssl=1 1024w, https:\/\/i0.wp.com\/lenablau.com\/wp-content\/uploads\/2018\/05\/Captura-de-pantalla-2018-05-24-a-las-13.19.40.png?w=1186&amp;ssl=1 1186w\" sizes=\"(max-width: 300px) 100vw, 300px\" data-recalc-dims=\"1\" \/><\/p>\n<p>&nbsp;<\/p>\n<p><img data-attachment-id=\"1617\" data-permalink=\"https:\/\/lenablau.com\/?attachment_id=1617\" data-orig-file=\"https:\/\/i1.wp.com\/lenablau.com\/wp-content\/uploads\/2018\/05\/Captura-de-pantalla-2018-05-24-a-las-13.04.06.png?fit=1202%2C1200&amp;ssl=1\" data-orig-size=\"1202,1200\" data-comments-opened=\"1\" data-image-meta=\"{&quot;aperture&quot;:&quot;0&quot;,&quot;credit&quot;:&quot;&quot;,&quot;camera&quot;:&quot;&quot;,&quot;caption&quot;:&quot;&quot;,&quot;created_timestamp&quot;:&quot;0&quot;,&quot;copyright&quot;:&quot;&quot;,&quot;focal_length&quot;:&quot;0&quot;,&quot;iso&quot;:&quot;0&quot;,&quot;shutter_speed&quot;:&quot;0&quot;,&quot;title&quot;:&quot;&quot;,&quot;orientation&quot;:&quot;0&quot;}\" data-image-title=\"Colecciones\" data-image-description=\"\" data-image-caption=\"\" data-medium-file=\"https:\/\/i1.wp.com\/lenablau.com\/wp-content\/uploads\/2018\/05\/Captura-de-pantalla-2018-05-24-a-las-13.04.06.png?fit=300%2C300&amp;ssl=1\" data-large-file=\"https:\/\/i1.wp.com\/lenablau.com\/wp-content\/uploads\/2018\/05\/Captura-de-pantalla-2018-05-24-a-las-13.04.06.png?fit=790%2C788&amp;ssl=1\" loading=\"lazy\" class=\"size-medium wp-image-1617 alignnone\" src=\"https:\/\/i1.wp.com\/lenablau.com\/wp-content\/uploads\/2018\/05\/Captura-de-pantalla-2018-05-24-a-las-13.04.06.png?resize=300%2C300\" alt=\"\" width=\"300\" height=\"300\" srcset=\"https:\/\/i1.wp.com\/lenablau.com\/wp-content\/uploads\/2018\/05\/Captura-de-pantalla-2018-05-24-a-las-13.04.06.png?resize=300%2C300&amp;ssl=1 300w, https:\/\/i1.wp.com\/lenablau.com\/wp-content\/uploads\/2018\/05\/Captura-de-pantalla-2018-05-24-a-las-13.04.06.png?resize=150%2C150&amp;ssl=1 150w, https:\/\/i1.wp.com\/lenablau.com\/wp-content\/uploads\/2018\/05\/Captura-de-pantalla-2018-05-24-a-las-13.04.06.png?resize=768%2C767&amp;ssl=1 768w, https:\/\/i1.wp.com\/lenablau.com\/wp-content\/uploads\/2018\/05\/Captura-de-pantalla-2018-05-24-a-las-13.04.06.png?resize=1024%2C1022&amp;ssl=1 1024w, https:\/\/i1.wp.com\/lenablau.com\/wp-content\/uploads\/2018\/05\/Captura-de-pantalla-2018-05-24-a-las-13.04.06.png?w=1202&amp;ssl=1 1202w\" sizes=\"(max-width: 300px) 100vw, 300px\" data-recalc-dims=\"1\" \/><\/p>\n<p>&nbsp;<\/p>\n<p><img data-attachment-id=\"1625\" data-permalink=\"https:\/\/lenablau.com\/?attachment_id=1625\" data-orig-file=\"https:\/\/i1.wp.com\/lenablau.com\/wp-content\/uploads\/2018\/05\/Captura-de-pantalla-2018-05-24-a-las-13.18.18.png?fit=1200%2C1202&amp;ssl=1\" data-orig-size=\"1200,1202\" data-comments-opened=\"1\" data-image-meta=\"{&quot;aperture&quot;:&quot;0&quot;,&quot;credit&quot;:&quot;&quot;,&quot;camera&quot;:&quot;&quot;,&quot;caption&quot;:&quot;&quot;,&quot;created_timestamp&quot;:&quot;0&quot;,&quot;copyright&quot;:&quot;&quot;,&quot;focal_length&quot;:&quot;0&quot;,&quot;iso&quot;:&quot;0&quot;,&quot;shutter_speed&quot;:&quot;0&quot;,&quot;title&quot;:&quot;&quot;,&quot;orientation&quot;:&quot;0&quot;}\" data-image-title=\"Mi ni\u00f1o\" data-image-description=\"\" data-image-caption=\"\" data-medium-file=\"https:\/\/i1.wp.com\/lenablau.com\/wp-content\/uploads\/2018\/05\/Captura-de-pantalla-2018-05-24-a-las-13.18.18.png?fit=300%2C300&amp;ssl=1\" data-large-file=\"https:\/\/i1.wp.com\/lenablau.com\/wp-content\/uploads\/2018\/05\/Captura-de-pantalla-2018-05-24-a-las-13.18.18.png?fit=790%2C792&amp;ssl=1\" loading=\"lazy\" class=\"aligncenter size-medium wp-image-1625\" src=\"https:\/\/i1.wp.com\/lenablau.com\/wp-content\/uploads\/2018\/05\/Captura-de-pantalla-2018-05-24-a-las-13.18.18.png?resize=300%2C300\" alt=\"\" width=\"300\" height=\"300\" srcset=\"https:\/\/i1.wp.com\/lenablau.com\/wp-content\/uploads\/2018\/05\/Captura-de-pantalla-2018-05-24-a-las-13.18.18.png?resize=300%2C300&amp;ssl=1 300w, https:\/\/i1.wp.com\/lenablau.com\/wp-content\/uploads\/2018\/05\/Captura-de-pantalla-2018-05-24-a-las-13.18.18.png?resize=150%2C150&amp;ssl=1 150w, https:\/\/i1.wp.com\/lenablau.com\/wp-content\/uploads\/2018\/05\/Captura-de-pantalla-2018-05-24-a-las-13.18.18.png?resize=768%2C769&amp;ssl=1 768w, https:\/\/i1.wp.com\/lenablau.com\/wp-content\/uploads\/2018\/05\/Captura-de-pantalla-2018-05-24-a-las-13.18.18.png?resize=1022%2C1024&amp;ssl=1 1022w, https:\/\/i1.wp.com\/lenablau.com\/wp-content\/uploads\/2018\/05\/Captura-de-pantalla-2018-05-24-a-las-13.18.18.png?w=1200&amp;ssl=1 1200w\" sizes=\"(max-width: 300px) 100vw, 300px\" data-recalc-dims=\"1\" \/><\/p>\n<p>&nbsp;<\/p>\n<p><img data-attachment-id=\"1622\" data-permalink=\"https:\/\/lenablau.com\/?attachment_id=1622\" data-orig-file=\"https:\/\/i0.wp.com\/lenablau.com\/wp-content\/uploads\/2018\/05\/Captura-de-pantalla-2018-05-24-a-las-13.18.57.png?fit=1200%2C1198&amp;ssl=1\" data-orig-size=\"1200,1198\" data-comments-opened=\"1\" data-image-meta=\"{&quot;aperture&quot;:&quot;0&quot;,&quot;credit&quot;:&quot;&quot;,&quot;camera&quot;:&quot;&quot;,&quot;caption&quot;:&quot;&quot;,&quot;created_timestamp&quot;:&quot;0&quot;,&quot;copyright&quot;:&quot;&quot;,&quot;focal_length&quot;:&quot;0&quot;,&quot;iso&quot;:&quot;0&quot;,&quot;shutter_speed&quot;:&quot;0&quot;,&quot;title&quot;:&quot;&quot;,&quot;orientation&quot;:&quot;0&quot;}\" data-image-title=\"Intensidad\" data-image-description=\"\" data-image-caption=\"\" data-medium-file=\"https:\/\/i0.wp.com\/lenablau.com\/wp-content\/uploads\/2018\/05\/Captura-de-pantalla-2018-05-24-a-las-13.18.57.png?fit=300%2C300&amp;ssl=1\" data-large-file=\"https:\/\/i0.wp.com\/lenablau.com\/wp-content\/uploads\/2018\/05\/Captura-de-pantalla-2018-05-24-a-las-13.18.57.png?fit=790%2C788&amp;ssl=1\" loading=\"lazy\" class=\"size-medium wp-image-1622 alignnone\" src=\"https:\/\/i0.wp.com\/lenablau.com\/wp-content\/uploads\/2018\/05\/Captura-de-pantalla-2018-05-24-a-las-13.18.57.png?resize=300%2C300\" alt=\"\" width=\"300\" height=\"300\" srcset=\"https:\/\/i0.wp.com\/lenablau.com\/wp-content\/uploads\/2018\/05\/Captura-de-pantalla-2018-05-24-a-las-13.18.57.png?resize=300%2C300&amp;ssl=1 300w, https:\/\/i0.wp.com\/lenablau.com\/wp-content\/uploads\/2018\/05\/Captura-de-pantalla-2018-05-24-a-las-13.18.57.png?resize=150%2C150&amp;ssl=1 150w, https:\/\/i0.wp.com\/lenablau.com\/wp-content\/uploads\/2018\/05\/Captura-de-pantalla-2018-05-24-a-las-13.18.57.png?resize=768%2C767&amp;ssl=1 768w, https:\/\/i0.wp.com\/lenablau.com\/wp-content\/uploads\/2018\/05\/Captura-de-pantalla-2018-05-24-a-las-13.18.57.png?resize=1024%2C1022&amp;ssl=1 1024w, https:\/\/i0.wp.com\/lenablau.com\/wp-content\/uploads\/2018\/05\/Captura-de-pantalla-2018-05-24-a-las-13.18.57.png?w=1200&amp;ssl=1 1200w\" sizes=\"(max-width: 300px) 100vw, 300px\" data-recalc-dims=\"1\" \/><\/p>\n<p>&nbsp;<\/p>\n<p><img data-attachment-id=\"1741\" data-permalink=\"https:\/\/lenablau.com\/?attachment_id=1741\" data-orig-file=\"https:\/\/i1.wp.com\/lenablau.com\/wp-content\/uploads\/2018\/05\/Captura-de-pantalla-2018-05-24-a-las-22.55.42.png?fit=764%2C1302&amp;ssl=1\" data-orig-size=\"764,1302\" data-comments-opened=\"1\" data-image-meta=\"{&quot;aperture&quot;:&quot;0&quot;,&quot;credit&quot;:&quot;&quot;,&quot;camera&quot;:&quot;&quot;,&quot;caption&quot;:&quot;&quot;,&quot;created_timestamp&quot;:&quot;0&quot;,&quot;copyright&quot;:&quot;&quot;,&quot;focal_length&quot;:&quot;0&quot;,&quot;iso&quot;:&quot;0&quot;,&quot;shutter_speed&quot;:&quot;0&quot;,&quot;title&quot;:&quot;&quot;,&quot;orientation&quot;:&quot;0&quot;}\" data-image-title=\"Reencuentro\" data-image-description=\"\" data-image-caption=\"\" data-medium-file=\"https:\/\/i1.wp.com\/lenablau.com\/wp-content\/uploads\/2018\/05\/Captura-de-pantalla-2018-05-24-a-las-22.55.42.png?fit=176%2C300&amp;ssl=1\" data-large-file=\"https:\/\/i1.wp.com\/lenablau.com\/wp-content\/uploads\/2018\/05\/Captura-de-pantalla-2018-05-24-a-las-22.55.42.png?fit=601%2C1024&amp;ssl=1\" loading=\"lazy\" class=\"aligncenter size-medium wp-image-1741\" src=\"https:\/\/i1.wp.com\/lenablau.com\/wp-content\/uploads\/2018\/05\/Captura-de-pantalla-2018-05-24-a-las-22.55.42.png?resize=176%2C300\" alt=\"\" width=\"176\" height=\"300\" srcset=\"https:\/\/i1.wp.com\/lenablau.com\/wp-content\/uploads\/2018\/05\/Captura-de-pantalla-2018-05-24-a-las-22.55.42.png?resize=176%2C300&amp;ssl=1 176w, https:\/\/i1.wp.com\/lenablau.com\/wp-content\/uploads\/2018\/05\/Captura-de-pantalla-2018-05-24-a-las-22.55.42.png?resize=601%2C1024&amp;ssl=1 601w, https:\/\/i1.wp.com\/lenablau.com\/wp-content\/uploads\/2018\/05\/Captura-de-pantalla-2018-05-24-a-las-22.55.42.png?w=764&amp;ssl=1 764w\" sizes=\"(max-width: 176px) 100vw, 176px\" data-recalc-dims=\"1\" \/><\/p>\n","protected":false},"excerpt":{"rendered":"<p>Aunque lo que m\u00e1s me gusta es enrollarme de lo lindo y escribir novelas, a veces me da el punto y escribo relatos cortos, reflexiones o incluso pensamientos breves pero no por ello menos intensos. \u00a1Est\u00e1is m\u00e1s que invitados a darles un vistazo! La burbuja Silencioso tranv\u00eda Ser un hada Adicta a mi otro yo&hellip; <\/p>\n","protected":false},"author":1,"featured_media":0,"parent":0,"menu_order":3,"comment_status":"closed","ping_status":"closed","template":"","meta":{"spay_email":""},"jetpack_sharing_enabled":true,"jetpack_shortlink":"https:\/\/wp.me\/P9WDl5-px","jetpack-related-posts":[{"id":2148,"url":"https:\/\/lenablau.com\/?page_id=2148","url_meta":{"origin":1583,"position":0},"title":"Aevum","date":"diciembre 6, 2020","format":false,"excerpt":"\u00a0 Un secreto. Un amor prohibido. Una atracci\u00f3n inevitable. Daniela ha vuelto a Nueva Orleans para cumplir un sue\u00f1o que tiene pendiente. All\u00ed vivi\u00f3 un doloroso episodio cuando era una ni\u00f1a, pero ha llegado el momento de reencontrarse con sus ra\u00edces y olvidar el pasado. Lo \u00faltimo que entra en\u2026","rel":"","context":"Entrada similar","img":{"alt_text":"","src":"https:\/\/i0.wp.com\/lenablau.com\/wp-content\/uploads\/2020\/12\/PORTADA-AEVUM-KINDLE_RGB-72DPI.jpg?fit=750%2C1200&ssl=1&resize=350%2C200","width":350,"height":200},"classes":[]},{"id":1432,"url":"https:\/\/lenablau.com\/?page_id=1432","url_meta":{"origin":1583,"position":1},"title":"Entrevistas y +","date":"mayo 21, 2018","format":false,"excerpt":"En esta secci\u00f3n os dejo una serie de links a entrevistas y rese\u00f1as sobre mis libros. La entrevista m\u00e1s reciente ha sido para Kreatanautas, un programa muy chulo de un canal de YouTube donde me lo pas\u00e9 bomba. Con ellos tuve la oportunidad de repasar mi trayectoria como escritora y\u2026","rel":"","context":"Entrada similar","img":{"alt_text":"","src":"https:\/\/i0.wp.com\/img.youtube.com\/vi\/ix2-fTJNsSs\/0.jpg?resize=350%2C200","width":350,"height":200},"classes":[]},{"id":1195,"url":"https:\/\/lenablau.com\/?page_id=1195","url_meta":{"origin":1583,"position":2},"title":"Traici\u00f3n (Aevum 2)","date":"diciembre 23, 2016","format":false,"excerpt":"\u00a0 \u00a0 Despu\u00e9s de haber descubierto qui\u00e9n es realmente, Daniela se est\u00e1 acostumbrando a ser una aevum sin la ayuda de Axel y los dem\u00e1s. Obligada a mantenerse alejada del peligro, permanece en Nueva Orleans, donde ella y su familia por ahora est\u00e1n a salvo de los numerosos enemigos de\u2026","rel":"","context":"Entrada similar","img":{"alt_text":"","src":"https:\/\/i1.wp.com\/lenablau.com\/wp-content\/uploads\/2020\/12\/PORTADA-TRAICION-KINDLE-72DPI-RGB.jpg?fit=750%2C1200&ssl=1&resize=350%2C200","width":350,"height":200},"classes":[]},{"id":2153,"url":"https:\/\/lenablau.com\/?page_id=2153","url_meta":{"origin":1583,"position":3},"title":"La canci\u00f3n n\u00famero 7","date":"diciembre 6, 2020","format":false,"excerpt":"DESCUBRE LA NOVELA FAVORITA DE LOS QUE SE ATREVEN A SENTIR. \u00abUn libro que me llen\u00f3 el alma.. Me hizo re\u00edr, llorar y sentir mariposas en el est\u00f3mago. \u00a1Absolutamente inolvidable!\u00bb \u00ab\u00a1La historia rom\u00e1ntica m\u00e1s adictiva y emocionante que he le\u00eddo en mucho tiempo! Llega directa al coraz\u00f3n y sus personajes\u2026","rel":"","context":"Entrada similar","img":{"alt_text":"","src":"https:\/\/i2.wp.com\/lenablau.com\/wp-content\/uploads\/2021\/07\/portada-ebook-lcn7-2021-2-683x1024.jpg?resize=350%2C200","width":350,"height":200},"classes":[]},{"id":2374,"url":"https:\/\/lenablau.com\/?page_id=2374","url_meta":{"origin":1583,"position":4},"title":"Te encontrar\u00e9 en el silencio","date":"mayo 23, 2023","format":false,"excerpt":"Ya ten\u00e9is disponible mi nueva novela\u00a0en librer\u00edas y en todas las plataformas digitales. \u00a1Espero que os anim\u00e9is a descubrir lo que se esconde entre sus p\u00e1ginas! \u00a0 LAS LECTORAS QUE YA LO HAN LE\u00cdDO HAN DICHO: \u00abNunca el silencio me hab\u00eda atrapado y erizado la piel como con este libro.\u2026","rel":"","context":"Entrada similar","img":{"alt_text":"","src":"https:\/\/i0.wp.com\/lenablau.com\/wp-content\/uploads\/2023\/05\/02.-Te-encontrare-en-el-silencio-sinopsis_Feed-copia-2-1024x1024.jpg?resize=350%2C200","width":350,"height":200},"classes":[]},{"id":1922,"url":"https:\/\/lenablau.com\/?page_id=1922","url_meta":{"origin":1583,"position":5},"title":"I tuit you","date":"junio 3, 2018","format":false,"excerpt":"\u00a0 \u00bfQu\u00e9 pasar\u00eda si ese actor que te derrite se fijara en ti? Olivia es una chica an\u00f3nima, luchadora y realista, que no se deja impresionar f\u00e1cilmente. Sus valores son firmes como una roca y se mantiene siempre fiel a s\u00ed misma. Un d\u00eda el famoso y guap\u00edsimo actor que\u2026","rel":"","context":"Entrada similar","img":{"alt_text":"","src":"https:\/\/i2.wp.com\/lenablau.com\/wp-content\/uploads\/2018\/06\/IMG_7238.jpg?fit=786%2C1200&ssl=1&resize=350%2C200","width":350,"height":200},"classes":[]}],"_links":{"self":[{"href":"https:\/\/lenablau.com\/index.php?rest_route=\/wp\/v2\/pages\/1583"}],"collection":[{"href":"https:\/\/lenablau.com\/index.php?rest_route=\/wp\/v2\/pages"}],"about":[{"href":"https:\/\/lenablau.com\/index.php?rest_route=\/wp\/v2\/types\/page"}],"author":[{"embeddable":true,"href":"https:\/\/lenablau.com\/index.php?rest_route=\/wp\/v2\/users\/1"}],"replies":[{"embeddable":true,"href":"https:\/\/lenablau.com\/index.php?rest_route=%2Fwp%2Fv2%2Fcomments&post=1583"}],"version-history":[{"count":39,"href":"https:\/\/lenablau.com\/index.php?rest_route=\/wp\/v2\/pages\/1583\/revisions"}],"predecessor-version":[{"id":1749,"href":"https:\/\/lenablau.com\/index.php?rest_route=\/wp\/v2\/pages\/1583\/revisions\/1749"}],"wp:attachment":[{"href":"https:\/\/lenablau.com\/index.php?rest_route=%2Fwp%2Fv2%2Fmedia&parent=1583"}],"curies":[{"name":"wp","href":"https:\/\/api.w.org\/{rel}","templated":true}]}}