{"id":1572,"date":"2018-05-23T12:07:05","date_gmt":"2018-05-23T12:07:05","guid":{"rendered":"http:\/\/lenablau.com\/?page_id=1572"},"modified":"2018-05-27T19:44:19","modified_gmt":"2018-05-27T19:44:19","slug":"resenas-de-booktubers","status":"publish","type":"page","link":"https:\/\/lenablau.com\/?page_id=1572","title":{"rendered":"Rese\u00f1as de booktubers"},"content":{"rendered":"<p>Cada vez son m\u00e1s habituales los canales de Youtube en los que se habla de literatura. Estos devoradores de libros, llamados booktubers, hacen cr\u00edticas muy visuales, amenas y din\u00e1micas sobre sus lecturas. He tenido la suerte de que varios de los canales m\u00e1s populares en esta tem\u00e1tica se hayan fijado en mis novelas y hayan hablado de ellas con mucho entusiasmo \ud83d\ude42<\/p>\n<p>Aqu\u00ed os dejo algunos de esos v\u00eddeos:<\/p>\n<p><span class=\"embed-youtube\" style=\"text-align:center; display: block;\"><iframe loading=\"lazy\" class=\"youtube-player\" width=\"790\" height=\"445\" src=\"https:\/\/www.youtube.com\/embed\/ilmJ9XcOPSE?version=3&#038;rel=1&#038;showsearch=0&#038;showinfo=1&#038;iv_load_policy=1&#038;fs=1&#038;hl=es-ES&#038;autohide=2&#038;wmode=transparent\" allowfullscreen=\"true\" style=\"border:0;\" sandbox=\"allow-scripts allow-same-origin allow-popups allow-presentation\"><\/iframe><\/span><\/p>\n<p>&nbsp;<\/p>\n<p><span class=\"embed-youtube\" style=\"text-align:center; display: block;\"><iframe loading=\"lazy\" class=\"youtube-player\" width=\"790\" height=\"445\" src=\"https:\/\/www.youtube.com\/embed\/xw_ytfE4eqI?version=3&#038;rel=1&#038;showsearch=0&#038;showinfo=1&#038;iv_load_policy=1&#038;fs=1&#038;hl=es-ES&#038;autohide=2&#038;wmode=transparent\" allowfullscreen=\"true\" style=\"border:0;\" sandbox=\"allow-scripts allow-same-origin allow-popups allow-presentation\"><\/iframe><\/span><\/p>\n<p><span class=\"embed-youtube\" style=\"text-align:center; display: block;\"><iframe loading=\"lazy\" class=\"youtube-player\" width=\"790\" height=\"445\" src=\"https:\/\/www.youtube.com\/embed\/qlB0bv-RMfA?version=3&#038;rel=1&#038;showsearch=0&#038;showinfo=1&#038;iv_load_policy=1&#038;fs=1&#038;hl=es-ES&#038;autohide=2&#038;wmode=transparent\" allowfullscreen=\"true\" style=\"border:0;\" sandbox=\"allow-scripts allow-same-origin allow-popups allow-presentation\"><\/iframe><\/span><\/p>\n<p><span class=\"embed-youtube\" style=\"text-align:center; display: block;\"><iframe loading=\"lazy\" class=\"youtube-player\" width=\"790\" height=\"445\" src=\"https:\/\/www.youtube.com\/embed\/xw16SlaFH70?version=3&#038;rel=1&#038;showsearch=0&#038;showinfo=1&#038;iv_load_policy=1&#038;fs=1&#038;hl=es-ES&#038;autohide=2&#038;wmode=transparent\" allowfullscreen=\"true\" style=\"border:0;\" sandbox=\"allow-scripts allow-same-origin allow-popups allow-presentation\"><\/iframe><\/span><\/p>\n","protected":false},"excerpt":{"rendered":"<p>Cada vez son m\u00e1s habituales los canales de Youtube en los que se habla de literatura. Estos devoradores de libros, llamados booktubers, hacen cr\u00edticas muy visuales, amenas y din\u00e1micas sobre sus lecturas. He tenido la suerte de que varios de los canales m\u00e1s populares en esta tem\u00e1tica se hayan fijado en mis novelas y hayan&hellip; <\/p>\n","protected":false},"author":1,"featured_media":0,"parent":1432,"menu_order":0,"comment_status":"closed","ping_status":"closed","template":"","meta":{"spay_email":""},"jetpack_sharing_enabled":true,"jetpack_shortlink":"https:\/\/wp.me\/P9WDl5-pm","jetpack-related-posts":[{"id":1432,"url":"https:\/\/lenablau.com\/?page_id=1432","url_meta":{"origin":1572,"position":0},"title":"Entrevistas y +","date":"mayo 21, 2018","format":false,"excerpt":"En esta secci\u00f3n os dejo una serie de links a entrevistas y rese\u00f1as sobre mis libros. La entrevista m\u00e1s reciente ha sido para Kreatanautas, un programa muy chulo de un canal de YouTube donde me lo pas\u00e9 bomba. Con ellos tuve la oportunidad de repasar mi trayectoria como escritora y\u2026","rel":"","context":"Entrada similar","img":{"alt_text":"","src":"https:\/\/i0.wp.com\/img.youtube.com\/vi\/ix2-fTJNsSs\/0.jpg?resize=350%2C200","width":350,"height":200},"classes":[]},{"id":1195,"url":"https:\/\/lenablau.com\/?page_id=1195","url_meta":{"origin":1572,"position":1},"title":"Traici\u00f3n (Aevum 2)","date":"diciembre 23, 2016","format":false,"excerpt":"\u00a0 \u00a0 Despu\u00e9s de haber descubierto qui\u00e9n es realmente, Daniela se est\u00e1 acostumbrando a ser una aevum sin la ayuda de Axel y los dem\u00e1s. Obligada a mantenerse alejada del peligro, permanece en Nueva Orleans, donde ella y su familia por ahora est\u00e1n a salvo de los numerosos enemigos de\u2026","rel":"","context":"Entrada similar","img":{"alt_text":"","src":"https:\/\/i1.wp.com\/lenablau.com\/wp-content\/uploads\/2020\/12\/PORTADA-TRAICION-KINDLE-72DPI-RGB.jpg?fit=750%2C1200&ssl=1&resize=350%2C200","width":350,"height":200},"classes":[]},{"id":2148,"url":"https:\/\/lenablau.com\/?page_id=2148","url_meta":{"origin":1572,"position":2},"title":"Aevum","date":"diciembre 6, 2020","format":false,"excerpt":"\u00a0 Un secreto. Un amor prohibido. Una atracci\u00f3n inevitable. Daniela ha vuelto a Nueva Orleans para cumplir un sue\u00f1o que tiene pendiente. All\u00ed vivi\u00f3 un doloroso episodio cuando era una ni\u00f1a, pero ha llegado el momento de reencontrarse con sus ra\u00edces y olvidar el pasado. Lo \u00faltimo que entra en\u2026","rel":"","context":"Entrada similar","img":{"alt_text":"","src":"https:\/\/i0.wp.com\/lenablau.com\/wp-content\/uploads\/2020\/12\/PORTADA-AEVUM-KINDLE_RGB-72DPI.jpg?fit=750%2C1200&ssl=1&resize=350%2C200","width":350,"height":200},"classes":[]},{"id":2153,"url":"https:\/\/lenablau.com\/?page_id=2153","url_meta":{"origin":1572,"position":3},"title":"La canci\u00f3n n\u00famero 7","date":"diciembre 6, 2020","format":false,"excerpt":"DESCUBRE LA NOVELA FAVORITA DE LOS QUE SE ATREVEN A SENTIR. \u00abUn libro que me llen\u00f3 el alma.. Me hizo re\u00edr, llorar y sentir mariposas en el est\u00f3mago. \u00a1Absolutamente inolvidable!\u00bb \u00ab\u00a1La historia rom\u00e1ntica m\u00e1s adictiva y emocionante que he le\u00eddo en mucho tiempo! Llega directa al coraz\u00f3n y sus personajes\u2026","rel":"","context":"Entrada similar","img":{"alt_text":"","src":"https:\/\/i2.wp.com\/lenablau.com\/wp-content\/uploads\/2021\/07\/portada-ebook-lcn7-2021-2-683x1024.jpg?resize=350%2C200","width":350,"height":200},"classes":[]},{"id":2374,"url":"https:\/\/lenablau.com\/?page_id=2374","url_meta":{"origin":1572,"position":4},"title":"Te encontrar\u00e9 en el silencio","date":"mayo 23, 2023","format":false,"excerpt":"Ya ten\u00e9is disponible mi nueva novela\u00a0en librer\u00edas y en todas las plataformas digitales. \u00a1Espero que os anim\u00e9is a descubrir lo que se esconde entre sus p\u00e1ginas! \u00a0 LAS LECTORAS QUE YA LO HAN LE\u00cdDO HAN DICHO: \u00abNunca el silencio me hab\u00eda atrapado y erizado la piel como con este libro.\u2026","rel":"","context":"Entrada similar","img":{"alt_text":"","src":"https:\/\/i0.wp.com\/lenablau.com\/wp-content\/uploads\/2023\/05\/02.-Te-encontrare-en-el-silencio-sinopsis_Feed-copia-2-1024x1024.jpg?resize=350%2C200","width":350,"height":200},"classes":[]},{"id":1763,"url":"https:\/\/lenablau.com\/?page_id=1763","url_meta":{"origin":1572,"position":5},"title":"Cookies","date":"mayo 26, 2018","format":false,"excerpt":"\u00a0 Utilizamos cookies para facilitar el uso de nuestra p\u00e1gina web. Las cookies son peque\u00f1os ficheros de informaci\u00f3n que nos permiten comparar y entender c\u00f3mo nuestros usuarios navegan a trav\u00e9s de nuestra p\u00e1gina web, y de esta manera poder mejorar consecuentemente el proceso de navegaci\u00f3n. Las cookies que utilizamos no\u2026","rel":"","context":"Entrada similar","img":{"alt_text":"","src":"","width":0,"height":0},"classes":[]}],"_links":{"self":[{"href":"https:\/\/lenablau.com\/index.php?rest_route=\/wp\/v2\/pages\/1572"}],"collection":[{"href":"https:\/\/lenablau.com\/index.php?rest_route=\/wp\/v2\/pages"}],"about":[{"href":"https:\/\/lenablau.com\/index.php?rest_route=\/wp\/v2\/types\/page"}],"author":[{"embeddable":true,"href":"https:\/\/lenablau.com\/index.php?rest_route=\/wp\/v2\/users\/1"}],"replies":[{"embeddable":true,"href":"https:\/\/lenablau.com\/index.php?rest_route=%2Fwp%2Fv2%2Fcomments&post=1572"}],"version-history":[{"count":7,"href":"https:\/\/lenablau.com\/index.php?rest_route=\/wp\/v2\/pages\/1572\/revisions"}],"predecessor-version":[{"id":1890,"href":"https:\/\/lenablau.com\/index.php?rest_route=\/wp\/v2\/pages\/1572\/revisions\/1890"}],"up":[{"embeddable":true,"href":"https:\/\/lenablau.com\/index.php?rest_route=\/wp\/v2\/pages\/1432"}],"wp:attachment":[{"href":"https:\/\/lenablau.com\/index.php?rest_route=%2Fwp%2Fv2%2Fmedia&parent=1572"}],"curies":[{"name":"wp","href":"https:\/\/api.w.org\/{rel}","templated":true}]}}