{"id":1281,"date":"2018-05-18T11:59:49","date_gmt":"2018-05-18T11:59:49","guid":{"rendered":"http:\/\/lenablau.com\/?page_id=1281"},"modified":"2025-02-18T19:30:24","modified_gmt":"2025-02-18T19:30:24","slug":"novelas-2","status":"publish","type":"page","link":"https:\/\/lenablau.com\/?page_id=1281","title":{"rendered":"Novelas"},"content":{"rendered":"<p>Aqu\u00ed encontrar\u00e9is <strong>historias\u00a0para corazones valientes. Algunas son rom\u00e1nticas,<\/strong>\u00a0muy reales y cercanas, y otras est\u00e1n llenas de\u00a0<strong>aventuras con un toque fantasy<\/strong> que os seducir\u00e1n, retar\u00e1n a vuestra imaginaci\u00f3n y jugar\u00e1n con lo imposible.<\/p>\n<p>Todas ellas tienen algo en com\u00fan: \u00a1os har\u00e1n sentir a tope y os dar\u00e1n alas para volar!<\/p>\n<p><strong>Os invito a descubrirlas \ud83d\ude09<\/strong><\/p>\n<p><a href=\"https:\/\/lenablau.com\/?page_id=2374\"><img data-attachment-id=\"2384\" data-permalink=\"https:\/\/lenablau.com\/?attachment_id=2384\" data-orig-file=\"https:\/\/i2.wp.com\/lenablau.com\/wp-content\/uploads\/2023\/05\/IMG_3543.jpg?fit=940%2C1462&amp;ssl=1\" data-orig-size=\"940,1462\" data-comments-opened=\"1\" data-image-meta=\"{&quot;aperture&quot;:&quot;0&quot;,&quot;credit&quot;:&quot;&quot;,&quot;camera&quot;:&quot;&quot;,&quot;caption&quot;:&quot;&quot;,&quot;created_timestamp&quot;:&quot;0&quot;,&quot;copyright&quot;:&quot;&quot;,&quot;focal_length&quot;:&quot;0&quot;,&quot;iso&quot;:&quot;0&quot;,&quot;shutter_speed&quot;:&quot;0&quot;,&quot;title&quot;:&quot;&quot;,&quot;orientation&quot;:&quot;1&quot;}\" data-image-title=\"IMG_3543\" data-image-description=\"\" data-image-caption=\"\" data-medium-file=\"https:\/\/i2.wp.com\/lenablau.com\/wp-content\/uploads\/2023\/05\/IMG_3543.jpg?fit=193%2C300&amp;ssl=1\" data-large-file=\"https:\/\/i2.wp.com\/lenablau.com\/wp-content\/uploads\/2023\/05\/IMG_3543.jpg?fit=658%2C1024&amp;ssl=1\" loading=\"lazy\" class=\"aligncenter wp-image-2384\" src=\"https:\/\/i2.wp.com\/lenablau.com\/wp-content\/uploads\/2023\/05\/IMG_3543.jpg?resize=206%2C321\" alt=\"\" width=\"206\" height=\"321\" srcset=\"https:\/\/i2.wp.com\/lenablau.com\/wp-content\/uploads\/2023\/05\/IMG_3543.jpg?resize=658%2C1024&amp;ssl=1 658w, https:\/\/i2.wp.com\/lenablau.com\/wp-content\/uploads\/2023\/05\/IMG_3543.jpg?resize=193%2C300&amp;ssl=1 193w, https:\/\/i2.wp.com\/lenablau.com\/wp-content\/uploads\/2023\/05\/IMG_3543.jpg?resize=768%2C1194&amp;ssl=1 768w, https:\/\/i2.wp.com\/lenablau.com\/wp-content\/uploads\/2023\/05\/IMG_3543.jpg?w=940&amp;ssl=1 940w\" sizes=\"(max-width: 206px) 100vw, 206px\" data-recalc-dims=\"1\" \/><\/a><\/p>\n<p>&nbsp;<\/p>\n<p><a href=\"http:\/\/lenablau.com\/?page_id=1922\"><img data-attachment-id=\"1923\" data-permalink=\"https:\/\/lenablau.com\/?attachment_id=1923\" data-orig-file=\"https:\/\/i2.wp.com\/lenablau.com\/wp-content\/uploads\/2018\/06\/IMG_7238.jpg?fit=1094%2C1671&amp;ssl=1\" data-orig-size=\"1094,1671\" data-comments-opened=\"1\" data-image-meta=\"{&quot;aperture&quot;:&quot;0&quot;,&quot;credit&quot;:&quot;&quot;,&quot;camera&quot;:&quot;&quot;,&quot;caption&quot;:&quot;&quot;,&quot;created_timestamp&quot;:&quot;0&quot;,&quot;copyright&quot;:&quot;&quot;,&quot;focal_length&quot;:&quot;0&quot;,&quot;iso&quot;:&quot;0&quot;,&quot;shutter_speed&quot;:&quot;0&quot;,&quot;title&quot;:&quot;&quot;,&quot;orientation&quot;:&quot;1&quot;}\" data-image-title=\"IMG_7238\" data-image-description=\"\" data-image-caption=\"\" data-medium-file=\"https:\/\/i2.wp.com\/lenablau.com\/wp-content\/uploads\/2018\/06\/IMG_7238.jpg?fit=196%2C300&amp;ssl=1\" data-large-file=\"https:\/\/i2.wp.com\/lenablau.com\/wp-content\/uploads\/2018\/06\/IMG_7238.jpg?fit=670%2C1024&amp;ssl=1\" loading=\"lazy\" class=\"aligncenter wp-image-1923 size-medium\" src=\"https:\/\/i2.wp.com\/lenablau.com\/wp-content\/uploads\/2018\/06\/IMG_7238.jpg?resize=196%2C300\" alt=\"\" width=\"196\" height=\"300\" srcset=\"https:\/\/i2.wp.com\/lenablau.com\/wp-content\/uploads\/2018\/06\/IMG_7238.jpg?resize=196%2C300&amp;ssl=1 196w, https:\/\/i2.wp.com\/lenablau.com\/wp-content\/uploads\/2018\/06\/IMG_7238.jpg?resize=768%2C1173&amp;ssl=1 768w, https:\/\/i2.wp.com\/lenablau.com\/wp-content\/uploads\/2018\/06\/IMG_7238.jpg?resize=670%2C1024&amp;ssl=1 670w, https:\/\/i2.wp.com\/lenablau.com\/wp-content\/uploads\/2018\/06\/IMG_7238.jpg?w=1094&amp;ssl=1 1094w\" sizes=\"(max-width: 196px) 100vw, 196px\" data-recalc-dims=\"1\" \/><\/a><\/p>\n<p>&nbsp;<\/p>\n<p><a href=\"http:\/\/lenablau.com\/?page_id=2153\"><img data-attachment-id=\"2235\" data-permalink=\"https:\/\/lenablau.com\/?attachment_id=2235\" data-orig-file=\"https:\/\/i2.wp.com\/lenablau.com\/wp-content\/uploads\/2021\/07\/portada-ebook-lcn7-2021-2.jpg?fit=900%2C1350&amp;ssl=1\" data-orig-size=\"900,1350\" data-comments-opened=\"1\" data-image-meta=\"{&quot;aperture&quot;:&quot;0&quot;,&quot;credit&quot;:&quot;&quot;,&quot;camera&quot;:&quot;&quot;,&quot;caption&quot;:&quot;&quot;,&quot;created_timestamp&quot;:&quot;0&quot;,&quot;copyright&quot;:&quot;&quot;,&quot;focal_length&quot;:&quot;0&quot;,&quot;iso&quot;:&quot;0&quot;,&quot;shutter_speed&quot;:&quot;0&quot;,&quot;title&quot;:&quot;&quot;,&quot;orientation&quot;:&quot;0&quot;}\" data-image-title=\"portada ebook lcn7 2021\" data-image-description=\"\" data-image-caption=\"\" data-medium-file=\"https:\/\/i2.wp.com\/lenablau.com\/wp-content\/uploads\/2021\/07\/portada-ebook-lcn7-2021-2.jpg?fit=200%2C300&amp;ssl=1\" data-large-file=\"https:\/\/i2.wp.com\/lenablau.com\/wp-content\/uploads\/2021\/07\/portada-ebook-lcn7-2021-2.jpg?fit=683%2C1024&amp;ssl=1\" loading=\"lazy\" class=\"aligncenter wp-image-2235 size-medium\" src=\"https:\/\/i2.wp.com\/lenablau.com\/wp-content\/uploads\/2021\/07\/portada-ebook-lcn7-2021-2.jpg?resize=200%2C300\" alt=\"\" width=\"200\" height=\"300\" srcset=\"https:\/\/i2.wp.com\/lenablau.com\/wp-content\/uploads\/2021\/07\/portada-ebook-lcn7-2021-2.jpg?resize=200%2C300&amp;ssl=1 200w, https:\/\/i2.wp.com\/lenablau.com\/wp-content\/uploads\/2021\/07\/portada-ebook-lcn7-2021-2.jpg?resize=768%2C1152&amp;ssl=1 768w, https:\/\/i2.wp.com\/lenablau.com\/wp-content\/uploads\/2021\/07\/portada-ebook-lcn7-2021-2.jpg?resize=683%2C1024&amp;ssl=1 683w, https:\/\/i2.wp.com\/lenablau.com\/wp-content\/uploads\/2021\/07\/portada-ebook-lcn7-2021-2.jpg?w=900&amp;ssl=1 900w\" sizes=\"(max-width: 200px) 100vw, 200px\" data-recalc-dims=\"1\" \/><\/a><\/p>\n<p>&nbsp;<\/p>\n<p><a href=\"http:\/\/lenablau.com\/?page_id=2148\"><img data-attachment-id=\"2109\" data-permalink=\"https:\/\/lenablau.com\/?attachment_id=2109\" data-orig-file=\"https:\/\/i0.wp.com\/lenablau.com\/wp-content\/uploads\/2020\/12\/PORTADA-AEVUM-KINDLE_RGB-72DPI.jpg?fit=1600%2C2560&amp;ssl=1\" data-orig-size=\"1600,2560\" data-comments-opened=\"1\" data-image-meta=\"{&quot;aperture&quot;:&quot;0&quot;,&quot;credit&quot;:&quot;&quot;,&quot;camera&quot;:&quot;&quot;,&quot;caption&quot;:&quot;&quot;,&quot;created_timestamp&quot;:&quot;0&quot;,&quot;copyright&quot;:&quot;&quot;,&quot;focal_length&quot;:&quot;0&quot;,&quot;iso&quot;:&quot;0&quot;,&quot;shutter_speed&quot;:&quot;0&quot;,&quot;title&quot;:&quot;&quot;,&quot;orientation&quot;:&quot;0&quot;}\" data-image-title=\"&#8211; PORTADA AEVUM KINDLE_RGB 72DPI\" data-image-description=\"\" data-image-caption=\"\" data-medium-file=\"https:\/\/i0.wp.com\/lenablau.com\/wp-content\/uploads\/2020\/12\/PORTADA-AEVUM-KINDLE_RGB-72DPI.jpg?fit=188%2C300&amp;ssl=1\" data-large-file=\"https:\/\/i0.wp.com\/lenablau.com\/wp-content\/uploads\/2020\/12\/PORTADA-AEVUM-KINDLE_RGB-72DPI.jpg?fit=640%2C1024&amp;ssl=1\" loading=\"lazy\" class=\"aligncenter wp-image-2109\" src=\"https:\/\/i0.wp.com\/lenablau.com\/wp-content\/uploads\/2020\/12\/PORTADA-AEVUM-KINDLE_RGB-72DPI.jpg?resize=199%2C318\" alt=\"\" width=\"199\" height=\"318\" srcset=\"https:\/\/i0.wp.com\/lenablau.com\/wp-content\/uploads\/2020\/12\/PORTADA-AEVUM-KINDLE_RGB-72DPI.jpg?resize=188%2C300&amp;ssl=1 188w, https:\/\/i0.wp.com\/lenablau.com\/wp-content\/uploads\/2020\/12\/PORTADA-AEVUM-KINDLE_RGB-72DPI.jpg?resize=768%2C1229&amp;ssl=1 768w, https:\/\/i0.wp.com\/lenablau.com\/wp-content\/uploads\/2020\/12\/PORTADA-AEVUM-KINDLE_RGB-72DPI.jpg?resize=640%2C1024&amp;ssl=1 640w, https:\/\/i0.wp.com\/lenablau.com\/wp-content\/uploads\/2020\/12\/PORTADA-AEVUM-KINDLE_RGB-72DPI.jpg?w=1600&amp;ssl=1 1600w\" sizes=\"(max-width: 199px) 100vw, 199px\" data-recalc-dims=\"1\" \/><\/a><\/p>\n<p>&nbsp;<\/p>\n<p><a href=\"http:\/\/lenablau.com\/?page_id=1195\"><img data-attachment-id=\"2112\" data-permalink=\"https:\/\/lenablau.com\/?attachment_id=2112\" data-orig-file=\"https:\/\/i1.wp.com\/lenablau.com\/wp-content\/uploads\/2020\/12\/PORTADA-TRAICION-KINDLE-72DPI-RGB.jpg?fit=1601%2C2561&amp;ssl=1\" data-orig-size=\"1601,2561\" data-comments-opened=\"1\" data-image-meta=\"{&quot;aperture&quot;:&quot;0&quot;,&quot;credit&quot;:&quot;&quot;,&quot;camera&quot;:&quot;&quot;,&quot;caption&quot;:&quot;&quot;,&quot;created_timestamp&quot;:&quot;0&quot;,&quot;copyright&quot;:&quot;&quot;,&quot;focal_length&quot;:&quot;0&quot;,&quot;iso&quot;:&quot;0&quot;,&quot;shutter_speed&quot;:&quot;0&quot;,&quot;title&quot;:&quot;&quot;,&quot;orientation&quot;:&quot;0&quot;}\" data-image-title=\"&#8211; PORTADA TRAICION KINDLE 72DPI-RGB\" data-image-description=\"\" data-image-caption=\"\" data-medium-file=\"https:\/\/i1.wp.com\/lenablau.com\/wp-content\/uploads\/2020\/12\/PORTADA-TRAICION-KINDLE-72DPI-RGB.jpg?fit=188%2C300&amp;ssl=1\" data-large-file=\"https:\/\/i1.wp.com\/lenablau.com\/wp-content\/uploads\/2020\/12\/PORTADA-TRAICION-KINDLE-72DPI-RGB.jpg?fit=640%2C1024&amp;ssl=1\" loading=\"lazy\" class=\"aligncenter wp-image-2112 \" src=\"https:\/\/i1.wp.com\/lenablau.com\/wp-content\/uploads\/2020\/12\/PORTADA-TRAICION-KINDLE-72DPI-RGB.jpg?resize=200%2C319\" alt=\"\" width=\"200\" height=\"319\" srcset=\"https:\/\/i1.wp.com\/lenablau.com\/wp-content\/uploads\/2020\/12\/PORTADA-TRAICION-KINDLE-72DPI-RGB.jpg?resize=188%2C300&amp;ssl=1 188w, https:\/\/i1.wp.com\/lenablau.com\/wp-content\/uploads\/2020\/12\/PORTADA-TRAICION-KINDLE-72DPI-RGB.jpg?resize=768%2C1229&amp;ssl=1 768w, https:\/\/i1.wp.com\/lenablau.com\/wp-content\/uploads\/2020\/12\/PORTADA-TRAICION-KINDLE-72DPI-RGB.jpg?resize=640%2C1024&amp;ssl=1 640w, https:\/\/i1.wp.com\/lenablau.com\/wp-content\/uploads\/2020\/12\/PORTADA-TRAICION-KINDLE-72DPI-RGB.jpg?w=1601&amp;ssl=1 1601w\" sizes=\"(max-width: 200px) 100vw, 200px\" data-recalc-dims=\"1\" \/><\/a><\/p>\n<p>&nbsp;<\/p>\n","protected":false},"excerpt":{"rendered":"<p>Aqu\u00ed encontrar\u00e9is historias\u00a0para corazones valientes. Algunas son rom\u00e1nticas,\u00a0muy reales y cercanas, y otras est\u00e1n llenas de\u00a0aventuras con un toque fantasy que os seducir\u00e1n, retar\u00e1n a vuestra imaginaci\u00f3n y jugar\u00e1n con lo imposible. Todas ellas tienen algo en com\u00fan: \u00a1os har\u00e1n sentir a tope y os dar\u00e1n alas para volar! Os invito a descubrirlas \ud83d\ude09 &nbsp;&hellip; <\/p>\n","protected":false},"author":1,"featured_media":0,"parent":0,"menu_order":1,"comment_status":"closed","ping_status":"closed","template":"","meta":{"spay_email":""},"jetpack_sharing_enabled":true,"jetpack_shortlink":"https:\/\/wp.me\/P9WDl5-kF","jetpack-related-posts":[{"id":1432,"url":"https:\/\/lenablau.com\/?page_id=1432","url_meta":{"origin":1281,"position":0},"title":"Entrevistas y +","date":"mayo 21, 2018","format":false,"excerpt":"En esta secci\u00f3n os dejo una serie de links a entrevistas y rese\u00f1as sobre mis libros. La entrevista m\u00e1s reciente ha sido para Kreatanautas, un programa muy chulo de un canal de YouTube donde me lo pas\u00e9 bomba. Con ellos tuve la oportunidad de repasar mi trayectoria como escritora y\u2026","rel":"","context":"Entrada similar","img":{"alt_text":"","src":"https:\/\/i0.wp.com\/img.youtube.com\/vi\/ix2-fTJNsSs\/0.jpg?resize=350%2C200","width":350,"height":200},"classes":[]},{"id":2259,"url":"https:\/\/lenablau.com\/?page_id=2259","url_meta":{"origin":1281,"position":1},"title":"Oferta \u00abI Tuit You\u00bb","date":"noviembre 30, 2021","format":false,"excerpt":"\u00bfQuieres recibir esta novela en papel, dedicada con todo el cari\u00f1o por su autora? Ahora puedes pedirme I Tuit You en tapa blanda y dedicado personalmente. Es un regalo que os quiero hacer a todos los que no hab\u00e9is le\u00eddo a\u00fan esta historia o sois fans de Olivia y Adri\u00e1n\u2026","rel":"","context":"Entrada similar","img":{"alt_text":"","src":"https:\/\/i0.wp.com\/lenablau.com\/wp-content\/uploads\/2021\/11\/IMG_7512-1-768x1024.jpg?resize=350%2C200","width":350,"height":200},"classes":[]},{"id":1922,"url":"https:\/\/lenablau.com\/?page_id=1922","url_meta":{"origin":1281,"position":2},"title":"I tuit you","date":"junio 3, 2018","format":false,"excerpt":"\u00a0 \u00bfQu\u00e9 pasar\u00eda si ese actor que te derrite se fijara en ti? Olivia es una chica an\u00f3nima, luchadora y realista, que no se deja impresionar f\u00e1cilmente. Sus valores son firmes como una roca y se mantiene siempre fiel a s\u00ed misma. Un d\u00eda el famoso y guap\u00edsimo actor que\u2026","rel":"","context":"Entrada similar","img":{"alt_text":"","src":"https:\/\/i2.wp.com\/lenablau.com\/wp-content\/uploads\/2018\/06\/IMG_7238.jpg?fit=786%2C1200&ssl=1&resize=350%2C200","width":350,"height":200},"classes":[]},{"id":1557,"url":"https:\/\/lenablau.com\/?page_id=1557","url_meta":{"origin":1281,"position":3},"title":"Rese\u00f1as","date":"mayo 23, 2018","format":false,"excerpt":"Aqu\u00ed os dejo una selecci\u00f3n de rese\u00f1as de mis novelas: LA CANCI\u00d3N N\u00daMERO 7 Rese\u00f1a en el portal de ocio y cultura \u201cMelod\u00edas por escrito\" Rese\u00f1a en \"Lectura adictiva\" Rese\u00f1a en \"Amor y palabras\" Rese\u00f1a en \"La f\u00e1brica de letras\" Rese\u00f1a en \"Mi vida en hojas de papel\" Rese\u00f1a en\u2026","rel":"","context":"Entrada similar","img":{"alt_text":"","src":"","width":0,"height":0},"classes":[]},{"id":2374,"url":"https:\/\/lenablau.com\/?page_id=2374","url_meta":{"origin":1281,"position":4},"title":"Te encontrar\u00e9 en el silencio","date":"mayo 23, 2023","format":false,"excerpt":"Ya ten\u00e9is disponible mi nueva novela\u00a0en librer\u00edas y en todas las plataformas digitales. \u00a1Espero que os anim\u00e9is a descubrir lo que se esconde entre sus p\u00e1ginas! \u00a0 LAS LECTORAS QUE YA LO HAN LE\u00cdDO HAN DICHO: \u00abNunca el silencio me hab\u00eda atrapado y erizado la piel como con este libro.\u2026","rel":"","context":"Entrada similar","img":{"alt_text":"","src":"https:\/\/i0.wp.com\/lenablau.com\/wp-content\/uploads\/2023\/05\/02.-Te-encontrare-en-el-silencio-sinopsis_Feed-copia-2-1024x1024.jpg?resize=350%2C200","width":350,"height":200},"classes":[]},{"id":1572,"url":"https:\/\/lenablau.com\/?page_id=1572","url_meta":{"origin":1281,"position":5},"title":"Rese\u00f1as de booktubers","date":"mayo 23, 2018","format":false,"excerpt":"Cada vez son m\u00e1s habituales los canales de Youtube en los que se habla de literatura. Estos devoradores de libros, llamados booktubers, hacen cr\u00edticas muy visuales, amenas y din\u00e1micas sobre sus lecturas. He tenido la suerte de que varios de los canales m\u00e1s populares en esta tem\u00e1tica se hayan fijado\u2026","rel":"","context":"Entrada similar","img":{"alt_text":"","src":"https:\/\/i2.wp.com\/img.youtube.com\/vi\/ilmJ9XcOPSE\/0.jpg?resize=350%2C200","width":350,"height":200},"classes":[]}],"_links":{"self":[{"href":"https:\/\/lenablau.com\/index.php?rest_route=\/wp\/v2\/pages\/1281"}],"collection":[{"href":"https:\/\/lenablau.com\/index.php?rest_route=\/wp\/v2\/pages"}],"about":[{"href":"https:\/\/lenablau.com\/index.php?rest_route=\/wp\/v2\/types\/page"}],"author":[{"embeddable":true,"href":"https:\/\/lenablau.com\/index.php?rest_route=\/wp\/v2\/users\/1"}],"replies":[{"embeddable":true,"href":"https:\/\/lenablau.com\/index.php?rest_route=%2Fwp%2Fv2%2Fcomments&post=1281"}],"version-history":[{"count":44,"href":"https:\/\/lenablau.com\/index.php?rest_route=\/wp\/v2\/pages\/1281\/revisions"}],"predecessor-version":[{"id":2431,"href":"https:\/\/lenablau.com\/index.php?rest_route=\/wp\/v2\/pages\/1281\/revisions\/2431"}],"wp:attachment":[{"href":"https:\/\/lenablau.com\/index.php?rest_route=%2Fwp%2Fv2%2Fmedia&parent=1281"}],"curies":[{"name":"wp","href":"https:\/\/api.w.org\/{rel}","templated":true}]}}