{"id":1195,"date":"2016-12-23T11:03:18","date_gmt":"2016-12-23T11:03:18","guid":{"rendered":"https:\/\/lenablau.wordpress.com\/?page_id=1195"},"modified":"2020-12-02T14:13:08","modified_gmt":"2020-12-02T14:13:08","slug":"novela-traicion","status":"publish","type":"page","link":"https:\/\/lenablau.com\/?page_id=1195","title":{"rendered":"Traici\u00f3n (Aevum 2)"},"content":{"rendered":"<p>&nbsp;<\/p>\n<p><a href=\"https:\/\/www.amazon.es\/Traici\u00f3n-Bilog%C3%ADa-Aevum-n\u00ba-2-ebook\/dp\/B01MQYLLNL\/ref=pd_sim_351_1?_encoding=UTF8&amp;pd_rd_i=B01MQYLLNL&amp;pd_rd_r=df7e04ab-5dbd-11e8-9346-e3cfc0f239ab&amp;pd_rd_w=EYYoQ&amp;pd_rd_wg=elf8S&amp;pf_rd_i=desktop-dp-sims&amp;pf_rd_m=A1AT7YVPFBWXBL&amp;pf_rd_p=487331406966941006&amp;pf_rd_r=6TSR64HJX3MWZ1QHDZW8&amp;pf_rd_s=desktop-dp-sims&amp;pf_rd_t=40701&amp;psc=1&amp;refRID=6TSR64HJX3MWZ1QHDZW8\"><img data-attachment-id=\"2112\" data-permalink=\"https:\/\/lenablau.com\/?attachment_id=2112\" data-orig-file=\"https:\/\/i1.wp.com\/lenablau.com\/wp-content\/uploads\/2020\/12\/PORTADA-TRAICION-KINDLE-72DPI-RGB.jpg?fit=1601%2C2561&amp;ssl=1\" data-orig-size=\"1601,2561\" data-comments-opened=\"1\" data-image-meta=\"{&quot;aperture&quot;:&quot;0&quot;,&quot;credit&quot;:&quot;&quot;,&quot;camera&quot;:&quot;&quot;,&quot;caption&quot;:&quot;&quot;,&quot;created_timestamp&quot;:&quot;0&quot;,&quot;copyright&quot;:&quot;&quot;,&quot;focal_length&quot;:&quot;0&quot;,&quot;iso&quot;:&quot;0&quot;,&quot;shutter_speed&quot;:&quot;0&quot;,&quot;title&quot;:&quot;&quot;,&quot;orientation&quot;:&quot;0&quot;}\" data-image-title=\"&#8211; PORTADA TRAICION KINDLE 72DPI-RGB\" data-image-description=\"\" data-image-caption=\"\" data-medium-file=\"https:\/\/i1.wp.com\/lenablau.com\/wp-content\/uploads\/2020\/12\/PORTADA-TRAICION-KINDLE-72DPI-RGB.jpg?fit=188%2C300&amp;ssl=1\" data-large-file=\"https:\/\/i1.wp.com\/lenablau.com\/wp-content\/uploads\/2020\/12\/PORTADA-TRAICION-KINDLE-72DPI-RGB.jpg?fit=640%2C1024&amp;ssl=1\" loading=\"lazy\" class=\"aligncenter wp-image-2112 \" src=\"https:\/\/i1.wp.com\/lenablau.com\/wp-content\/uploads\/2020\/12\/PORTADA-TRAICION-KINDLE-72DPI-RGB.jpg?resize=377%2C606\" alt=\"\" width=\"377\" height=\"606\" srcset=\"https:\/\/i1.wp.com\/lenablau.com\/wp-content\/uploads\/2020\/12\/PORTADA-TRAICION-KINDLE-72DPI-RGB.jpg?zoom=2&amp;resize=377%2C606 754w, https:\/\/i1.wp.com\/lenablau.com\/wp-content\/uploads\/2020\/12\/PORTADA-TRAICION-KINDLE-72DPI-RGB.jpg?zoom=3&amp;resize=377%2C606 1131w\" sizes=\"(max-width: 377px) 100vw, 377px\" data-recalc-dims=\"1\" \/><\/a><\/p>\n<p>&nbsp;<\/p>\n<p style=\"text-align: center;\">Despu\u00e9s de haber descubierto qui\u00e9n es realmente, Daniela se est\u00e1 acostumbrando a ser una aevum sin la ayuda de Axel y los dem\u00e1s. Obligada a mantenerse alejada del peligro, permanece en Nueva Orleans, donde ella y su familia por ahora est\u00e1n a salvo de los numerosos enemigos de su padre.<br \/>\nPero no ser\u00e1 f\u00e1cil mantener la promesa de no salir del per\u00edmetro de seguridad. A su prima Jenna le surge una oportunidad \u00fanica en Nueva York para su carrera como pianista de Swampsoul y, a pesar del enorme riesgo que eso supone, ambas deciden vivir esa aventura y dejan Nueva Orleans por unos d\u00edas.<br \/>\nLa Gran Manzana tendr\u00e1 sorpresas electrizantes para ambas, as\u00ed como peligros inesperados.<br \/>\n<strong> \u00bfConseguir\u00e1n mantenerse a salvo de sus enemigos, de la locura del amor y de la traici\u00f3n?<\/strong><\/p>\n<p>&nbsp;<\/p>\n<p style=\"text-align: center;\"><strong>LO QUE COMENTAN LOS LECTORES:<\/strong><\/p>\n<blockquote>\n<p style=\"text-align: center;\">Tan bueno como el primero, \u00a1este libro es muy adictivo!<br \/>\nUna historia extraordinaria en la cual te sumerges como si fuera real.<br \/>\nTotalmente recomendable.<br \/>\n\u00a1Enhorabuena, Lena!<\/p>\n<\/blockquote>\n<blockquote>\n<p style=\"text-align: center;\">Es una novela rom\u00e1ntica mezclada con acci\u00f3n y ciencia ficci\u00f3n. Me ha gustado m\u00e1s de lo que esperaba porque consigue engancharte y mantenerte en vilo hasta el final.<\/p>\n<\/blockquote>\n<blockquote>\n<p style=\"text-align: center;\">Mejor a\u00fan que la primera parte. Me encanta que lo haya escrito desde varios puntos de vista as\u00ed se aprecia mejor los sentimientos de cada personaje.<\/p>\n<\/blockquote>\n<p>&nbsp;<\/p>\n<p style=\"text-align: center;\"><strong><em>Traici\u00f3n<\/em><\/strong>\u00a0es la esperada continuaci\u00f3n de <em><strong>Aevum<\/strong><\/em>, uno de los libros de <strong>romance fant\u00e1stico mejor valorados en Amazon<\/strong>. La segunda parte de esta bilog\u00eda nos invita a vivir nuevas aventuras e intensas emociones. Daniela nos llevar\u00e1 de la mano una vez m\u00e1s, pero en esta ocasi\u00f3n Jenna y Lola tambi\u00e9n nos contar\u00e1n en primera persona sus experiencias, por lo que la historia se vuelve mucho m\u00e1s interesante. Sus diferentes puntos de vista nos dar\u00e1n una visi\u00f3n mucho m\u00e1s amplia y din\u00e1mica de todas las sorpresas que nos esperan. Lena Blau, tal y como ya hizo con Aevum, nos lanza un reto muy tentador.<\/p>\n<p style=\"text-align: center;\"><strong>\u00bfTe atreves a subirte a esta monta\u00f1a rusa de intrigas y emociones?\u00a0<\/strong><\/p>\n<p>&nbsp;<\/p>\n<p><strong><a href=\"https:\/\/leer.amazon.es\/kp\/embed?asin=B01MQYLLNL&amp;preview=newtab&amp;linkCode=kpe&amp;ref_=cm_sw_r_kb_dp_nz-RybENRABS6\" target=\"_blank\" rel=\"noopener\">Leer los primeros cap\u00edtulos<\/a><\/strong><\/p>\n<p><strong><a href=\"https:\/\/open.spotify.com\/user\/a6fte1zjv2fmx1z8nmpmsy1eg\/playlist\/67qycG94P63LRTZLPRHEu0?si=5tGHPO0qQE-bD_N3VfhBFA\" target=\"_blank\" rel=\"noopener\">Escucha la playlist en Spotify<\/a><\/strong><\/p>\n<p style=\"text-align: left;\"><strong><a href=\"https:\/\/www.amazon.es\/Traici\u00f3n-Bilog%C3%ADa-Aevum-Lena-Blau\/dp\/1541354184\/ref=tmm_pap_swatch_0?_encoding=UTF8&amp;qid=&amp;sr=\" target=\"_blank\" rel=\"noopener\">Comprar en Amazon en tapa blanda<\/a><\/strong><\/p>\n<p style=\"text-align: left;\"><strong><a href=\"https:\/\/www.amazon.es\/Traici\u00f3n-Bilog%C3%ADa-Aevum-n\u00ba-2-ebook\/dp\/B01MQYLLNL\/ref=tmm_kin_swatch_0?_encoding=UTF8&amp;qid=&amp;sr=\" target=\"_blank\" rel=\"noopener\">Comprar versi\u00f3n Kindle<\/a><\/strong><\/p>\n<p><strong><a href=\"http:\/\/lenablau.com\/?page_id=1281\">VOLVER A NOVELAS<\/a><\/strong><\/p>\n","protected":false},"excerpt":{"rendered":"<p>&nbsp; &nbsp; Despu\u00e9s de haber descubierto qui\u00e9n es realmente, Daniela se est\u00e1 acostumbrando a ser una aevum sin la ayuda de Axel y los dem\u00e1s. Obligada a mantenerse alejada del peligro, permanece en Nueva Orleans, donde ella y su familia por ahora est\u00e1n a salvo de los numerosos enemigos de su padre. Pero no ser\u00e1&hellip; <\/p>\n","protected":false},"author":1,"featured_media":2112,"parent":1281,"menu_order":3,"comment_status":"closed","ping_status":"closed","template":"","meta":{"spay_email":""},"jetpack_sharing_enabled":true,"jetpack_shortlink":"https:\/\/wp.me\/P9WDl5-jh","jetpack-related-posts":[{"id":2148,"url":"https:\/\/lenablau.com\/?page_id=2148","url_meta":{"origin":1195,"position":0},"title":"Aevum","date":"diciembre 6, 2020","format":false,"excerpt":"\u00a0 Un secreto. Un amor prohibido. Una atracci\u00f3n inevitable. Daniela ha vuelto a Nueva Orleans para cumplir un sue\u00f1o que tiene pendiente. All\u00ed vivi\u00f3 un doloroso episodio cuando era una ni\u00f1a, pero ha llegado el momento de reencontrarse con sus ra\u00edces y olvidar el pasado. Lo \u00faltimo que entra en\u2026","rel":"","context":"Entrada similar","img":{"alt_text":"","src":"https:\/\/i0.wp.com\/lenablau.com\/wp-content\/uploads\/2020\/12\/PORTADA-AEVUM-KINDLE_RGB-72DPI.jpg?fit=750%2C1200&ssl=1&resize=350%2C200","width":350,"height":200},"classes":[]},{"id":1751,"url":"https:\/\/lenablau.com\/?page_id=1751","url_meta":{"origin":1195,"position":1},"title":"Playlists","date":"mayo 25, 2018","format":false,"excerpt":"La m\u00fasica es, en mayor o menor medida, una parte muy importante de mis novelas, por lo que aqu\u00ed os dejo los links a las Playlists\u00a0que tengo en Spotify\u00a0con la banda sonora de cada uno de mis libros. \u00a1La experiencia de lectura ser\u00e1 mucho m\u00e1s completa si las escuch\u00e1is! La\u2026","rel":"","context":"Entrada similar","img":{"alt_text":"","src":"","width":0,"height":0},"classes":[]},{"id":1557,"url":"https:\/\/lenablau.com\/?page_id=1557","url_meta":{"origin":1195,"position":2},"title":"Rese\u00f1as","date":"mayo 23, 2018","format":false,"excerpt":"Aqu\u00ed os dejo una selecci\u00f3n de rese\u00f1as de mis novelas: LA CANCI\u00d3N N\u00daMERO 7 Rese\u00f1a en el portal de ocio y cultura \u201cMelod\u00edas por escrito\" Rese\u00f1a en \"Lectura adictiva\" Rese\u00f1a en \"Amor y palabras\" Rese\u00f1a en \"La f\u00e1brica de letras\" Rese\u00f1a en \"Mi vida en hojas de papel\" Rese\u00f1a en\u2026","rel":"","context":"Entrada similar","img":{"alt_text":"","src":"","width":0,"height":0},"classes":[]},{"id":1764,"url":"https:\/\/lenablau.com\/?page_id=1764","url_meta":{"origin":1195,"position":3},"title":"Pol\u00edtica de privacidad","date":"mayo 26, 2018","format":false,"excerpt":"Esta p\u00e1gina Web es propiedad de Lena Blau, seud\u00f3nimo de escritora de Nuria Ybarra Puig (en adelante EL TITULAR) con NIF\u00a0n\u00ba 51066825V y domicilio en AV. Qui\u00f1ones 12A, Bajo B. 28702-San Sebasti\u00e1n de los Reyes. Para cualquier consulta o propuesta, cont\u00e1ctenos en el e-mail:\u00a0viejaolivetti@gmail.com Esta p\u00e1gina Web se rige por\u2026","rel":"","context":"Entrada similar","img":{"alt_text":"","src":"","width":0,"height":0},"classes":[]},{"id":2259,"url":"https:\/\/lenablau.com\/?page_id=2259","url_meta":{"origin":1195,"position":4},"title":"Oferta \u00abI Tuit You\u00bb","date":"noviembre 30, 2021","format":false,"excerpt":"\u00bfQuieres recibir esta novela en papel, dedicada con todo el cari\u00f1o por su autora? Ahora puedes pedirme I Tuit You en tapa blanda y dedicado personalmente. Es un regalo que os quiero hacer a todos los que no hab\u00e9is le\u00eddo a\u00fan esta historia o sois fans de Olivia y Adri\u00e1n\u2026","rel":"","context":"Entrada similar","img":{"alt_text":"","src":"https:\/\/i0.wp.com\/lenablau.com\/wp-content\/uploads\/2021\/11\/IMG_7512-1-768x1024.jpg?resize=350%2C200","width":350,"height":200},"classes":[]},{"id":1922,"url":"https:\/\/lenablau.com\/?page_id=1922","url_meta":{"origin":1195,"position":5},"title":"I tuit you","date":"junio 3, 2018","format":false,"excerpt":"\u00a0 \u00bfQu\u00e9 pasar\u00eda si ese actor que te derrite se fijara en ti? Olivia es una chica an\u00f3nima, luchadora y realista, que no se deja impresionar f\u00e1cilmente. Sus valores son firmes como una roca y se mantiene siempre fiel a s\u00ed misma. Un d\u00eda el famoso y guap\u00edsimo actor que\u2026","rel":"","context":"Entrada similar","img":{"alt_text":"","src":"https:\/\/i2.wp.com\/lenablau.com\/wp-content\/uploads\/2018\/06\/IMG_7238.jpg?fit=786%2C1200&ssl=1&resize=350%2C200","width":350,"height":200},"classes":[]}],"_links":{"self":[{"href":"https:\/\/lenablau.com\/index.php?rest_route=\/wp\/v2\/pages\/1195"}],"collection":[{"href":"https:\/\/lenablau.com\/index.php?rest_route=\/wp\/v2\/pages"}],"about":[{"href":"https:\/\/lenablau.com\/index.php?rest_route=\/wp\/v2\/types\/page"}],"author":[{"embeddable":true,"href":"https:\/\/lenablau.com\/index.php?rest_route=\/wp\/v2\/users\/1"}],"replies":[{"embeddable":true,"href":"https:\/\/lenablau.com\/index.php?rest_route=%2Fwp%2Fv2%2Fcomments&post=1195"}],"version-history":[{"count":35,"href":"https:\/\/lenablau.com\/index.php?rest_route=\/wp\/v2\/pages\/1195\/revisions"}],"predecessor-version":[{"id":2116,"href":"https:\/\/lenablau.com\/index.php?rest_route=\/wp\/v2\/pages\/1195\/revisions\/2116"}],"up":[{"embeddable":true,"href":"https:\/\/lenablau.com\/index.php?rest_route=\/wp\/v2\/pages\/1281"}],"wp:featuredmedia":[{"embeddable":true,"href":"https:\/\/lenablau.com\/index.php?rest_route=\/wp\/v2\/media\/2112"}],"wp:attachment":[{"href":"https:\/\/lenablau.com\/index.php?rest_route=%2Fwp%2Fv2%2Fmedia&parent=1195"}],"curies":[{"name":"wp","href":"https:\/\/api.w.org\/{rel}","templated":true}]}}